{"id":118,"date":"2025-02-27T13:06:04","date_gmt":"2025-02-27T13:06:04","guid":{"rendered":"https:\/\/www.isaqb.org\/de\/?page_id=118"},"modified":"2026-04-09T10:34:08","modified_gmt":"2026-04-09T10:34:08","slug":"homepage","status":"publish","type":"page","link":"https:\/\/www.isaqb.org\/de\/","title":{"rendered":"Homepage"},"content":{"rendered":"\n<div class=\"wp-block-group alignfull has-navy-background-color has-background is-layout-constrained wp-block-group-is-layout-constrained\" style=\"margin-top:0;margin-bottom:0;padding-top:var(--wp--preset--spacing--lg);padding-bottom:var(--wp--preset--spacing--lg)\"><\/div>\n\n\n<div class=\"block-isaqb-contentbox box-left margin-overlap bg-no\">\r\n\t<div class=\"box-wrap\">\r\n\t\t\t\t<p class=\"box-title has-xl-font-size\">\r\n\t\t\tDas  International Software Architecture Qualification Board (iSAQB\u00ae)\t\t<\/p>\r\n\t\t\t\t\t\t<div class=\"box-content\">\r\n\t\t\t<p>Das iSAQB ist ein Zusammenschluss internationaler Fachexpert:innen. Die Non-<br \/>Profit-Organisation entwickelt technologische Standards und Zertifizierungen<br \/>im Bereich Softwarearchitektur.<\/p>\n<p>Als Inhaber des internationalen Zertifizierungssystems Certified<br \/>Professional for Software Architecture (CPSA\u00ae) f\u00fchrt das iSAOB<br \/>selbst keine Trainings oder Pr\u00fcfungen durch. Es legt jedoch Ausbildungs-<br \/>und Pr\u00fcfungsordnungen fest und akkreditiert Trainingsorganisationen<br \/>sowie unabh\u00e4ngige Zertifizierungsstellen.<\/p>\t\t<\/div>\r\n\t\t\t\t\t<\/div>\r\n<\/div>\n\n<div class=\"block-isaqb-contentbox block-isaqb-levelbox box-right margin-overlap bg-default\">\r\n\t<div class=\"box-wrap\">\r\n\t\t\t\t<p class=\"box-title has-xl-font-size\">\r\n\t\t\tEntdecken Sie unsere CPSA-Level\t\t<\/p>\r\n\t\t\t\t<div class=\"box-grid\">\r\n\t\t\t<div class=\"teaser-box\">\r\n\t\t\t\t<img decoding=\"async\" src=\"https:\/\/www.isaqb.org\/de\/wp-content\/themes\/isaqbtheme\/assets\/images\/cpsa-f.png\" alt=\"CPSA Foundation Level Logo\">\r\n\t\t\t\t<p class=\"cpsa-title has-xm-font-size\">Foundation Level<\/p>\r\n\t\t\t\t\t\t\t\t\t<p class=\"cpsa-content\">\r\n\t\t\t\t\t\tEinf\u00fchrung in die Softwarearchitektur mit einem hohen Praxisanteil\t\t\t\t\t<\/p>\r\n\t\t\t\t\t\t\t<\/div>\r\n\t\t\t<div class=\"teaser-box\">\r\n\t\t\t\t<img decoding=\"async\" src=\"https:\/\/www.isaqb.org\/de\/wp-content\/themes\/isaqbtheme\/assets\/images\/cpsa-a.png\" alt=\"CPSA Advanced Level Logo\">\r\n\t\t\t\t<p class=\"cpsa-title has-xm-font-size\">Advanced Level<\/p>\r\n\t\t\t\t\t\t\t\t\t<p class=\"cpsa-content\">\r\n\t\t\t\t\t\tF\u00fcr fortgeschrittene F\u00e4higkeiten in Technologie, Methodik und Kommunikation\t\t\t\t\t<\/p>\r\n\t\t\t\t\t\t\t<\/div>\r\n\t\t<\/div>\r\n\t\t\t\t\t<p class=\"box-link\">\r\n\t\t\t\t\t\t\t\t<a href=\"https:\/\/www.isaqb.org\/de\/zertifizierungen\/zertifizierungen-uebersicht\/\" class=\"isaqb-button isaqb-teaser-link has-orange-background-color has-text-light-color\" title=\"CPSA\u00ae Level \u00dcberblick\">CPSA<sup>\u00ae<\/sup> Level \u00dcberblick<\/a>\r\n\t\t\t<\/p>\r\n\t\t\t\t\t\t<p class=\"box-link\">\r\n\t\t\t\t\t\t\t\t<a href=\"https:\/\/www.isaqb.org\/de\/trainings\/training-finden\/\" class=\"isaqb-button isaqb-teaser-link has-orange-background-color has-text-light-color\" title=\"CPSA\u00ae Training finden\">CPSA<sup>\u00ae<\/sup> Training finden<\/a>\r\n\t\t\t<\/p>\r\n\t\t\t\t<\/div>\r\n<\/div>\n\n\n<div style=\"margin-top:var(--wp--preset--spacing--xl);margin-bottom:var(--wp--preset--spacing--xl);height:0px\" aria-hidden=\"true\" class=\"wp-block-spacer\"><\/div>\n\n\n\n<div class=\"wp-block-group alignfull is-style-default has-text-light-background-color has-background is-layout-constrained wp-block-group-is-layout-constrained\" style=\"margin-top:0;margin-bottom:0;padding-top:var(--wp--preset--spacing--xl);padding-bottom:var(--wp--preset--spacing--xxl)\">\n<div class=\"wp-block-group is-layout-constrained wp-container-core-group-is-layout-f36bc466 wp-block-group-is-layout-constrained\">\n<h2 class=\"wp-block-heading has-text-align-left has-orange-color has-text-color has-link-color has-secondary-font-family has-tl-font-size wp-elements-f156a9db55bbba7c1b158de8f116983e\" style=\"margin-top:0;margin-bottom:var(--wp--preset--spacing--xs)\">Akkreditierte iSAQB<sup>\u00ae<\/sup>-Partner<\/h2>\n\n\n\n<p style=\"margin-top:0;margin-bottom:var(--wp--preset--spacing--xs)\">iSAQB-akkreditierte Trainingsanbieter und Trainer durchlaufen einen umfassenden Pr\u00fcfungs- und Bewertungsprozess, bevor sie CPSA\u00ae-Trainings anbieten und durchf\u00fchren d\u00fcrfen. Sie stehen f\u00fcr h\u00f6chste Standards in Trainingsqualit\u00e4t und Wissensvermittlung im Einklang mit den CPSA\u00ae-Lehrpl\u00e4nen.<\/p>\n<\/div>\n\n\n<div class=\"block-isaqb-partnershowcase alignfull nopadding\" style=\" height: 348px; background: transparent url('https:\/\/www.isaqb.org\/de\/wp-content\/themes\/isaqbtheme\/assets\/images\/provider_showcase.png') center \/ auto repeat-x;\" >\r\n<\/div>\r\n\t\n\n\n<div class=\"wp-block-group is-layout-constrained wp-container-core-group-is-layout-092dab92 wp-block-group-is-layout-constrained\" style=\"padding-top:var(--wp--preset--spacing--xs)\">\n<p><\/p>\n\n\n\n<div class=\"wp-block-buttons is-content-justification-left is-layout-flex wp-container-core-buttons-is-layout-fc4fd283 wp-block-buttons-is-layout-flex\">\n<div class=\"wp-block-button\"><a class=\"wp-block-button__link has-text-light-color has-orange-background-color has-text-color has-background has-link-color wp-element-button\" href=\"https:\/\/www.isaqb.org\/de\/trainings\/akkreditierte-training-provider\/\" style=\"box-shadow:var(--wp--preset--shadow--regular)\">Zur \u00dcbersicht der  akkreditierten Trainingsprovider <\/a><\/div>\n<\/div>\n<\/div>\n<\/div>\n\n\n\n<div class=\"wp-block-group alignfull is-style-default has-navy-transparent-background-color has-background is-layout-constrained wp-block-group-is-layout-constrained\" style=\"margin-top:0;margin-bottom:0;padding-top:var(--wp--preset--spacing--xl);padding-bottom:var(--wp--preset--spacing--xl)\"><div class=\"block-isaqb-newsslider alignfull nopadding\">\r\n\r\n\t<div class=\"newsslider-container is-layout-constrained\">\r\n\r\n\t\t\t\t\t<h2 class=\"wp-block-heading has-text-align-left has-secondary-font-family has-tl-font-size\" id=\"postteaserrows\">News<\/h2>\r\n\t\t\r\n\t\t<div class=\"newsslider-wrap\">\r\n\t\t\t\t\t\t\t<div class=\"newsslider-preview\" style=\" height: 600px; background: transparent url('https:\/\/www.isaqb.org\/de\/wp-content\/themes\/isaqbtheme\/assets\/images\/newsslider_preview.png') left \/ auto repeat-x;\" >\r\n\t\t\t\t<\/div>\r\n\t\t\t\t\t\t<\/div>\r\n\t\t<button class=\"newsslider-btn-prev\" aria-label=\"Vorheriger Slide\"><\/button>\r\n\t\t<button class=\"newsslider-btn-next\" aria-label=\"N\u00e4chster Slide\"><\/button>\r\n\r\n\t<\/div>\r\n<\/div>\r\n<\/div>\n\n\n\n<div class=\"wp-block-group alignfull is-style-default has-grey-dark-transparent-background-color has-background is-layout-constrained wp-block-group-is-layout-constrained\" style=\"margin-top:0;margin-bottom:0;padding-top:var(--wp--preset--spacing--xl);padding-bottom:var(--wp--preset--spacing--xl)\">\n<h2 class=\"wp-block-heading has-text-light-color has-text-color has-link-color has-secondary-font-family wp-elements-497e52a40bb562fc9ff36f19553b8e82\" style=\"margin-top:0;margin-bottom:var(--wp--preset--spacing--xs)\">Events\/Meetups<\/h2>\n\n\n\n<div class=\"wp-block-group is-layout-grid wp-container-core-group-is-layout-222da371 wp-block-group-is-layout-grid\"><div class=\"block-isaqb-eventteaser isaqb-eventteaser-card isaqb-postteasercolumns\">\r\n\t<div class=\"teaser-wrap\">\r\n\t\t<a href=\"https:\/\/conferences.isaqb.org\/software-architecture-gathering\/\" class=\"block-image\" title=\"Software Architecture Gathering - The Global Conference for Software Architecture\" target=\"blank\"><img loading=\"lazy\" decoding=\"async\" width=\"600\" height=\"700\" src=\"https:\/\/www.isaqb.org\/de\/wp-content\/uploads\/sites\/2\/2026\/04\/iSAQB-web-event-sag-v1.webp\" class=\"attachment-full size-full\" alt=\"\" \/><\/a>\t\t<div class=\"block-content background-navy\">\r\n\t\t\t\t\t\t\t<h4><a href=\"https:\/\/conferences.isaqb.org\/software-architecture-gathering\/\" title=\"Software Architecture Gathering - The Global Conference for Software Architecture\" target=\"blank\">Software Architecture Gathering &#8211; The Global Conference for Software Architecture<\/a><\/h4>\r\n\t\t\t\t\t\t\t\t<p class=\"meta\">November 16-19, 2026<br \/>\nBerlin<\/p>\r\n\t\t\t\t\t\t<\/div>\r\n\t<\/div>\r\n<\/div>\n\n<div class=\"block-isaqb-eventteaser isaqb-eventteaser-card isaqb-postteasercolumns\">\r\n\t<div class=\"teaser-wrap\">\r\n\t\t<a href=\"https:\/\/conferences.isaqb.org\/software-architecture-forum\/\" class=\"block-image\" title=\"Software Architecture Forum - Die neue iSAQB-Community-Konferenz f\u00fcr DACH\" target=\"blank\"><img loading=\"lazy\" decoding=\"async\" width=\"600\" height=\"700\" src=\"https:\/\/www.isaqb.org\/de\/wp-content\/uploads\/sites\/2\/2026\/04\/iSAQB-web-event-saf-v1.webp\" class=\"attachment-full size-full\" alt=\"\" \/><\/a>\t\t<div class=\"block-content background-blue\">\r\n\t\t\t\t\t\t\t<h4><a href=\"https:\/\/conferences.isaqb.org\/software-architecture-forum\/\" title=\"Software Architecture Forum - Die neue iSAQB-Community-Konferenz f\u00fcr DACH\" target=\"blank\">Software Architecture Forum &#8211; Die neue iSAQB-Community-Konferenz f\u00fcr DACH<\/a><\/h4>\r\n\t\t\t\t\t\t\t\t<p class=\"meta\">16.-17. Juni 2026<br \/>\nM\u00fcnchen-Unterhaching, <\/p>\r\n\t\t\t\t\t\t<\/div>\r\n\t<\/div>\r\n<\/div>\n\n<div class=\"block-isaqb-eventteaser isaqb-eventteaser-card isaqb-postteasercolumns\">\r\n\t<div class=\"teaser-wrap\">\r\n\t\t<a href=\"https:\/\/www.isaqb.org\/de\/ueber-uns\/communitys\/\" class=\"block-image\" title=\"iSAQB Community Meetups\"><img loading=\"lazy\" decoding=\"async\" width=\"600\" height=\"700\" src=\"https:\/\/www.isaqb.org\/de\/wp-content\/uploads\/sites\/2\/2026\/04\/iSAQB-web-event-community-v1.webp\" class=\"attachment-full size-full\" alt=\"\" \/><\/a>\t\t<div class=\"block-content background-navy\">\r\n\t\t\t\t\t\t\t<h4><a href=\"https:\/\/www.isaqb.org\/de\/ueber-uns\/communitys\/\" title=\"iSAQB Community Meetups\">iSAQB Community Meetups<\/a><\/h4>\r\n\t\t\t\t\t\t\t\t<p class=\"meta\">Various dates and locations throughout Germany<\/p>\r\n\t\t\t\t\t\t<\/div>\r\n\t<\/div>\r\n<\/div><\/div>\n<\/div>\n\n\n\n<div class=\"wp-block-group alignfull is-style-default has-text-light-background-color has-background is-layout-constrained wp-block-group-is-layout-constrained\" style=\"margin-top:0;margin-bottom:0;padding-top:var(--wp--preset--spacing--xl);padding-bottom:var(--wp--preset--spacing--xl)\">\n<h2 class=\"wp-block-heading has-orange-color has-text-color has-link-color has-secondary-font-family wp-elements-613b5ac536f116051148816354d272b2\" style=\"margin-top:0;margin-bottom:var(--wp--preset--spacing--xs)\">Blog<\/h2>\n\n\n<div class=\"block-isaqb-blogslider nopadding is-layout-constrained\">\r\n\t<div class=\"blogslider-wrap\">\r\n\t\t\t\t\t<div class=\"blogslider-preview\" style=\" height: 480px; background: transparent url('https:\/\/www.isaqb.org\/de\/wp-content\/themes\/isaqbtheme\/assets\/images\/blogslider_preview.png') left \/ auto repeat-x;\" >\r\n\t\t\t<\/div>\r\n\t\t\t\t<\/div>\r\n\t<button class=\"blogslider-btn-prev\" aria-label=\"Vorheriger Slide\"><\/button>\r\n\t<button class=\"blogslider-btn-next\" aria-label=\"N\u00e4chster Slide\"><\/button>\r\n<\/div>\n\n\n<div class=\"wp-block-buttons is-layout-flex wp-block-buttons-is-layout-flex\" style=\"margin-top:var(--wp--preset--spacing--lg)\">\n<div class=\"wp-block-button\"><a class=\"wp-block-button__link wp-element-button\" href=\"https:\/\/www.isaqb.org\/de\/blog\/\">Alle Blogbeitr\u00e4ge<\/a><\/div>\n<\/div>\n<\/div>\n","protected":false},"excerpt":{"rendered":"<p>Akkreditierte iSAQB\u00ae-Partner iSAQB-akkreditierte Trainingsanbieter und Trainer durchlaufen einen umfassenden Pr\u00fcfungs- und Bewertungsprozess, bevor sie CPSA\u00ae-Trainings anbieten und durchf\u00fchren d\u00fcrfen. Sie stehen f\u00fcr h\u00f6chste Standards in Trainingsqualit\u00e4t und Wissensvermittlung im Einklang mit den CPSA\u00ae-Lehrpl\u00e4nen. Events\/Meetups Blog<\/p>\n","protected":false},"author":1,"featured_media":0,"parent":0,"menu_order":0,"comment_status":"closed","ping_status":"closed","template":"","meta":{"_trash_the_other_posts":false,"editor_notices":[],"footnotes":""},"class_list":["post-118","page","type-page","status-publish","hentry"],"_links":{"self":[{"href":"https:\/\/www.isaqb.org\/de\/wp-json\/wp\/v2\/pages\/118","targetHints":{"allow":["GET"]}}],"collection":[{"href":"https:\/\/www.isaqb.org\/de\/wp-json\/wp\/v2\/pages"}],"about":[{"href":"https:\/\/www.isaqb.org\/de\/wp-json\/wp\/v2\/types\/page"}],"author":[{"embeddable":true,"href":"https:\/\/www.isaqb.org\/de\/wp-json\/wp\/v2\/users\/1"}],"replies":[{"embeddable":true,"href":"https:\/\/www.isaqb.org\/de\/wp-json\/wp\/v2\/comments?post=118"}],"version-history":[{"count":48,"href":"https:\/\/www.isaqb.org\/de\/wp-json\/wp\/v2\/pages\/118\/revisions"}],"predecessor-version":[{"id":1868,"href":"https:\/\/www.isaqb.org\/de\/wp-json\/wp\/v2\/pages\/118\/revisions\/1868"}],"wp:attachment":[{"href":"https:\/\/www.isaqb.org\/de\/wp-json\/wp\/v2\/media?parent=118"}],"curies":[{"name":"wp","href":"https:\/\/api.w.org\/{rel}","templated":true}]}}