{"id":1624,"date":"2026-04-08T14:38:44","date_gmt":"2026-04-08T14:38:44","guid":{"rendered":"https:\/\/www.isaqb.org\/de\/markenschutz\/"},"modified":"2026-04-29T08:53:06","modified_gmt":"2026-04-29T08:53:06","slug":"markenschutz","status":"publish","type":"page","link":"https:\/\/www.isaqb.org\/de\/markenschutz\/","title":{"rendered":"Markenschutz"},"content":{"rendered":"\n<p class=\"has-text-align-left\" style=\"margin-top:var(--wp--preset--spacing--xl);margin-bottom:0;text-transform:uppercase\">Eingetragene Marken des iSAQB\u00ae<\/p>\n\n\n\n<h2 class=\"wp-block-heading has-text-align-left has-secondary-font-family has-tl-font-size\" style=\"margin-top:var(--wp--preset--spacing--xxs);margin-right:var(--wp--preset--spacing--md);margin-bottom:var(--wp--preset--spacing--lg);margin-left:var(--wp--preset--spacing--md)\">Eingetragene Marken<\/h2>\n\n\n\n<p>Nachfolgend ist eine vollst\u00e4ndige Liste der eingetragenen Marken des iSAQB aufgef\u00fchrt. Diese Liste wird von Zeit zu Zeit aktualisiert. Das Vers\u00e4umnis des iSAQB, eine bestimmte (eingetragene oder nicht eingetragene) Marke aufzulisten, stellt keinen Verzicht auf jedwede Rechte des iSAQB dar.<\/p>\n\n\n\n<ul class=\"wp-block-list\">\n<li>\u201eiSAQB\u00ae\u201c<\/li>\n\n\n\n<li>\u201eiSAQB International Software Architecture Qualification Board\u00ae\u201c<\/li>\n\n\n\n<li>\u201eCPSA\u00ae\u201c<\/li>\n\n\n\n<li>\u201eCPSA iSAQB certified\u00ae\u201c<\/li>\n\n\n\n<li>\u201eCPSA\u2011F iSAQB certified\u00ae\u201c<\/li>\n\n\n\n<li>\u201eCPSA\u2011A iSAQB certified\u00ae\u201c<\/li>\n\n\n\n<li>\u201eCPSA\u2011E iSAQB certified\u00ae\u201c<\/li>\n\n\n\n<li>\u201eCPSA Certified Professional for Software Architecture\u00ae\u201c<\/li>\n\n\n\n<li>\u201eCPSA\u2011F Certified Professional for Software Architecture Foundation Level\u00ae\u201c<\/li>\n\n\n\n<li>\u201eCPSA\u2011A Certified Professional for Software Architecture Advanced Level\u00ae\u201c<\/li>\n\n\n\n<li>\u201eCPSA\u2011E Certified Professional for Software Architecture Expert Level\u00ae\u201c<br><\/li>\n<\/ul>\n\n\n\n<p>sind eingetragene Marken des iSAQB e. V.<\/p>\n\n\n\n<p>Wenn Sie Fragen zu Urheberrechten und\/oder zur Nutzung von Logos haben, so senden Sie diese bitte an <a href=\"mailto:info@isaqb.org\">info@isaqb.org<\/a>.<\/p>\n\n\n\n<div style=\"height:100px\" aria-hidden=\"true\" class=\"wp-block-spacer\"><\/div>\n\n\n\n<p><\/p>\n","protected":false},"excerpt":{"rendered":"<p>Eingetragene Marken des iSAQB\u00ae Eingetragene Marken Nachfolgend ist eine vollst\u00e4ndige Liste der eingetragenen Marken des iSAQB aufgef\u00fchrt. Diese Liste wird von Zeit zu Zeit aktualisiert. Das Vers\u00e4umnis des iSAQB, eine bestimmte (eingetragene oder nicht eingetragene) Marke aufzulisten, stellt keinen Verzicht auf jedwede Rechte des iSAQB dar. sind eingetragene Marken des iSAQB e. V. Wenn Sie [&hellip;]<\/p>\n","protected":false},"author":1,"featured_media":0,"parent":0,"menu_order":0,"comment_status":"closed","ping_status":"closed","template":"","meta":{"_trash_the_other_posts":false,"editor_notices":[],"footnotes":""},"class_list":["post-1624","page","type-page","status-publish","hentry"],"yoast_head":"<!-- This site is optimized with the Yoast SEO plugin v27.3 - https:\/\/yoast.com\/product\/yoast-seo-wordpress\/ -->\n<title>iSAQB\u00ae-Markenschutz \u2013 Nutzung von Marken<\/title>\n<meta name=\"description\" content=\"Erfahren Sie mehr \u00fcber den iSAQB-Markenschutz und die korrekte Nutzung von Marken wie CPSA und iSAQB.\" \/>\n<meta name=\"robots\" content=\"index, follow, max-snippet:-1, max-image-preview:large, max-video-preview:-1\" \/>\n<link rel=\"canonical\" href=\"https:\/\/www.isaqb.org\/de\/markenschutz\/\" \/>\n<meta property=\"og:locale\" content=\"de_DE\" \/>\n<meta property=\"og:type\" content=\"article\" \/>\n<meta property=\"og:title\" content=\"iSAQB\u00ae-Markenschutz \u2013 Nutzung von Marken\" \/>\n<meta property=\"og:description\" content=\"Erfahren Sie mehr \u00fcber den iSAQB-Markenschutz und die korrekte Nutzung von Marken wie CPSA und iSAQB.\" \/>\n<meta property=\"og:url\" content=\"https:\/\/www.isaqb.org\/de\/markenschutz\/\" \/>\n<meta property=\"og:site_name\" content=\"iSAQB\u00ae - Offizielle Website\" \/>\n<meta property=\"article:modified_time\" content=\"2026-04-29T08:53:06+00:00\" \/>\n<meta property=\"og:image\" content=\"https:\/\/www.isaqb.org\/de\/wp-content\/uploads\/sites\/2\/2026\/04\/iStock-514855500.jpg\" \/>\n\t<meta property=\"og:image:width\" content=\"2121\" \/>\n\t<meta property=\"og:image:height\" content=\"1414\" \/>\n\t<meta property=\"og:image:type\" content=\"image\/jpeg\" \/>\n<meta name=\"twitter:card\" content=\"summary_large_image\" \/>\n<meta name=\"twitter:title\" content=\"iSAQB\u00ae-Markenschutz \u2013 Nutzung von Marken\" \/>\n<meta name=\"twitter:description\" content=\"Erfahren Sie mehr \u00fcber den iSAQB-Markenschutz und die korrekte Nutzung von Marken wie CPSA und iSAQB.\" \/>\n<meta name=\"twitter:image\" content=\"https:\/\/www.isaqb.org\/de\/wp-content\/uploads\/sites\/2\/2026\/04\/iStock-514855500.jpg\" \/>\n<meta name=\"twitter:label1\" content=\"Gesch\u00e4tzte Lesezeit\" \/>\n\t<meta name=\"twitter:data1\" content=\"1\u00a0Minute\" \/>\n<script type=\"application\/ld+json\" class=\"yoast-schema-graph\">{\"@context\":\"https:\\\/\\\/schema.org\",\"@graph\":[{\"@type\":\"WebPage\",\"@id\":\"https:\\\/\\\/www.isaqb.org\\\/de\\\/markenschutz\\\/\",\"url\":\"https:\\\/\\\/www.isaqb.org\\\/de\\\/markenschutz\\\/\",\"name\":\"iSAQB\u00ae-Markenschutz \u2013 Nutzung von Marken\",\"isPartOf\":{\"@id\":\"https:\\\/\\\/www.isaqb.org\\\/de\\\/#website\"},\"datePublished\":\"2026-04-08T14:38:44+00:00\",\"dateModified\":\"2026-04-29T08:53:06+00:00\",\"description\":\"Erfahren Sie mehr \u00fcber den iSAQB-Markenschutz und die korrekte Nutzung von Marken wie CPSA und iSAQB.\",\"breadcrumb\":{\"@id\":\"https:\\\/\\\/www.isaqb.org\\\/de\\\/markenschutz\\\/#breadcrumb\"},\"inLanguage\":\"de\",\"potentialAction\":[{\"@type\":\"ReadAction\",\"target\":[\"https:\\\/\\\/www.isaqb.org\\\/de\\\/markenschutz\\\/\"]}]},{\"@type\":\"BreadcrumbList\",\"@id\":\"https:\\\/\\\/www.isaqb.org\\\/de\\\/markenschutz\\\/#breadcrumb\",\"itemListElement\":[{\"@type\":\"ListItem\",\"position\":1,\"name\":\"Home\",\"item\":\"https:\\\/\\\/www.isaqb.org\\\/de\\\/\"},{\"@type\":\"ListItem\",\"position\":2,\"name\":\"Markenschutz\"}]},{\"@type\":\"WebSite\",\"@id\":\"https:\\\/\\\/www.isaqb.org\\\/de\\\/#website\",\"url\":\"https:\\\/\\\/www.isaqb.org\\\/de\\\/\",\"name\":\"iSAQB\u00ae - Offizielle Website\",\"description\":\"Das International Software Architecture Qualification Board (iSAQB) ist die f\u00fchrende Vereinigung f\u00fcr Training und Zertifizierung in der Software-Architektur\",\"potentialAction\":[{\"@type\":\"SearchAction\",\"target\":{\"@type\":\"EntryPoint\",\"urlTemplate\":\"https:\\\/\\\/www.isaqb.org\\\/de\\\/?s={search_term_string}\"},\"query-input\":{\"@type\":\"PropertyValueSpecification\",\"valueRequired\":true,\"valueName\":\"search_term_string\"}}],\"inLanguage\":\"de\"}]}<\/script>\n<!-- \/ Yoast SEO plugin. -->","yoast_head_json":{"title":"iSAQB\u00ae-Markenschutz \u2013 Nutzung von Marken","description":"Erfahren Sie mehr \u00fcber den iSAQB-Markenschutz und die korrekte Nutzung von Marken wie CPSA und iSAQB.","robots":{"index":"index","follow":"follow","max-snippet":"max-snippet:-1","max-image-preview":"max-image-preview:large","max-video-preview":"max-video-preview:-1"},"canonical":"https:\/\/www.isaqb.org\/de\/markenschutz\/","og_locale":"de_DE","og_type":"article","og_title":"iSAQB\u00ae-Markenschutz \u2013 Nutzung von Marken","og_description":"Erfahren Sie mehr \u00fcber den iSAQB-Markenschutz und die korrekte Nutzung von Marken wie CPSA und iSAQB.","og_url":"https:\/\/www.isaqb.org\/de\/markenschutz\/","og_site_name":"iSAQB\u00ae - Offizielle Website","article_modified_time":"2026-04-29T08:53:06+00:00","og_image":[{"width":2121,"height":1414,"url":"https:\/\/www.isaqb.org\/de\/wp-content\/uploads\/sites\/2\/2026\/04\/iStock-514855500.jpg","type":"image\/jpeg"}],"twitter_card":"summary_large_image","twitter_title":"iSAQB\u00ae-Markenschutz \u2013 Nutzung von Marken","twitter_description":"Erfahren Sie mehr \u00fcber den iSAQB-Markenschutz und die korrekte Nutzung von Marken wie CPSA und iSAQB.","twitter_image":"https:\/\/www.isaqb.org\/de\/wp-content\/uploads\/sites\/2\/2026\/04\/iStock-514855500.jpg","twitter_misc":{"Gesch\u00e4tzte Lesezeit":"1\u00a0Minute"},"schema":{"@context":"https:\/\/schema.org","@graph":[{"@type":"WebPage","@id":"https:\/\/www.isaqb.org\/de\/markenschutz\/","url":"https:\/\/www.isaqb.org\/de\/markenschutz\/","name":"iSAQB\u00ae-Markenschutz \u2013 Nutzung von Marken","isPartOf":{"@id":"https:\/\/www.isaqb.org\/de\/#website"},"datePublished":"2026-04-08T14:38:44+00:00","dateModified":"2026-04-29T08:53:06+00:00","description":"Erfahren Sie mehr \u00fcber den iSAQB-Markenschutz und die korrekte Nutzung von Marken wie CPSA und iSAQB.","breadcrumb":{"@id":"https:\/\/www.isaqb.org\/de\/markenschutz\/#breadcrumb"},"inLanguage":"de","potentialAction":[{"@type":"ReadAction","target":["https:\/\/www.isaqb.org\/de\/markenschutz\/"]}]},{"@type":"BreadcrumbList","@id":"https:\/\/www.isaqb.org\/de\/markenschutz\/#breadcrumb","itemListElement":[{"@type":"ListItem","position":1,"name":"Home","item":"https:\/\/www.isaqb.org\/de\/"},{"@type":"ListItem","position":2,"name":"Markenschutz"}]},{"@type":"WebSite","@id":"https:\/\/www.isaqb.org\/de\/#website","url":"https:\/\/www.isaqb.org\/de\/","name":"iSAQB\u00ae - Offizielle Website","description":"Das International Software Architecture Qualification Board (iSAQB) ist die f\u00fchrende Vereinigung f\u00fcr Training und Zertifizierung in der Software-Architektur","potentialAction":[{"@type":"SearchAction","target":{"@type":"EntryPoint","urlTemplate":"https:\/\/www.isaqb.org\/de\/?s={search_term_string}"},"query-input":{"@type":"PropertyValueSpecification","valueRequired":true,"valueName":"search_term_string"}}],"inLanguage":"de"}]}},"_links":{"self":[{"href":"https:\/\/www.isaqb.org\/de\/wp-json\/wp\/v2\/pages\/1624","targetHints":{"allow":["GET"]}}],"collection":[{"href":"https:\/\/www.isaqb.org\/de\/wp-json\/wp\/v2\/pages"}],"about":[{"href":"https:\/\/www.isaqb.org\/de\/wp-json\/wp\/v2\/types\/page"}],"author":[{"embeddable":true,"href":"https:\/\/www.isaqb.org\/de\/wp-json\/wp\/v2\/users\/1"}],"replies":[{"embeddable":true,"href":"https:\/\/www.isaqb.org\/de\/wp-json\/wp\/v2\/comments?post=1624"}],"version-history":[{"count":5,"href":"https:\/\/www.isaqb.org\/de\/wp-json\/wp\/v2\/pages\/1624\/revisions"}],"predecessor-version":[{"id":1889,"href":"https:\/\/www.isaqb.org\/de\/wp-json\/wp\/v2\/pages\/1624\/revisions\/1889"}],"wp:attachment":[{"href":"https:\/\/www.isaqb.org\/de\/wp-json\/wp\/v2\/media?parent=1624"}],"curies":[{"name":"wp","href":"https:\/\/api.w.org\/{rel}","templated":true}]}}