{"id":48,"date":"2025-02-27T09:57:30","date_gmt":"2025-02-27T09:57:30","guid":{"rendered":"https:\/\/www.isaqb.org\/de\/?page_id=48"},"modified":"2026-04-08T15:15:29","modified_gmt":"2026-04-08T15:15:29","slug":"impressum","status":"publish","type":"page","link":"https:\/\/www.isaqb.org\/de\/impressum\/","title":{"rendered":"Impressum"},"content":{"rendered":"\n<p class=\"has-text-align-left\" style=\"margin-top:var(--wp--preset--spacing--xl);margin-bottom:0;text-transform:uppercase\">Impressum &amp; Haftungsausschluss<\/p>\n\n\n\n<h2 class=\"wp-block-heading has-text-align-left has-secondary-font-family has-tl-font-size\" style=\"margin-top:var(--wp--preset--spacing--xxs);margin-right:var(--wp--preset--spacing--md);margin-bottom:var(--wp--preset--spacing--lg);margin-left:var(--wp--preset--spacing--md)\">Impressum<\/h2>\n\n\n\n<p><strong>International Software Architecture Qualification Board e. V.<\/strong><br>Donnersbergweg 4<br>67059 Ludwigshafen am Rhein<br>Deutschland<\/p>\n\n\n\n<p><strong>Vorstand<\/strong><br>Dr. Guido Gryczan (Vorstandsvorsitzender)<br>Kim Nena Duggen (Zweite Vorstandsvorsitzende)<br>Mischa Soujon (Stellvertretender Vorstandsvorsitzender, Schatzmeister)<\/p>\n\n\n\n<p><strong>Vereinssitz<\/strong><br>Ludwigshafen am Rhein<\/p>\n\n\n\n<p><strong>Vereinsregister-Nr.<\/strong><br>VR 61084, Ludwigshafen am Rhein<\/p>\n\n\n\n<p><strong>Umsatzsteuer-Nr.<\/strong><br>DE815138708<\/p>\n\n\n\n<p><strong>E\u2011Mail<\/strong><br>info@isaqb.org<\/p>\n\n\n\n<p><strong>Postadresse iSAQB GmbH<\/strong><br>iSAQB GmbH<br>Feuerbachstr. 6<br>14471 Potsdam<br>Deutschland<\/p>\n\n\n\n<p><strong>Haftung f\u00fcr Inhalte<\/strong><br>Als Dienstanbieter sind wir gem\u00e4\u00df \u00a7 7 Abs.1 TMG f\u00fcr eigene Inhalte auf diesen Seiten nach den allgemeinen Gesetzen verantwortlich. Nach \u00a7\u00a7 8 bis 10 TMG sind wir als Dienstanbieter jedoch nicht verpflichtet, \u00fcbermittelte oder gespeicherte fremde Informationen zu \u00fcberwachen oder nach Umst\u00e4nden zu forschen, die auf eine rechtswidrige T\u00e4tigkeit hinweisen.<\/p>\n\n\n\n<p>Verpflichtungen zur Entfernung oder Sperrung der Nutzung von Informationen nach den allgemeinen Gesetzen bleiben hiervon unber\u00fchrt. Eine diesbez\u00fcgliche Haftung ist jedoch erst ab dem Zeitpunkt der Kenntnis einer konkreten Rechtsverletzung m\u00f6glich. Bei Bekanntwerden von entsprechenden Rechtsverletzungen werden wir diese Inhalte umgehend entfernen.<\/p>\n\n\n\n<p><strong>Haftung f\u00fcr Links<\/strong><br>Unser Angebot enth\u00e4lt Links zu externen Websites Dritter, auf deren Inhalte wir keinen Einfluss haben. Deshalb k\u00f6nnen wir f\u00fcr diese fremden Inhalte auch keine Gew\u00e4hr \u00fcbernehmen. F\u00fcr die Inhalte der verlinkten Seiten ist stets der jeweilige Anbieter oder Betreiber der Seiten verantwortlich. Die verlinkten Seiten wurden zum Zeitpunkt der Verlinkung auf m\u00f6gliche Rechtsverst\u00f6\u00dfe \u00fcberpr\u00fcft.<\/p>\n\n\n\n<p>Rechtswidrige Inhalte waren zum Zeitpunkt der Verlinkung nicht erkennbar.<br>Eine permanente inhaltliche Kontrolle der verlinkten Seiten ist jedoch ohne konkrete Anhaltspunkte einer Rechtsverletzung nicht zumutbar. Bei Bekanntwerden von Rechtsverletzungen werden wir derartige Links umgehend entfernen.<\/p>\n\n\n\n<p><strong>Urheberrecht<\/strong><br>Die durch die Seitenbetreiber erstellten Inhalte und Werke auf diesen Seiten unterliegen dem deutschen Urheberrecht. Die Vervielf\u00e4ltigung, Bearbeitung, Verbreitung und jede Art der Verwertung au\u00dferhalb der Grenzen des Urheberrechtes bed\u00fcrfen der schriftlichen Zustimmung des jeweiligen Autors bzw. Erstellers. Downloads und Kopien dieser Seite sind nur f\u00fcr den privaten, nicht kommerziellen Gebrauch gestattet.<\/p>\n\n\n\n<p>Soweit die Inhalte auf dieser Seite nicht vom Betreiber erstellt wurden, werden die Urheberrechte Dritter beachtet. Insbesondere werden Inhalte Dritter als solche gekennzeichnet. Sollten Sie trotzdem auf eine Urheberrechtsverletzung aufmerksam werden, bitten wir um einen entsprechenden Hinweis. Bei Bekanntwerden von Rechtsverletzungen werden wir derartige Inhalte umgehend entfernen.<\/p>\n\n\n\n<div style=\"height:100px\" aria-hidden=\"true\" class=\"wp-block-spacer\"><\/div>\n","protected":false},"excerpt":{"rendered":"<p>Impressum &amp; Haftungsausschluss Impressum International Software Architecture Qualification Board e. V.Donnersbergweg 467059 Ludwigshafen am RheinDeutschland VorstandDr. Guido Gryczan (Vorstandsvorsitzender)Kim Nena Duggen (Zweite Vorstandsvorsitzende)Mischa Soujon (Stellvertretender Vorstandsvorsitzender, Schatzmeister) VereinssitzLudwigshafen am Rhein Vereinsregister-Nr.VR 61084, Ludwigshafen am Rhein Umsatzsteuer-Nr.DE815138708 E\u2011Mailinfo@isaqb.org Postadresse iSAQB GmbHiSAQB GmbHFeuerbachstr. 614471 PotsdamDeutschland Haftung f\u00fcr InhalteAls Dienstanbieter sind wir gem\u00e4\u00df \u00a7 7 Abs.1 TMG f\u00fcr [&hellip;]<\/p>\n","protected":false},"author":1,"featured_media":0,"parent":0,"menu_order":0,"comment_status":"closed","ping_status":"closed","template":"","meta":{"_trash_the_other_posts":false,"editor_notices":[],"footnotes":""},"class_list":["post-48","page","type-page","status-publish","hentry"],"yoast_head":"<!-- This site is optimized with the Yoast SEO plugin v27.3 - https:\/\/yoast.com\/product\/yoast-seo-wordpress\/ -->\n<title>Impressum - iSAQB\u00ae - Offizielle Website<\/title>\n<meta name=\"robots\" content=\"index, follow, max-snippet:-1, max-image-preview:large, max-video-preview:-1\" \/>\n<link rel=\"canonical\" href=\"https:\/\/www.isaqb.org\/de\/impressum\/\" \/>\n<meta property=\"og:locale\" content=\"de_DE\" \/>\n<meta property=\"og:type\" content=\"article\" \/>\n<meta property=\"og:title\" content=\"Impressum - iSAQB\u00ae - Offizielle Website\" \/>\n<meta property=\"og:description\" content=\"Impressum &amp; Haftungsausschluss Impressum International Software Architecture Qualification Board e. V.Donnersbergweg 467059 Ludwigshafen am RheinDeutschland VorstandDr. Guido Gryczan (Vorstandsvorsitzender)Kim Nena Duggen (Zweite Vorstandsvorsitzende)Mischa Soujon (Stellvertretender Vorstandsvorsitzender, Schatzmeister) VereinssitzLudwigshafen am Rhein Vereinsregister-Nr.VR 61084, Ludwigshafen am Rhein Umsatzsteuer-Nr.DE815138708 E\u2011Mailinfo@isaqb.org Postadresse iSAQB GmbHiSAQB GmbHFeuerbachstr. 614471 PotsdamDeutschland Haftung f\u00fcr InhalteAls Dienstanbieter sind wir gem\u00e4\u00df \u00a7 7 Abs.1 TMG f\u00fcr [&hellip;]\" \/>\n<meta property=\"og:url\" content=\"https:\/\/www.isaqb.org\/de\/impressum\/\" \/>\n<meta property=\"og:site_name\" content=\"iSAQB\u00ae - Offizielle Website\" \/>\n<meta property=\"article:modified_time\" content=\"2026-04-08T15:15:29+00:00\" \/>\n<meta property=\"og:image\" content=\"https:\/\/www.isaqb.org\/de\/wp-content\/uploads\/sites\/2\/2026\/03\/logo-isaqb-large.png\" \/>\n\t<meta property=\"og:image:width\" content=\"1000\" \/>\n\t<meta property=\"og:image:height\" content=\"500\" \/>\n\t<meta property=\"og:image:type\" content=\"image\/png\" \/>\n<meta name=\"twitter:card\" content=\"summary_large_image\" \/>\n<meta name=\"twitter:label1\" content=\"Gesch\u00e4tzte Lesezeit\" \/>\n\t<meta name=\"twitter:data1\" content=\"2\u00a0Minuten\" \/>\n<script type=\"application\/ld+json\" class=\"yoast-schema-graph\">{\"@context\":\"https:\\\/\\\/schema.org\",\"@graph\":[{\"@type\":\"WebPage\",\"@id\":\"https:\\\/\\\/www.isaqb.org\\\/de\\\/impressum\\\/\",\"url\":\"https:\\\/\\\/www.isaqb.org\\\/de\\\/impressum\\\/\",\"name\":\"Impressum - iSAQB\u00ae - Offizielle Website\",\"isPartOf\":{\"@id\":\"https:\\\/\\\/www.isaqb.org\\\/de\\\/#website\"},\"datePublished\":\"2025-02-27T09:57:30+00:00\",\"dateModified\":\"2026-04-08T15:15:29+00:00\",\"breadcrumb\":{\"@id\":\"https:\\\/\\\/www.isaqb.org\\\/de\\\/impressum\\\/#breadcrumb\"},\"inLanguage\":\"de\",\"potentialAction\":[{\"@type\":\"ReadAction\",\"target\":[\"https:\\\/\\\/www.isaqb.org\\\/de\\\/impressum\\\/\"]}]},{\"@type\":\"BreadcrumbList\",\"@id\":\"https:\\\/\\\/www.isaqb.org\\\/de\\\/impressum\\\/#breadcrumb\",\"itemListElement\":[{\"@type\":\"ListItem\",\"position\":1,\"name\":\"Home\",\"item\":\"https:\\\/\\\/www.isaqb.org\\\/de\\\/\"},{\"@type\":\"ListItem\",\"position\":2,\"name\":\"Impressum\"}]},{\"@type\":\"WebSite\",\"@id\":\"https:\\\/\\\/www.isaqb.org\\\/de\\\/#website\",\"url\":\"https:\\\/\\\/www.isaqb.org\\\/de\\\/\",\"name\":\"iSAQB\u00ae - Offizielle Website\",\"description\":\"Das International Software Architecture Qualification Board (iSAQB) ist die f\u00fchrende Vereinigung f\u00fcr Training und Zertifizierung in der Software-Architektur\",\"potentialAction\":[{\"@type\":\"SearchAction\",\"target\":{\"@type\":\"EntryPoint\",\"urlTemplate\":\"https:\\\/\\\/www.isaqb.org\\\/de\\\/?s={search_term_string}\"},\"query-input\":{\"@type\":\"PropertyValueSpecification\",\"valueRequired\":true,\"valueName\":\"search_term_string\"}}],\"inLanguage\":\"de\"}]}<\/script>\n<!-- \/ Yoast SEO plugin. -->","yoast_head_json":{"title":"Impressum - iSAQB\u00ae - Offizielle Website","robots":{"index":"index","follow":"follow","max-snippet":"max-snippet:-1","max-image-preview":"max-image-preview:large","max-video-preview":"max-video-preview:-1"},"canonical":"https:\/\/www.isaqb.org\/de\/impressum\/","og_locale":"de_DE","og_type":"article","og_title":"Impressum - iSAQB\u00ae - Offizielle Website","og_description":"Impressum &amp; Haftungsausschluss Impressum International Software Architecture Qualification Board e. V.Donnersbergweg 467059 Ludwigshafen am RheinDeutschland VorstandDr. Guido Gryczan (Vorstandsvorsitzender)Kim Nena Duggen (Zweite Vorstandsvorsitzende)Mischa Soujon (Stellvertretender Vorstandsvorsitzender, Schatzmeister) VereinssitzLudwigshafen am Rhein Vereinsregister-Nr.VR 61084, Ludwigshafen am Rhein Umsatzsteuer-Nr.DE815138708 E\u2011Mailinfo@isaqb.org Postadresse iSAQB GmbHiSAQB GmbHFeuerbachstr. 614471 PotsdamDeutschland Haftung f\u00fcr InhalteAls Dienstanbieter sind wir gem\u00e4\u00df \u00a7 7 Abs.1 TMG f\u00fcr [&hellip;]","og_url":"https:\/\/www.isaqb.org\/de\/impressum\/","og_site_name":"iSAQB\u00ae - Offizielle Website","article_modified_time":"2026-04-08T15:15:29+00:00","og_image":[{"width":1000,"height":500,"url":"https:\/\/www.isaqb.org\/de\/wp-content\/uploads\/sites\/2\/2026\/03\/logo-isaqb-large.png","type":"image\/png"}],"twitter_card":"summary_large_image","twitter_misc":{"Gesch\u00e4tzte Lesezeit":"2\u00a0Minuten"},"schema":{"@context":"https:\/\/schema.org","@graph":[{"@type":"WebPage","@id":"https:\/\/www.isaqb.org\/de\/impressum\/","url":"https:\/\/www.isaqb.org\/de\/impressum\/","name":"Impressum - iSAQB\u00ae - Offizielle Website","isPartOf":{"@id":"https:\/\/www.isaqb.org\/de\/#website"},"datePublished":"2025-02-27T09:57:30+00:00","dateModified":"2026-04-08T15:15:29+00:00","breadcrumb":{"@id":"https:\/\/www.isaqb.org\/de\/impressum\/#breadcrumb"},"inLanguage":"de","potentialAction":[{"@type":"ReadAction","target":["https:\/\/www.isaqb.org\/de\/impressum\/"]}]},{"@type":"BreadcrumbList","@id":"https:\/\/www.isaqb.org\/de\/impressum\/#breadcrumb","itemListElement":[{"@type":"ListItem","position":1,"name":"Home","item":"https:\/\/www.isaqb.org\/de\/"},{"@type":"ListItem","position":2,"name":"Impressum"}]},{"@type":"WebSite","@id":"https:\/\/www.isaqb.org\/de\/#website","url":"https:\/\/www.isaqb.org\/de\/","name":"iSAQB\u00ae - Offizielle Website","description":"Das International Software Architecture Qualification Board (iSAQB) ist die f\u00fchrende Vereinigung f\u00fcr Training und Zertifizierung in der Software-Architektur","potentialAction":[{"@type":"SearchAction","target":{"@type":"EntryPoint","urlTemplate":"https:\/\/www.isaqb.org\/de\/?s={search_term_string}"},"query-input":{"@type":"PropertyValueSpecification","valueRequired":true,"valueName":"search_term_string"}}],"inLanguage":"de"}]}},"_links":{"self":[{"href":"https:\/\/www.isaqb.org\/de\/wp-json\/wp\/v2\/pages\/48","targetHints":{"allow":["GET"]}}],"collection":[{"href":"https:\/\/www.isaqb.org\/de\/wp-json\/wp\/v2\/pages"}],"about":[{"href":"https:\/\/www.isaqb.org\/de\/wp-json\/wp\/v2\/types\/page"}],"author":[{"embeddable":true,"href":"https:\/\/www.isaqb.org\/de\/wp-json\/wp\/v2\/users\/1"}],"replies":[{"embeddable":true,"href":"https:\/\/www.isaqb.org\/de\/wp-json\/wp\/v2\/comments?post=48"}],"version-history":[{"count":4,"href":"https:\/\/www.isaqb.org\/de\/wp-json\/wp\/v2\/pages\/48\/revisions"}],"predecessor-version":[{"id":1666,"href":"https:\/\/www.isaqb.org\/de\/wp-json\/wp\/v2\/pages\/48\/revisions\/1666"}],"wp:attachment":[{"href":"https:\/\/www.isaqb.org\/de\/wp-json\/wp\/v2\/media?parent=48"}],"curies":[{"name":"wp","href":"https:\/\/api.w.org\/{rel}","templated":true}]}}