{"id":550,"date":"2026-03-06T15:21:00","date_gmt":"2026-03-06T15:21:00","guid":{"rendered":"https:\/\/www.isaqb.org\/de\/?page_id=550"},"modified":"2026-04-08T16:43:40","modified_gmt":"2026-04-08T16:43:40","slug":"trainingsprovider-werden","status":"publish","type":"page","link":"https:\/\/www.isaqb.org\/de\/unsere-partner\/trainingsprovider-werden\/","title":{"rendered":"Trainingsprovider werden"},"content":{"rendered":"\n<p class=\"has-text-align-left\" style=\"margin-top:var(--wp--preset--spacing--xl)\">Werden sie Teil des iSAQB\u00ae-Netzwerkes<\/p>\n\n\n\n<h2 class=\"wp-block-heading has-text-align-left has-secondary-font-family has-tl-font-size\" style=\"margin-top:var(--wp--preset--spacing--xxs);margin-bottom:var(--wp--preset--spacing--rg)\">Trainingsprovider werden<\/h2>\n\n\n\n<p>Durch das iSAQB akkreditierte Trainingsprovider sind professionelle Schulungsorganisationen, die den Nachweis einer hohen Qualit\u00e4t ihrer Weiterbildungen im Bereich Softwarearchitektur erbracht haben. Sie erhalten als grundlegende Akkreditierung das Qualit\u00e4tssiegel zum iSAQB Accredited Training Provider. Mit dieser ersten Akkreditierung k\u00f6nnen Schulungsorganisationen bereits CPSA-Trainings in Kooperation mit Partnern anbieten und Pr\u00fcfungen f\u00fcr Teilnehmer:innen organisieren. Um ein CPSA-Training mit eigenen Trainer:innen durchf\u00fchren zu k\u00f6nnen, ben\u00f6tigen akkreditierte Trainingsprovider die zus\u00e4tzlichen iSAQB-Akkreditierungen f\u00fcr die jeweiligen CPSA-Trainings und Trainer:innen.<\/p>\n\n\n\n<h2 class=\"wp-block-heading\">Ihre Vorteile als iSAQB<sup>\u00ae<\/sup> Accredited Training Provider<\/h2>\n\n\n\n<div style=\"height:20px\" aria-hidden=\"true\" class=\"wp-block-spacer\"><\/div>\n\n\n\n<div class=\"wp-block-group is-layout-constrained wp-block-group-is-layout-constrained\">\n<div class=\"wp-block-columns is-layout-flex wp-container-core-columns-is-layout-28f84493 wp-block-columns-is-layout-flex\">\n<div class=\"wp-block-column is-layout-flow wp-block-column-is-layout-flow\">\n<p style=\"margin-bottom:0;text-transform:uppercase\"><mark class=\"has-inline-color has-orange-color\"><strong>IHR VORTEIL<\/strong><\/mark><\/p>\n\n\n\n<h4 class=\"wp-block-heading\" style=\"margin-top:0;margin-bottom:0\">Profitieren Sie von unserem exzellenten Ruf<\/h4>\n\n\n\n<p style=\"margin-top:var(--wp--preset--spacing--xs);margin-bottom:0\">iSAQB-akkreditierte Organisationen, Trainings und TrainerInnen genie\u00dfen einen exzellenten Ruf. Sie profitieren von der hohen Nachfrage nach CPSA-Trainings.<\/p>\n<\/div>\n\n\n\n<div class=\"wp-block-column is-layout-flow wp-block-column-is-layout-flow\">\n<div class=\"wp-block-group is-layout-constrained wp-block-group-is-layout-constrained\">\n<p style=\"margin-bottom:0;text-transform:uppercase\"><mark class=\"has-inline-color has-orange-color\"><strong>IHR VORTEIL<\/strong><\/mark><\/p>\n\n\n\n<h4 class=\"wp-block-heading\" style=\"margin-top:0;margin-bottom:0\">Sie k\u00f6nnen CPSA- Trainings &amp; \u2011Pr\u00fcfungen organisieren<\/h4>\n\n\n\n<p style=\"margin-top:var(--wp--preset--spacing--xs);margin-bottom:0\">Akkreditierte Trainingsanbieter erhalten das exklusive Recht CPSA-Trainings und Gruppen-Pr\u00fcfungen zu organisieren.<\/p>\n<\/div>\n<\/div>\n\n\n\n<div class=\"wp-block-column is-layout-flow wp-block-column-is-layout-flow\">\n<div class=\"wp-block-group is-layout-constrained wp-block-group-is-layout-constrained\">\n<p style=\"margin-bottom:0;text-transform:uppercase\"><mark class=\"has-inline-color has-orange-color\"><strong>IHR VORTEIL<\/strong><\/mark><\/p>\n\n\n\n<h4 class=\"wp-block-heading\" style=\"margin-top:0;margin-bottom:0\">Kompetenz zeigen mit iSAQB-Akkreditierungen<\/h4>\n\n\n\n<p style=\"margin-top:var(--wp--preset--spacing--xs);margin-bottom:0\">F\u00fcr alle erfolgreich erworbenen Akkreditierungen erhalten Sie die Qualit\u00e4tssiegel des iSAQB, die Sie f\u00fcr Ihre Marketingzwecke nutzen k\u00f6nnen.<\/p>\n<\/div>\n<\/div>\n<\/div>\n<\/div>\n\n\n\n<div class=\"wp-block-group is-layout-constrained wp-block-group-is-layout-constrained\">\n<div class=\"wp-block-columns is-layout-flex wp-container-core-columns-is-layout-28f84493 wp-block-columns-is-layout-flex\">\n<div class=\"wp-block-column is-layout-flow wp-block-column-is-layout-flow\">\n<p style=\"margin-bottom:0;text-transform:uppercase\"><mark class=\"has-inline-color has-orange-color\"><strong>IHR VORTEIL<\/strong><\/mark><\/p>\n\n\n\n<h4 class=\"wp-block-heading\" style=\"margin-top:0;margin-bottom:0\">Erhalten Sie zus\u00e4tzliche und wertvolle Kontakte<\/h4>\n\n\n\n<p style=\"margin-top:var(--wp--preset--spacing--xs);margin-bottom:0\">Ihre Schulungstermine werden \u00fcber unseren Kurskalender auf der iSAQB-Website zentral beworben. Wir listen Sie als offiziellen Trainingsprovider auf und leiten Anfragen f\u00fcr Trainings an Sie weiter.<\/p>\n<\/div>\n\n\n\n<div class=\"wp-block-column is-layout-flow wp-block-column-is-layout-flow\">\n<div class=\"wp-block-group is-layout-constrained wp-block-group-is-layout-constrained\">\n<p style=\"margin-bottom:0;text-transform:uppercase\"><mark class=\"has-inline-color has-orange-color\"><strong>IHR VORTEIL<\/strong><\/mark><\/p>\n\n\n\n<h4 class=\"wp-block-heading\" style=\"margin-top:0;margin-bottom:0\">Dem Wettbewerb immer einen Schritt voraus<\/h4>\n\n\n\n<p style=\"margin-top:var(--wp--preset--spacing--xs);margin-bottom:0\">Sie erfahren alle geplanten Aktualisierungen der CPSA-Lehrpl\u00e4ne bereits l\u00e4ngere Zeit vor ihrer Ver\u00f6ffentlichung.<\/p>\n<\/div>\n<\/div>\n\n\n\n<div class=\"wp-block-column is-layout-flow wp-block-column-is-layout-flow\">\n<div class=\"wp-block-group is-layout-constrained wp-block-group-is-layout-constrained\">\n<p style=\"margin-bottom:0;text-transform:uppercase\"><mark class=\"has-inline-color has-orange-color\"><strong>IHR VORTEIL<\/strong><\/mark><\/p>\n\n\n\n<h4 class=\"wp-block-heading\" style=\"margin-top:0;margin-bottom:0\">Werden Sie Teil unseres Expert:innen-Netzwerks<\/h4>\n\n\n\n<p style=\"margin-top:var(--wp--preset--spacing--xs);margin-bottom:0\">Sie werden Teil eines exklusiven und internationalen Netzwerkes von bekannten Vordenker:innen und Praktiker:innen auf dem Gebiet der Softwarearchitektur.<\/p>\n<\/div>\n<\/div>\n<\/div>\n<\/div>\n\n\n\n<h2 class=\"wp-block-heading has-text-align-center\">Die iSAQB<sup>\u00ae<\/sup>-Akkreditierungen im \u00dcberblick<\/h2>\n\n\n\n<figure class=\"wp-block-image aligncenter size-full is-resized\"><img loading=\"lazy\" decoding=\"async\" width=\"768\" height=\"353\" src=\"https:\/\/www.isaqb.org\/wp-content\/uploads\/sites\/2\/2026\/03\/pages-grafik-isaqb-accredited-768x353-1.png\" alt=\"\" class=\"wp-image-547\" style=\"width:516px;height:auto\" srcset=\"https:\/\/www.isaqb.org\/de\/wp-content\/uploads\/sites\/2\/2026\/03\/pages-grafik-isaqb-accredited-768x353-1.png 768w, https:\/\/www.isaqb.org\/de\/wp-content\/uploads\/sites\/2\/2026\/03\/pages-grafik-isaqb-accredited-768x353-1-300x138.png 300w\" sizes=\"auto, (max-width: 768px) 100vw, 768px\" \/><\/figure>\n\n\n\n<p class=\"has-text-align-center\">Alle Akkreditierungen des iSAQB haben das Ziel, Softwarearchitektur-Schulungen mit einem hohen Qualit\u00e4tsstandard und Praxisbezug sowie einheitlichen Lehrpl\u00e4nen sicherzustellen. Eine CPSA-Schulung darf aus diesen Gr\u00fcnden nur in der Kombination der folgenden drei Akkreditierungen stattfinden:<\/p>\n\n\n\n<div class=\"wp-block-group has-grey-light-background-color has-background is-vertical is-layout-flex wp-container-core-group-is-layout-a1d89bd7 wp-block-group-is-layout-flex\" style=\"padding-top:var(--wp--preset--spacing--rg);padding-right:var(--wp--preset--spacing--xs);padding-bottom:var(--wp--preset--spacing--rg);padding-left:var(--wp--preset--spacing--xs)\">\n<div class=\"wp-block-media-text is-stacked-on-mobile\" style=\"grid-template-columns:29% auto\"><figure class=\"wp-block-media-text__media\"><img loading=\"lazy\" decoding=\"async\" width=\"456\" height=\"306\" src=\"https:\/\/www.isaqb.org\/wp-content\/uploads\/sites\/2\/2026\/03\/pages-isaqb-accredited-training-provider-456x306-1.png\" alt=\"\" class=\"wp-image-548 size-full\" srcset=\"https:\/\/www.isaqb.org\/de\/wp-content\/uploads\/sites\/2\/2026\/03\/pages-isaqb-accredited-training-provider-456x306-1.png 456w, https:\/\/www.isaqb.org\/de\/wp-content\/uploads\/sites\/2\/2026\/03\/pages-isaqb-accredited-training-provider-456x306-1-300x201.png 300w\" sizes=\"auto, (max-width: 456px) 100vw, 456px\" \/><\/figure><div class=\"wp-block-media-text__content\">\n<h3 class=\"wp-block-heading\">Die Akkreditierung von Trainingsprovidern<\/h3>\n\n\n\n<ul class=\"wp-block-list\">\n<li>Organisationen oder einzelne Personen k\u00f6nnen eine Akkreditierung als Trainingsprovider erhalten, wenn sie die n\u00f6tige Kompetenz im Bereich Softwarearchitektur nachweisen k\u00f6nnen.<\/li>\n\n\n\n<li>Akkreditierte Trainingsprovider verpflichten sich, CPSA-Trainings anzubieten, die den iSAQB-Lehrpl\u00e4nen entsprechen und in denen ausschlie\u00dflich iSAQB-akkreditierte Trainer:innen zum Einsatz kommen.<\/li>\n\n\n\n<li>Erfolgreich akkreditierte Trainingsprovider erhalten das Qualit\u00e4tssiegel zum iSAQB Accredited Training Provider.<\/li>\n<\/ul>\n<\/div><\/div>\n\n\n\n<div class=\"wp-block-media-text has-media-on-the-right is-stacked-on-mobile\" style=\"grid-template-columns:auto 33%\"><div class=\"wp-block-media-text__content\">\n<h3 class=\"wp-block-heading has-text-align-right\">Die Akkreditierung von Trainer:innen<\/h3>\n\n\n\n<p class=\"has-text-align-left\">Akkreditierungen als iSAQB Accredited Trainer:in k\u00f6nnen f\u00fcr ein oder mehrere CPSA-Trainings erteilt werden. Folgende Voraussetzungen m\u00fcssen erf\u00fcllt sein:<\/p>\n\n\n\n<p><\/p>\n\n\n\n<ul class=\"wp-block-list\">\n<li>Mindestens drei Jahre praktische Erfahrungen als Softwarearchitekt:in und didaktische Kompetenzen m\u00fcssen vorhanden sein. Dies kann unter anderem durch Referenzprojekte, Trainer:innenprofile oder Ver\u00f6ffentlichungen nachgewiesen werden.<\/li>\n\n\n\n<li>F\u00fcr die Trainer:innen-Akkreditierungen im Foundation Level wird eine erfolgreich abgeschlossene Zertifizierungspr\u00fcfung im CPSA-Foundation Level vorausgesetzt.<\/li>\n\n\n\n<li>F\u00fcr die Trainer:innen-Akkreditierungen im Advanced Level ist zus\u00e4tzlich die erfolgreiche Teilnahme am jeweiligen Modul, f\u00fcr das eine Akkreditierung als Trainer:in beantragt wird, verpflichtend. Alternativ kann auch die Erstellung von akkreditiertem Trainingsmaterial anerkannt werden.&nbsp;<\/li>\n\n\n\n<li>Ein Interview mit Expert:innen aus dem iSAQB wurde erfolgreich absolviert.&nbsp;<\/li>\n\n\n\n<li>Eine weitere Voraussetzung f\u00fcr eine Trainer:innen-Akkreditierung im Advanced Level ist die Demonstration eines selbstgew\u00e4hlten Ausschnittes des beantragten CPSA-Trainings f\u00fcr 60 Minuten. Dies wird per Video-Konferenz oder in Pr\u00e4senz durchgef\u00fchrt.<\/li>\n<\/ul>\n<\/div><figure class=\"wp-block-media-text__media\"><img loading=\"lazy\" decoding=\"async\" width=\"456\" height=\"306\" src=\"https:\/\/www.isaqb.org\/wp-content\/uploads\/sites\/2\/2026\/03\/pages-isaqb-accredited-training-456x306-1.png\" alt=\"\" class=\"wp-image-549 size-full\" srcset=\"https:\/\/www.isaqb.org\/de\/wp-content\/uploads\/sites\/2\/2026\/03\/pages-isaqb-accredited-training-456x306-1.png 456w, https:\/\/www.isaqb.org\/de\/wp-content\/uploads\/sites\/2\/2026\/03\/pages-isaqb-accredited-training-456x306-1-300x201.png 300w\" sizes=\"auto, (max-width: 456px) 100vw, 456px\" \/><\/figure><\/div>\n\n\n\n<div class=\"wp-block-media-text is-stacked-on-mobile\" style=\"grid-template-columns:33% auto\"><figure class=\"wp-block-media-text__media\"><img loading=\"lazy\" decoding=\"async\" width=\"456\" height=\"306\" src=\"https:\/\/www.isaqb.org\/wp-content\/uploads\/sites\/2\/2026\/03\/pages-isaqb-accredited-training-456x306-1.png\" alt=\"\" class=\"wp-image-549 size-full\" srcset=\"https:\/\/www.isaqb.org\/de\/wp-content\/uploads\/sites\/2\/2026\/03\/pages-isaqb-accredited-training-456x306-1.png 456w, https:\/\/www.isaqb.org\/de\/wp-content\/uploads\/sites\/2\/2026\/03\/pages-isaqb-accredited-training-456x306-1-300x201.png 300w\" sizes=\"auto, (max-width: 456px) 100vw, 456px\" \/><\/figure><div class=\"wp-block-media-text__content\">\n<h3 class=\"wp-block-heading\">Die Akkreditierung von Trainings<\/h3>\n\n\n\n<p>Die Akkreditierungen von Trainings im <a href=\"https:\/\/www.isaqb.org\/de\/zertifizierungen\/zertifizierungen-uebersicht\/cpsa-foundation-level\/\">Foundation Level<\/a> und im <a href=\"https:\/\/www.isaqb.org\/de\/zertifizierungen\/zertifizierungen-uebersicht\/cpsa-advanced-level\/\">Advanced Level<\/a> erfolgen durch einmalige \u00dcberpr\u00fcfungen der zugeh\u00f6rigen Trainingsmaterialien. Die erfolgreiche Akkreditierung von CPSA-Trainings wird mit dem Qualit\u00e4tssiegel iSAQB Accredited Training sichtbar gemacht.<\/p>\n<\/div><\/div>\n<\/div>\n\n\n\n<h2 class=\"wp-block-heading has-text-align-center\">Sie interessieren sich f\u00fcr eine Akkreditierung als Trainingsprovider?&nbsp;<\/h2>\n\n\n\n<div class=\"wp-block-buttons is-content-justification-center is-layout-flex wp-container-core-buttons-is-layout-a89b3969 wp-block-buttons-is-layout-flex\">\n<div class=\"wp-block-button\"><a class=\"wp-block-button__link wp-element-button\" href=\"https:\/\/www.isaqb.org\/contact\/\">Jetzt Kontakt aufnehmen<\/a><\/div>\n<\/div>\n\n\n\n<div style=\"height:50px\" aria-hidden=\"true\" class=\"wp-block-spacer\"><\/div>\n\n\n\n<div class=\"wp-block-group alignfull is-style-border-top-violet has-text-light-background-color has-background is-layout-constrained wp-block-group-is-layout-constrained is-style-border-top-violet--1\" style=\"margin-top:0;margin-bottom:0;padding-top:var(--wp--preset--spacing--xl);padding-bottom:var(--wp--preset--spacing--xxl)\">\n<div class=\"wp-block-group is-layout-constrained wp-container-core-group-is-layout-f36bc466 wp-block-group-is-layout-constrained\">\n<h2 class=\"wp-block-heading has-text-align-left has-orange-color has-text-color has-link-color has-secondary-font-family has-tl-font-size wp-elements-302882ab98bd15add2eef3cb84f5ef4d\" style=\"margin-top:0;margin-bottom:var(--wp--preset--spacing--lg)\">Akkreditierte iSAQB<sup>\u00ae<\/sup>-Partner<\/h2>\n<\/div>\n\n\n<div class=\"block-isaqb-partnershowcase alignfull nopadding\" style=\" height: 348px; background: transparent url('https:\/\/www.isaqb.org\/de\/wp-content\/themes\/isaqbtheme\/assets\/images\/provider_showcase.png') center \/ auto repeat-x;\" >\r\n<\/div>\r\n\t\n\n\n<div class=\"wp-block-group is-layout-constrained wp-container-core-group-is-layout-092dab92 wp-block-group-is-layout-constrained\" style=\"padding-top:var(--wp--preset--spacing--xs)\">\n<p class=\"has-text-align-left\">All unsere Trainings werden durch iSAQB-akkreditierte Trainer:innen und Trainingsprovider durchgef\u00fchrt.<br>Profitieren auch Sie von dieser exzellenten Partnerschaft!<\/p>\n\n\n\n<div class=\"wp-block-buttons is-content-justification-left is-layout-flex wp-container-core-buttons-is-layout-fc4fd283 wp-block-buttons-is-layout-flex\">\n<div class=\"wp-block-button\"><a class=\"wp-block-button__link has-text-light-color has-orange-background-color has-text-color has-background has-link-color wp-element-button\" href=\"https:\/\/www.isaqb.org\/de\/trainings\/akkreditierte-training-provides\/\" style=\"box-shadow:var(--wp--preset--shadow--regular)\">Partner finden<\/a><\/div>\n<\/div>\n<\/div>\n<\/div>\n","protected":false},"excerpt":{"rendered":"<p>Werden sie Teil des iSAQB\u00ae-Netzwerkes Trainingsprovider werden Durch das iSAQB akkreditierte Trainingsprovider sind professionelle Schulungsorganisationen, die den Nachweis einer hohen Qualit\u00e4t ihrer Weiterbildungen im Bereich Softwarearchitektur erbracht haben. Sie erhalten als grundlegende Akkreditierung das Qualit\u00e4tssiegel zum iSAQB Accredited Training Provider. Mit dieser ersten Akkreditierung k\u00f6nnen Schulungsorganisationen bereits CPSA-Trainings in Kooperation mit Partnern anbieten und Pr\u00fcfungen [&hellip;]<\/p>\n","protected":false},"author":1,"featured_media":0,"parent":58,"menu_order":0,"comment_status":"closed","ping_status":"closed","template":"","meta":{"_trash_the_other_posts":false,"editor_notices":[],"footnotes":""},"class_list":["post-550","page","type-page","status-publish","hentry"],"_links":{"self":[{"href":"https:\/\/www.isaqb.org\/de\/wp-json\/wp\/v2\/pages\/550","targetHints":{"allow":["GET"]}}],"collection":[{"href":"https:\/\/www.isaqb.org\/de\/wp-json\/wp\/v2\/pages"}],"about":[{"href":"https:\/\/www.isaqb.org\/de\/wp-json\/wp\/v2\/types\/page"}],"author":[{"embeddable":true,"href":"https:\/\/www.isaqb.org\/de\/wp-json\/wp\/v2\/users\/1"}],"replies":[{"embeddable":true,"href":"https:\/\/www.isaqb.org\/de\/wp-json\/wp\/v2\/comments?post=550"}],"version-history":[{"count":13,"href":"https:\/\/www.isaqb.org\/de\/wp-json\/wp\/v2\/pages\/550\/revisions"}],"predecessor-version":[{"id":1731,"href":"https:\/\/www.isaqb.org\/de\/wp-json\/wp\/v2\/pages\/550\/revisions\/1731"}],"up":[{"embeddable":true,"href":"https:\/\/www.isaqb.org\/de\/wp-json\/wp\/v2\/pages\/58"}],"wp:attachment":[{"href":"https:\/\/www.isaqb.org\/de\/wp-json\/wp\/v2\/media?parent=550"}],"curies":[{"name":"wp","href":"https:\/\/api.w.org\/{rel}","templated":true}]}}