{"id":598,"date":"2026-03-09T13:12:38","date_gmt":"2026-03-09T13:12:38","guid":{"rendered":"https:\/\/www.isaqb.org\/de\/ueber-uns\/arbeitsgruppen\/"},"modified":"2026-04-16T15:31:59","modified_gmt":"2026-04-16T15:31:59","slug":"arbeitsgruppen","status":"publish","type":"page","link":"https:\/\/www.isaqb.org\/de\/ueber-uns\/arbeitsgruppen\/","title":{"rendered":"Arbeitsgruppen"},"content":{"rendered":"\n<p class=\"has-text-align-left\" style=\"margin-top:var(--wp--preset--spacing--xl);margin-bottom:0;text-transform:uppercase\">Arbeitsgruppen im iSAQB e. V.<\/p>\n\n\n\n<h2 class=\"wp-block-heading has-text-align-left has-secondary-font-family has-tl-font-size\" style=\"margin-top:var(--wp--preset--spacing--xxs);margin-right:var(--wp--preset--spacing--md);margin-bottom:var(--wp--preset--spacing--lg);margin-left:var(--wp--preset--spacing--md)\">Arbeitsgruppen<\/h2>\n\n\n\n<p>Arbeitsgruppen im iSAQB e. V. bilden das Herzst\u00fcck unserer gemeinsamen Bestrebungen zur F\u00f6rderung der Softwarearchitektur. Diese Gruppen setzen sich aus engagierten Mitgliedern zusammen, die ihre Expertise und Leidenschaft f\u00fcr die Disziplin teilen. Die Aufgaben dieser Arbeitsgruppen umfassen die Erstellung und Pflege einheitlicher Lehr- und Ausbildungspl\u00e4ne f\u00fcr Softwarearchitekt:innen im Rahmen des CPSA-Zertifizierungsprogramms.<\/p>\n\n\n\n<p>Durch die Definition von Zertifizierungspr\u00fcfungen auf Basis der CPSA-Lehrpl\u00e4ne tragen die Arbeitsgruppen dazu bei, Qualit\u00e4tsstandards f\u00fcr die Aus- und Weiterbildung von Softwarearchitekt:innen zu gew\u00e4hrleisten. Der iSAQB e. V. selbst f\u00fchrt keine Schulungen oder Pr\u00fcfungen durch, sondern legt Ausbildungs- und Pr\u00fcfungsordnungen fest, bestellt lizenzierte Schulungs- und Pr\u00fcfungsorganisationen und \u00fcberwacht die daf\u00fcr notwendigen Prozesse.<\/p>\n\n\n\n<div class=\"wp-block-group alignfull is-style-default is-layout-constrained wp-container-core-group-is-layout-513b3fcd wp-block-group-is-layout-constrained\" style=\"margin-top:var(--wp--preset--spacing--rg);margin-bottom:0;padding-top:var(--wp--preset--spacing--rg);padding-right:0;padding-bottom:0;padding-left:0\">\n<h3 class=\"wp-block-heading\">Die Arbeitsgruppen auf einen Blick<\/h3>\n\n\n\n<div class=\"wp-block-group is-layout-grid wp-container-core-group-is-layout-6e0d3027 wp-block-group-is-layout-grid\" style=\"padding-top:var(--wp--preset--spacing--rg);padding-bottom:var(--wp--preset--spacing--rg)\">\n<div class=\"wp-block-group is-layout-constrained wp-block-group-is-layout-constrained\">\n<p style=\"margin-bottom:0;text-transform:uppercase\"><mark class=\"has-inline-color has-orange-color\"><strong>ArbeitsGrupPE<\/strong><\/mark><\/p>\n\n\n\n<h4 class=\"wp-block-heading\" style=\"margin-top:0;margin-bottom:0\">Advanced Level<\/h4>\n\n\n\n<p>Das Ziel der AG Advanced Level ist die Entwicklung und Aufrechterhaltung des iSAQB Advanced Levels, einschlie\u00dflich Lehrplan und Zertifizierung.<\/p>\n<\/div>\n\n\n\n<div class=\"wp-block-group is-layout-constrained wp-block-group-is-layout-constrained\">\n<p style=\"margin-bottom:0;text-transform:uppercase\"><mark class=\"has-inline-color has-orange-color\"><strong><mark class=\"has-inline-color has-orange-color\"><strong>ArbeitsGrupPE<\/strong><\/mark><\/strong><\/mark><\/p>\n\n\n\n<h4 class=\"wp-block-heading\" style=\"margin-top:0;margin-bottom:0\">Audit<\/h4>\n\n\n\n<p>Die AG Audit erarbeitet das Qualit\u00e4tsleitbild des iSAQB. Sie definiert Methoden und Prozesse, um die Qualit\u00e4t von Trainingsprovidern, Trainern, Trainingsunterlagen und Trainingsumgebungen zu pr\u00fcfen.<br>&nbsp;<\/p>\n<\/div>\n\n\n\n<div class=\"wp-block-group is-layout-constrained wp-block-group-is-layout-constrained\">\n<p style=\"margin-bottom:0;text-transform:uppercase\"><mark class=\"has-inline-color has-orange-color\"><strong><mark class=\"has-inline-color has-orange-color\"><strong>ArbeitsGrupPE<\/strong><\/mark><\/strong><\/mark><\/p>\n\n\n\n<h4 class=\"wp-block-heading\" style=\"margin-top:0;margin-bottom:0\">Community<\/h4>\n\n\n\n<p>Die Aufgabe, der sich die Community AG stellt, umfasst die Weiterentwicklung der Alumni sowie aller an IT Architektur Interessierter zu einer iSAQB Community.<\/p>\n<\/div>\n\n\n\n<div class=\"wp-block-group is-layout-constrained wp-block-group-is-layout-constrained\">\n<p style=\"margin-bottom:0;text-transform:uppercase\"><mark class=\"has-inline-color has-orange-color\"><strong><mark class=\"has-inline-color has-orange-color\"><strong>ArbeitsGrupPE<\/strong><\/mark><\/strong><\/mark><\/p>\n\n\n\n<h4 class=\"wp-block-heading\" style=\"margin-top:0;margin-bottom:0\">Expert Level<\/h4>\n\n\n\n<p>Die AG Expert Level ist verantwortlich f\u00fcr die Definition des CPSA-E-Prozesses, die Koordination mit dem Verein und der GmbH sowie die Begleitung des Prozesses in Zusammenarbeit mit den Zertifizierern.<\/p>\n<\/div>\n\n\n\n<div class=\"wp-block-group is-content-justification-center is-layout-constrained wp-block-group-is-layout-constrained\">\n<p style=\"margin-bottom:0;text-transform:uppercase\"><mark class=\"has-inline-color has-orange-color\"><strong><mark class=\"has-inline-color has-orange-color\"><strong>ArbeitsGrupPE<\/strong><\/mark><\/strong><\/mark><\/p>\n\n\n\n<h4 class=\"wp-block-heading\" style=\"margin-top:0;margin-bottom:0\">Foundation Level<\/h4>\n\n\n\n<p>Die AG Foundation Level ist verantwortlich f\u00fcr den Foundation-Lehrplan, die Pr\u00fcfungen sowie das iSAQB-Glossar, wobei sie eng mit Schulungsanbietern, Ausbildern, Zertifizierungsstellen und iSAQB-Gremien zusammenarbeitet.<\/p>\n<\/div>\n\n\n\n<div class=\"wp-block-group is-content-justification-center is-layout-constrained wp-block-group-is-layout-constrained\">\n<p style=\"margin-bottom:0;text-transform:uppercase\"><mark class=\"has-inline-color has-orange-color\"><strong><mark class=\"has-inline-color has-orange-color\"><strong>ArbeitsGrupPE<\/strong><\/mark><\/strong><\/mark><\/p>\n\n\n\n<h4 class=\"wp-block-heading\" style=\"margin-top:0;margin-bottom:0\">Hochschulen<\/h4>\n\n\n\n<p>Die AG Hochschulen h\u00e4lt Kontakt zu Universit\u00e4ten mit Lehr- und Forschungsprojekten im Bereich Softwaretechnik und -architektur.<br>&nbsp;<\/p>\n<\/div>\n\n\n\n<div class=\"wp-block-group is-content-justification-center is-layout-constrained wp-block-group-is-layout-constrained\">\n<p style=\"margin-bottom:0;text-transform:uppercase\"><mark class=\"has-inline-color has-orange-color\"><strong><mark class=\"has-inline-color has-orange-color\"><strong>ArbeitsGrupPE<\/strong><\/mark><\/strong><\/mark><\/p>\n\n\n\n<h4 class=\"wp-block-heading\" style=\"margin-top:0;margin-bottom:0\">Infrastruktur<\/h4>\n\n\n\n<p>Die Arbeitsgruppe Infrastruktur k\u00fcmmert sich um die Technik f\u00fcr die Arbeit des Vereins. Dazu geh\u00f6ren der Mailserver, Nextcloud, GitLab, Wiki, Ticketsystem und einige andere Systeme im Hintergrund.<br>&nbsp;<\/p>\n<\/div>\n\n\n\n<div class=\"wp-block-group is-layout-constrained wp-block-group-is-layout-constrained\">\n<p style=\"margin-bottom:0;text-transform:uppercase\"><mark class=\"has-inline-color has-orange-color\"><strong><mark class=\"has-inline-color has-orange-color\"><strong>ArbeitsGrupPE<\/strong><\/mark><\/strong><\/mark><\/p>\n\n\n\n<h4 class=\"wp-block-heading\" style=\"margin-top:0;margin-bottom:0\">Kooperationen<\/h4>\n\n\n\n<p>Die AG Kooperationen pflegt bestehende Partnerschaften und baut neue Kooperationen mit externen Organisationen auf (Ausgenommen Hochschulen).<br>&nbsp;<\/p>\n<\/div>\n\n\n\n<div class=\"wp-block-group is-content-justification-center is-layout-constrained wp-block-group-is-layout-constrained\">\n<p style=\"margin-bottom:0;text-transform:uppercase\"><mark class=\"has-inline-color has-orange-color\"><strong><mark class=\"has-inline-color has-orange-color\"><strong>ArbeitsGrupPE<\/strong><\/mark><\/strong><\/mark><\/p>\n\n\n\n<h4 class=\"wp-block-heading\" style=\"margin-top:0;margin-bottom:0\">Onboarding<\/h4>\n\n\n\n<p>Die AG Onboarding begleitet neue Mitglieder beim Einstieg in den Verein und unterst\u00fctzt sie dabei, sich schnell zurechtzufinden und einzubringen<br>&nbsp;<\/p>\n<\/div>\n\n\n\n<div class=\"wp-block-group is-content-justification-center is-layout-constrained wp-block-group-is-layout-constrained\">\n<p style=\"margin-bottom:0;text-transform:uppercase\"><mark class=\"has-inline-color has-orange-color\"><strong><mark class=\"has-inline-color has-orange-color\"><strong>ArbeitsGrupPE<\/strong><\/mark><\/strong><\/mark><\/p>\n\n\n\n<h4 class=\"wp-block-heading\" style=\"margin-top:0;margin-bottom:0\">Satzung<\/h4>\n\n\n\n<p>Die AG Satzung besch\u00e4ftigt sich mit der Ausarbeitung und Weiterentwicklung der Vereinssatzung. \u00c4nderungen an der Satzung werden der Mitgliederversammlung zur Entscheidung vorgelegt und von dieser freigegeben.<br>&nbsp;<\/p>\n<\/div>\n\n\n\n<div class=\"wp-block-group is-layout-constrained wp-block-group-is-layout-constrained\">\n<p style=\"margin-bottom:0;text-transform:uppercase\"><mark class=\"has-inline-color has-orange-color\"><strong><mark class=\"has-inline-color has-orange-color\"><strong>ArbeitsGrupPE<\/strong><\/mark><\/strong><\/mark><\/p>\n\n\n\n<h4 class=\"wp-block-heading\" style=\"margin-top:0;margin-bottom:0\">Train the Trainer<\/h4>\n\n\n\n<p>Die AG Train The Trainer konzentriert sich in erster Linie auf die Entwicklung und Pflege eines Lehrplans, der den Inhalt der Train-The-Trainer-Schulungen festlegt.<\/p>\n<\/div>\n\n\n\n<div class=\"wp-block-group is-content-justification-center is-layout-constrained wp-block-group-is-layout-constrained\">\n<p style=\"margin-bottom:0;text-transform:uppercase\"><br>&nbsp;<\/p>\n<\/div>\n\n\n\n<p><\/p>\n<\/div>\n\n\n\n<div class=\"wp-block-group alignfull is-style-border-top-orange is-layout-constrained wp-block-group-is-layout-constrained is-style-border-top-orange--1\" style=\"padding-top:var(--wp--preset--spacing--lg);padding-bottom:0\">\n<h2 class=\"wp-block-heading\">Antworten auf h\u00e4ufige Fragen<\/h2>\n\n\n<section class=\"faq-archive constrained-block isaqb-postteasercolumns\" aria-label=\"FAQ-Thema: Archiv\">\r\n\t\t\t<div class=\"faq-list\">\r\n\t\t\t<details id=\"post-705\" class=\"isaqb-accordion isaqb-faq-item post-705 isaqbfaq type-isaqbfaq status-publish hentry isaqbfaqcategories-mitgliederinnen isaqbfaqcategories-verband\">\r\n\t<summary class=\"faq-item-summary\">\r\n\t\tWarum materiell f\u00f6rderndes Mitglied im iSAQB werden?\t<\/summary>\r\n\t<div class=\"accordion-content faq-item-content\">\r\n\t\t<div>\n<div class=\"content-wrapper\">\n<p>Wir k\u00fcmmern uns um die Erstellung und Pflege einheitlicher Lehr- und Ausbildungspl\u00e4ne f\u00fcr Softwarearchitekt:innen (CPSA Certified Professional for Software Architecture). Dazu geh\u00f6rt die Definition von Zertifizierungspr\u00fcfungen auf Basis der CPSA-Lehrpl\u00e4ne sowie die Sicherstellung der fachlich-inhaltlichen Qualit\u00e4t von Lehre, Aus- und Weiterbildung f\u00fcr Softwarearchitektur. Der iSAQB e. V. f\u00fchrt selbst keine Schulungen oder Pr\u00fcfungen durch, legt jedoch Ausbildungs- und Pr\u00fcfungsordnungen fest, bestellt (lizenzierte) Schulungs- und Pr\u00fcfungsorganisationen, definiert und \u00fcberwacht die daf\u00fcr notwendigen Prozesse. S\u00e4mtliche Aktivit\u00e4ten des iSAQB e. V. finden auf ehrenamtlicher Basis statt \u2013 die aktiven Mitglieder erhalten f\u00fcr ihre Vereinst\u00e4tigkeiten keine Bez\u00fcge oder Honorare.<\/p>\n<p>Als materiell f\u00f6rderndes Mitglied werden Sie Teil dieses breiten Netzwerkes von erfahrenen Softwarearchitekt:innen. Sie profitieren vom Know-how der Mitglieder, die zum gro\u00dfen Teil auch Schulungsanbieter:innen sind. Kn\u00fcpfen Sie neue Kontakte zu den Branchenexpert:innen und finden Sie vielleicht sogar neue Mitarbeiter:innen \u00fcber das gro\u00dfe iSAQB-Netzwerk.<\/p>\n<p>Materiell f\u00f6rdernde Mitglieder erhalten eine Pr\u00e4senz auf der iSAQB-Website. Sie k\u00f6nnen dort mit Ihrem Unternehmenslogo vertreten sein und so Ihren Verbund in unserem renommierten Verein dokumentieren!<\/p>\n<p>Materiell f\u00f6rdernde Mitglieder haben das Recht, ein Mitglied zu entsenden, welches in den Arbeitsgruppen des Vereins mitarbeiten kann. Durch die Mitarbeit an den Lehrpl\u00e4nen k\u00f6nnen so eigene Anforderungen eingebracht werden.<\/p>\n<\/div>\n<\/div>\n\t<\/div>\r\n<\/details><details id=\"post-708\" class=\"isaqb-accordion isaqb-faq-item post-708 isaqbfaq type-isaqbfaq status-publish hentry isaqbfaqcategories-mitgliederinnen isaqbfaqcategories-verband\">\r\n\t<summary class=\"faq-item-summary\">\r\n\t\tWelche verschiedenen Mitgliedschaften gibt es im iSAQB?\t<\/summary>\r\n\t<div class=\"accordion-content faq-item-content\">\r\n\t\t<p>Alle iSAQB-Mitglieder arbeiten auf freiwilliger Basis. Es gibt verschiedene Arten der Mitgliedschaft im International Software Architecture Qualification Board:<\/p>\n<p><strong>Aktive Board-Mitglieder<\/strong><\/p>\n<p>Aktive Mitglieder werden von der Mitgliederversammlung gew\u00e4hlt und besitzen ein Stimmrecht f\u00fcr alle wichtigen Entscheidungen im Verein. Aktives Mitglied kann eine Einzelperson oder ein:e Vertreter:in eines materiell f\u00f6rdernden Unternehmens sein. Um den Status eines aktiven Mitglieds erhalten zu k\u00f6nnen, muss man zuvor f\u00fcr einen l\u00e4ngeren Zeitraum in einer oder mehreren iSAQB-Arbeitsgruppen aktiv und produktiv mitgearbeitet haben.<\/p>\n<p><strong>Ideell f\u00f6rdernde Board-Mitglieder<\/strong><\/p>\n<p>Ideell f\u00f6rdernde Mitglieder sind in der Regel Einzelpersonen. Sie k\u00f6nnen den Status eines aktiven oder passiven Mitglieds haben. Ideell f\u00f6rdernde Mitglieder zahlen keine Mitgliedsgeb\u00fchr.<\/p>\n<p><strong>Materiell f\u00f6rdernde Board-Mitglieder<\/strong><\/p>\n<p>Materiell f\u00f6rdernde Mitglieder sind in der Regel Unternehmen, die das iSAQB und dessen Ziele durch ihre Mitgliedsbeitr\u00e4ge unterst\u00fctzen m\u00f6chten. Dabei kann es sich um Trainingsprovider, aber auch um Endanwender:innen oder um Softwareentwicklungs- und Beratungsunternehmen handeln.<\/p>\n\t<\/div>\r\n<\/details><details id=\"post-709\" class=\"isaqb-accordion isaqb-faq-item post-709 isaqbfaq type-isaqbfaq status-publish hentry isaqbfaqcategories-mitgliederinnen isaqbfaqcategories-verband\">\r\n\t<summary class=\"faq-item-summary\">\r\n\t\tWie kann man Mitglied des iSAQB werden?\t<\/summary>\r\n\t<div class=\"accordion-content faq-item-content\">\r\n\t\t<p>Sie k\u00f6nnen jederzeit einen Antrag auf Mitgliedschaft oder F\u00f6rdermitgliedschaft stellen (ein entsprechendes Antragsformular zur F\u00f6rdermitgliedschaft ist <a href=\"https:\/\/www.isaqb.org\/wp-content\/uploads\/2021\/11\/membership_application_support_2021_11_25_DE.pdf\" target=\"_blank\" rel=\"noopener\">hier<\/a> verf\u00fcgbar). Als aktives Mitglied sollten Sie etwa zehn Tage im Jahr f\u00fcr das iSAQB arbeiten \u2013 in einer oder mehreren Arbeitsgruppen. Es werden bevorzugt neue Mitglieder aufgenommen, die Erfahrungen in der Ausbildung von SoftwarearchitektInnen haben.<\/p>\n\t<\/div>\r\n<\/details>\t\t<\/div>\r\n\t\t\t\t<p class=\"faq-more has-text-align-center\">\r\n\t\t\t<a href=\"https:\/\/www.isaqb.org\/de\/faq\/\" class=\"isaqb-button has-orange--background-color has-text-light-color has-dropshadow\" title=\"Zu allen FAQ\">Zu allen FAQ<\/a>\r\n\t\t<\/p>\r\n\t\t<\/section>\n\n\n<div class=\"wp-block-group alignfull is-style-border-top-violet has-grey-light-background-color has-background is-layout-constrained wp-block-group-is-layout-constrained is-style-border-top-violet--2\" style=\"padding-top:var(--wp--preset--spacing--xl);padding-bottom:var(--wp--preset--spacing--xl)\">\n<h2 class=\"wp-block-heading\">Downloads<\/h2>\n\n\n<section class=\"download-archive constrained-block isaqb-postteasercolumns\" aria-label=\"Download-Kategorie: Archiv\">\r\n\t\t\t<div class=\"download-list\">\r\n\t\t\t<details id=\"post-1376\" class=\"isaqb-accordion isaqb-download-item post-1376 isaqbdownload type-isaqbdownload status-publish hentry isaqbdownloads-isaqb isaqbdownloads-mitglieder isaqbdownloads-verein\">\r\n\t<summary class=\"download-item-summary\">\r\n\t\tAntrag auf pers\u00f6nliche Mitgliedschaft im iSAQB e. V.\t<\/summary>\r\n\t<div class=\"accordion-content download-item-content\">\r\n\t\t<p class=\"excerpt\"><p>Mit diesem Dokument kann ein Antrag auf eine pers\u00f6nliche Mitgliedschaft im iSAQB e. V. gestellt werden.<\/p>\n<\/p>\r\n\t\t<nav class=\"download-links\" aria-label=\"Dateien f\u00fcr dieses Download-Element.\">\r\n\t\t\t\t\t\t\t<a href=\"https:\/\/www.isaqb.org\/de\/wp-content\/uploads\/sites\/2\/2026\/03\/Antrag-auf-Persoenliche-Mitgliedschaft_DE-1.pdf\" type=\"application\/pdf\" class=\"has-language\" download target=\"_blank\"><i class=\"icon-language icon-language-de\"><\/i><span>Deutsche Version (<abbr title=\"PDF\">PDF<\/abbr>, 0,15 <abbr title=\"Megabyte\">MB<\/abbr>)<\/span><\/a>\r\n\t\t\t\t\t\t<\/nav>\r\n\t<\/div>\r\n<\/details>\t\t<\/div>\r\n\t\t\t\t<p class=\"download-more has-text-align-center\">\r\n\t\t\t<a href=\"https:\/\/www.isaqb.org\/de\/service\/downloads\/\" class=\"isaqb-button has-navy-background-color has-text-light-color has-dropshadow\" title=\"Zu allen Downloads\">Zu allen Downloads<\/a>\r\n\t\t<\/p>\r\n\t\t<\/section><\/div>\n<\/div>\n<\/div>\n\n\n\n<p><\/p>\n","protected":false},"excerpt":{"rendered":"<p>Arbeitsgruppen im iSAQB e. V. Arbeitsgruppen Arbeitsgruppen im iSAQB e. V. bilden das Herzst\u00fcck unserer gemeinsamen Bestrebungen zur F\u00f6rderung der Softwarearchitektur. Diese Gruppen setzen sich aus engagierten Mitgliedern zusammen, die ihre Expertise und Leidenschaft f\u00fcr die Disziplin teilen. Die Aufgaben dieser Arbeitsgruppen umfassen die Erstellung und Pflege einheitlicher Lehr- und Ausbildungspl\u00e4ne f\u00fcr Softwarearchitekt:innen im Rahmen [&hellip;]<\/p>\n","protected":false},"author":17,"featured_media":0,"parent":64,"menu_order":0,"comment_status":"closed","ping_status":"closed","template":"","meta":{"_trash_the_other_posts":false,"editor_notices":[],"footnotes":""},"class_list":["post-598","page","type-page","status-publish","hentry"],"yoast_head":"<!-- This site is optimized with the Yoast SEO plugin v27.3 - https:\/\/yoast.com\/product\/yoast-seo-wordpress\/ -->\n<title>iSAQB\u00ae Arbeitsgruppen \u2013 CPSA\u00ae Curricula &amp; Standards<\/title>\n<meta name=\"description\" content=\"Erfahren Sie mehr \u00fcber die iSAQB Arbeitsgruppen und ihre Rolle bei der Entwicklung von CPSA Curricula und Standards.\" \/>\n<meta name=\"robots\" content=\"index, follow, max-snippet:-1, max-image-preview:large, max-video-preview:-1\" \/>\n<link rel=\"canonical\" href=\"https:\/\/www.isaqb.org\/de\/ueber-uns\/arbeitsgruppen\/\" \/>\n<meta property=\"og:locale\" content=\"de_DE\" \/>\n<meta property=\"og:type\" content=\"article\" \/>\n<meta property=\"og:title\" content=\"iSAQB\u00ae Arbeitsgruppen \u2013 CPSA\u00ae Curricula &amp; Standards\" \/>\n<meta property=\"og:description\" content=\"Erfahren Sie mehr \u00fcber die iSAQB\u00ae Arbeitsgruppen und ihre Rolle bei der Entwicklung von CPSA\u00ae Curricula und Standards.\" \/>\n<meta property=\"og:url\" content=\"https:\/\/www.isaqb.org\/de\/ueber-uns\/arbeitsgruppen\/\" \/>\n<meta property=\"og:site_name\" content=\"iSAQB\u00ae - Offizielle Website\" \/>\n<meta property=\"article:modified_time\" content=\"2026-04-16T15:31:59+00:00\" \/>\n<meta property=\"og:image\" content=\"https:\/\/www.isaqb.org\/de\/wp-content\/uploads\/sites\/2\/2026\/03\/logo-isaqb-large.png\" \/>\n\t<meta property=\"og:image:width\" content=\"1000\" \/>\n\t<meta property=\"og:image:height\" content=\"500\" \/>\n\t<meta property=\"og:image:type\" content=\"image\/png\" \/>\n<meta name=\"twitter:card\" content=\"summary_large_image\" \/>\n<meta name=\"twitter:title\" content=\"iSAQB\u00ae Arbeitsgruppen \u2013 CPSA\u00ae Curricula &amp; Standards\" \/>\n<meta name=\"twitter:description\" content=\"Erfahren Sie mehr \u00fcber die iSAQB\u00ae Arbeitsgruppen und ihre Rolle bei der Entwicklung von CPSA\u00ae Curricula und Standards.\" \/>\n<meta name=\"twitter:label1\" content=\"Gesch\u00e4tzte Lesezeit\" \/>\n\t<meta name=\"twitter:data1\" content=\"3\u00a0Minuten\" \/>\n<script type=\"application\/ld+json\" class=\"yoast-schema-graph\">{\"@context\":\"https:\\\/\\\/schema.org\",\"@graph\":[{\"@type\":\"WebPage\",\"@id\":\"https:\\\/\\\/www.isaqb.org\\\/de\\\/ueber-uns\\\/arbeitsgruppen\\\/\",\"url\":\"https:\\\/\\\/www.isaqb.org\\\/de\\\/ueber-uns\\\/arbeitsgruppen\\\/\",\"name\":\"iSAQB\u00ae Arbeitsgruppen \u2013 CPSA\u00ae Curricula & Standards\",\"isPartOf\":{\"@id\":\"https:\\\/\\\/www.isaqb.org\\\/de\\\/#website\"},\"datePublished\":\"2026-03-09T13:12:38+00:00\",\"dateModified\":\"2026-04-16T15:31:59+00:00\",\"description\":\"Erfahren Sie mehr \u00fcber die iSAQB Arbeitsgruppen und ihre Rolle bei der Entwicklung von CPSA Curricula und Standards.\",\"breadcrumb\":{\"@id\":\"https:\\\/\\\/www.isaqb.org\\\/de\\\/ueber-uns\\\/arbeitsgruppen\\\/#breadcrumb\"},\"inLanguage\":\"de\",\"potentialAction\":[{\"@type\":\"ReadAction\",\"target\":[\"https:\\\/\\\/www.isaqb.org\\\/de\\\/ueber-uns\\\/arbeitsgruppen\\\/\"]}]},{\"@type\":\"BreadcrumbList\",\"@id\":\"https:\\\/\\\/www.isaqb.org\\\/de\\\/ueber-uns\\\/arbeitsgruppen\\\/#breadcrumb\",\"itemListElement\":[{\"@type\":\"ListItem\",\"position\":1,\"name\":\"Home\",\"item\":\"https:\\\/\\\/www.isaqb.org\\\/de\\\/\"},{\"@type\":\"ListItem\",\"position\":2,\"name\":\"\u00dcber uns\",\"item\":\"https:\\\/\\\/www.isaqb.org\\\/de\\\/ueber-uns\\\/\"},{\"@type\":\"ListItem\",\"position\":3,\"name\":\"Arbeitsgruppen\"}]},{\"@type\":\"WebSite\",\"@id\":\"https:\\\/\\\/www.isaqb.org\\\/de\\\/#website\",\"url\":\"https:\\\/\\\/www.isaqb.org\\\/de\\\/\",\"name\":\"iSAQB\u00ae - Offizielle Website\",\"description\":\"Das International Software Architecture Qualification Board (iSAQB) ist die f\u00fchrende Vereinigung f\u00fcr Training und Zertifizierung in der Software-Architektur\",\"potentialAction\":[{\"@type\":\"SearchAction\",\"target\":{\"@type\":\"EntryPoint\",\"urlTemplate\":\"https:\\\/\\\/www.isaqb.org\\\/de\\\/?s={search_term_string}\"},\"query-input\":{\"@type\":\"PropertyValueSpecification\",\"valueRequired\":true,\"valueName\":\"search_term_string\"}}],\"inLanguage\":\"de\"}]}<\/script>\n<!-- \/ Yoast SEO plugin. -->","yoast_head_json":{"title":"iSAQB\u00ae Arbeitsgruppen \u2013 CPSA\u00ae Curricula & Standards","description":"Erfahren Sie mehr \u00fcber die iSAQB Arbeitsgruppen und ihre Rolle bei der Entwicklung von CPSA Curricula und Standards.","robots":{"index":"index","follow":"follow","max-snippet":"max-snippet:-1","max-image-preview":"max-image-preview:large","max-video-preview":"max-video-preview:-1"},"canonical":"https:\/\/www.isaqb.org\/de\/ueber-uns\/arbeitsgruppen\/","og_locale":"de_DE","og_type":"article","og_title":"iSAQB\u00ae Arbeitsgruppen \u2013 CPSA\u00ae Curricula & Standards","og_description":"Erfahren Sie mehr \u00fcber die iSAQB\u00ae Arbeitsgruppen und ihre Rolle bei der Entwicklung von CPSA\u00ae Curricula und Standards.","og_url":"https:\/\/www.isaqb.org\/de\/ueber-uns\/arbeitsgruppen\/","og_site_name":"iSAQB\u00ae - Offizielle Website","article_modified_time":"2026-04-16T15:31:59+00:00","og_image":[{"width":1000,"height":500,"url":"https:\/\/www.isaqb.org\/de\/wp-content\/uploads\/sites\/2\/2026\/03\/logo-isaqb-large.png","type":"image\/png"}],"twitter_card":"summary_large_image","twitter_title":"iSAQB\u00ae Arbeitsgruppen \u2013 CPSA\u00ae Curricula & Standards","twitter_description":"Erfahren Sie mehr \u00fcber die iSAQB\u00ae Arbeitsgruppen und ihre Rolle bei der Entwicklung von CPSA\u00ae Curricula und Standards.","twitter_misc":{"Gesch\u00e4tzte Lesezeit":"3\u00a0Minuten"},"schema":{"@context":"https:\/\/schema.org","@graph":[{"@type":"WebPage","@id":"https:\/\/www.isaqb.org\/de\/ueber-uns\/arbeitsgruppen\/","url":"https:\/\/www.isaqb.org\/de\/ueber-uns\/arbeitsgruppen\/","name":"iSAQB\u00ae Arbeitsgruppen \u2013 CPSA\u00ae Curricula & Standards","isPartOf":{"@id":"https:\/\/www.isaqb.org\/de\/#website"},"datePublished":"2026-03-09T13:12:38+00:00","dateModified":"2026-04-16T15:31:59+00:00","description":"Erfahren Sie mehr \u00fcber die iSAQB Arbeitsgruppen und ihre Rolle bei der Entwicklung von CPSA Curricula und Standards.","breadcrumb":{"@id":"https:\/\/www.isaqb.org\/de\/ueber-uns\/arbeitsgruppen\/#breadcrumb"},"inLanguage":"de","potentialAction":[{"@type":"ReadAction","target":["https:\/\/www.isaqb.org\/de\/ueber-uns\/arbeitsgruppen\/"]}]},{"@type":"BreadcrumbList","@id":"https:\/\/www.isaqb.org\/de\/ueber-uns\/arbeitsgruppen\/#breadcrumb","itemListElement":[{"@type":"ListItem","position":1,"name":"Home","item":"https:\/\/www.isaqb.org\/de\/"},{"@type":"ListItem","position":2,"name":"\u00dcber uns","item":"https:\/\/www.isaqb.org\/de\/ueber-uns\/"},{"@type":"ListItem","position":3,"name":"Arbeitsgruppen"}]},{"@type":"WebSite","@id":"https:\/\/www.isaqb.org\/de\/#website","url":"https:\/\/www.isaqb.org\/de\/","name":"iSAQB\u00ae - Offizielle Website","description":"Das International Software Architecture Qualification Board (iSAQB) ist die f\u00fchrende Vereinigung f\u00fcr Training und Zertifizierung in der Software-Architektur","potentialAction":[{"@type":"SearchAction","target":{"@type":"EntryPoint","urlTemplate":"https:\/\/www.isaqb.org\/de\/?s={search_term_string}"},"query-input":{"@type":"PropertyValueSpecification","valueRequired":true,"valueName":"search_term_string"}}],"inLanguage":"de"}]}},"_links":{"self":[{"href":"https:\/\/www.isaqb.org\/de\/wp-json\/wp\/v2\/pages\/598","targetHints":{"allow":["GET"]}}],"collection":[{"href":"https:\/\/www.isaqb.org\/de\/wp-json\/wp\/v2\/pages"}],"about":[{"href":"https:\/\/www.isaqb.org\/de\/wp-json\/wp\/v2\/types\/page"}],"author":[{"embeddable":true,"href":"https:\/\/www.isaqb.org\/de\/wp-json\/wp\/v2\/users\/17"}],"replies":[{"embeddable":true,"href":"https:\/\/www.isaqb.org\/de\/wp-json\/wp\/v2\/comments?post=598"}],"version-history":[{"count":21,"href":"https:\/\/www.isaqb.org\/de\/wp-json\/wp\/v2\/pages\/598\/revisions"}],"predecessor-version":[{"id":1990,"href":"https:\/\/www.isaqb.org\/de\/wp-json\/wp\/v2\/pages\/598\/revisions\/1990"}],"up":[{"embeddable":true,"href":"https:\/\/www.isaqb.org\/de\/wp-json\/wp\/v2\/pages\/64"}],"wp:attachment":[{"href":"https:\/\/www.isaqb.org\/de\/wp-json\/wp\/v2\/media?parent=598"}],"curies":[{"name":"wp","href":"https:\/\/api.w.org\/{rel}","templated":true}]}}