{"id":600,"date":"2026-03-09T13:17:27","date_gmt":"2026-03-09T13:17:27","guid":{"rendered":"https:\/\/www.isaqb.org\/de\/ueber-uns\/verhaltenskodex\/"},"modified":"2026-04-08T15:15:24","modified_gmt":"2026-04-08T15:15:24","slug":"verhaltenskodex","status":"publish","type":"page","link":"https:\/\/www.isaqb.org\/de\/ueber-uns\/verhaltenskodex\/","title":{"rendered":"Verhaltenskodex"},"content":{"rendered":"\n<p class=\"has-text-align-left\" style=\"margin-top:var(--wp--preset--spacing--xl);margin-bottom:0;text-transform:uppercase\">basierend auf <a href=\"https:\/\/berlincodeofconduct.org\/\" target=\"_blank\" rel=\"noreferrer noopener\">pdx.rb Code of Conduct<\/a><\/p>\n\n\n\n<h2 class=\"wp-block-heading has-text-align-left has-secondary-font-family has-tl-font-size\" style=\"margin-top:var(--wp--preset--spacing--xxs);margin-right:var(--wp--preset--spacing--md);margin-bottom:var(--wp--preset--spacing--xs);margin-left:var(--wp--preset--spacing--md)\">Zielsetzung<\/h2>\n\n\n\n<p>Ein Verhaltenskodex hat mehrere Ziele:<\/p>\n\n\n\n<ol class=\"wp-block-list\">\n<li>Generell m\u00f6chten wir beim iSAQB, dass alle sich ausdr\u00fccken und ihre Meinung sagen k\u00f6nnen. Wir wollen nicht, dass jemand verletzt oder an verletzende Ereignisse erinnert wird. Personen im technischen Bereich sind sich oft nicht bewusst, dass Dinge, die sie zuhause in ihrem t\u00e4glichen Leben tun oder sagen, im Zusammenhang mit einer gr\u00f6\u00dferen Veranstaltung oder Gemeinschaft andere verletzen oder beleidigen k\u00f6nnten. Der Verhaltenskodex bietet Informationen und Richtlinien daf\u00fcr, wie sich die Menschen verhalten sollten, um diese Ziele zu erreichen.<br><\/li>\n\n\n\n<li>Ein sekund\u00e4rer Zweck besteht darin, den Menschen, die sich f\u00fcr das iSAQB interessieren, eine klare Botschaft zu vermitteln, dass diese Community freundlich und offen ist, insbesondere gegen\u00fcber Menschen, die in der Technikwelt unterrepr\u00e4sentiert&nbsp;sind.<br><\/li>\n\n\n\n<li>Schlie\u00dflich soll er Organisator:innen von Veranstaltungen und Moderator:innen von iSAQB-bezogenen Bereichen anleiten, wie sie den Verhaltenskodex f\u00f6rdern und, wenn n\u00f6tig, durchsetzen sollten. <\/li>\n<\/ol>\n\n\n\n<p>Der Zweck des Verhaltenskodex ist es&nbsp;<em>NICHT<\/em>, die Meinungsfreiheit einzuschr\u00e4nken, soweit diese nicht die Rechte und das Wohlergehen anderer beeintr\u00e4chtigt oder Menschen aufgrund pers\u00f6nlicher Feindseligkeit aus der Community ausschlie\u00dft.<\/p>\n\n\n\n<p>Dieser Verhaltenskodex umrei\u00dft unsere Erwartungen an alle Beteiligten unserer Community sowie die Konsequenzen f\u00fcr inakzeptables Verhalten. Wir laden alle Teilnehmenden unserer Veranstaltungen ein, sichere und positive Erfahrungen f\u00fcr alle mitzugestalten.<\/p>\n\n\n\n<h2 class=\"wp-block-heading has-text-align-left has-tl-font-size\" style=\"margin-top:var(--wp--preset--spacing--lg);margin-bottom:var(--wp--preset--spacing--xs)\">Open Architecture Community<\/h2>\n\n\n\n<p>Ein zus\u00e4tzliches Ziel dieses Verhaltenskodex ist es, die offene Architektur-Community zu st\u00e4rken. Insofern ermutigen wir unsere Teilnehmenden, die Beziehungen zwischen Handlungen und deren Auswirkungen auf unsere Community zu erkennen und zu st\u00e4rken. Communities spiegeln die Gesellschaften wider, in denen sie existieren. Positive Handlungen sind unerl\u00e4sslich, um den vielen Formen von Ungerechtigkeit und Machtmissbrauch in der Gesellschaft entgegenzuwirken.<\/p>\n\n\n\n<p>Wenn du Personen begegnest, die sich viel M\u00fche geben, unsere Community einladend und freundlich zu gestalten, und alle Teilnehmenden dazu anregen, sich voll einzubringen, w\u00fcrden wir gerne davon&nbsp;h\u00f6ren.<\/p>\n\n\n\n<div class=\"wp-block-group alignfull is-style-default has-grey-light-background-color has-background is-layout-constrained wp-block-group-is-layout-constrained\" style=\"margin-top:var(--wp--preset--spacing--xxl);padding-top:var(--wp--preset--spacing--rg);padding-bottom:var(--wp--preset--spacing--rg)\">\n<h2 class=\"wp-block-heading has-text-align-left has-tl-font-size\" style=\"padding-bottom:var(--wp--preset--spacing--md)\">Erwartetes Verhalten<\/h2>\n\n\n<div class=\"block-isaqb-imagetext alignfull nopadding imgtxt-left\">\r\n\t<picture class=\"imgtxt-image\">\r\n\t\t<img loading=\"lazy\" decoding=\"async\" width=\"1024\" height=\"546\" src=\"https:\/\/www.isaqb.org\/de\/wp-content\/uploads\/sites\/2\/2026\/03\/iStock-1182176860-1024x683-1-e1746956000730.jpg\" class=\"attachment-full size-full\" alt=\"Open Architecture Community\" srcset=\"https:\/\/www.isaqb.org\/de\/wp-content\/uploads\/sites\/2\/2026\/03\/iStock-1182176860-1024x683-1-e1746956000730.jpg 1024w, https:\/\/www.isaqb.org\/de\/wp-content\/uploads\/sites\/2\/2026\/03\/iStock-1182176860-1024x683-1-e1746956000730-300x160.jpg 300w, https:\/\/www.isaqb.org\/de\/wp-content\/uploads\/sites\/2\/2026\/03\/iStock-1182176860-1024x683-1-e1746956000730-768x410.jpg 768w\" sizes=\"auto, (max-width: 1024px) 100vw, 1024px\" \/>\t<\/picture>\r\n\t<div class=\"imgtxt-content-wrap\">\r\n\t\t<div class=\"imgtxt-content is-layout-constrained\">\r\n\t\t\t\n\n<ul class=\"wp-block-list\">\n<li>Beteilige dich authentisch und aktiv. Dadurch tr\u00e4gst du zur Gesundheit und Langlebigkeit dieser Community bei.&nbsp;<\/li>\n\n\n\n<li>Verhalte dich r\u00fccksichts- und respektvoll in Wort und&nbsp;Tat.<\/li>\n\n\n\n<li>Bem\u00fche dich um Zusammenarbeit, damit du Konflikte von Anfang an vermeiden kannst.<\/li>\n\n\n\n<li>Nimm Abstand von erniedrigender, diskriminierender oder bel\u00e4stigender Sprache und Verhalten.<\/li>\n\n\n\n<li>Achte auf deine Umgebung und die anderen Teilnehmenden. Mache die Veranstaltenden oder andere Anwesende darauf aufmerksam, wenn du eine gef\u00e4hrliche Situation, jemanden in Bedr\u00e4ngnis oder Verletzungen dieses Verhaltenskodex bemerkst, selbst wenn sie zun\u00e4chst belanglos erscheinen.<\/li>\n<\/ul>\n\n\t\t<\/div>\r\n\t<\/div>\r\n<\/div><\/div>\n\n\n<div class=\"block-isaqb-imagetext alignfull nopadding imgtxt-right\">\r\n\t<picture class=\"imgtxt-image\">\r\n\t\t<img loading=\"lazy\" decoding=\"async\" width=\"1024\" height=\"548\" src=\"https:\/\/www.isaqb.org\/de\/wp-content\/uploads\/sites\/2\/2026\/03\/iStock-179042818-1024x683-1-e1746956333877.jpg\" class=\"attachment-full size-full\" alt=\"\" srcset=\"https:\/\/www.isaqb.org\/de\/wp-content\/uploads\/sites\/2\/2026\/03\/iStock-179042818-1024x683-1-e1746956333877.jpg 1024w, https:\/\/www.isaqb.org\/de\/wp-content\/uploads\/sites\/2\/2026\/03\/iStock-179042818-1024x683-1-e1746956333877-300x161.jpg 300w, https:\/\/www.isaqb.org\/de\/wp-content\/uploads\/sites\/2\/2026\/03\/iStock-179042818-1024x683-1-e1746956333877-768x411.jpg 768w\" sizes=\"auto, (max-width: 1024px) 100vw, 1024px\" \/>\t<\/picture>\r\n\t<div class=\"imgtxt-content-wrap\">\r\n\t\t<div class=\"imgtxt-content is-layout-constrained\">\r\n\t\t\t\n\n<p><\/p>\n\n\n\n<h2 class=\"wp-block-heading\">Inakzeptables Verhalten<\/h2>\n\n\n\n<p>Inakzeptable Verhaltensweisen beinhalten: Einsch\u00fcchterung, Bel\u00e4stigung, beleidigende, diskriminierende, abwertende oder erniedrigende Sprache und Verhalten durch jegliche Teilnehmenden in unserer Community. Dies gilt online, auf allen zugeh\u00f6rigen Veranstaltungen und in pers\u00f6nlichen Gespr\u00e4chen im Rahmen unserer Community.<\/p>\n\n\n\n<p>Bel\u00e4stigung beinhaltet: Verletzende oder abwertende m\u00fcndliche oder schriftliche Kommentare in Bezug auf Geschlecht, sexuelle Orientierung, Abstammung, Religion, Behinderung; unangemessene Verwendung von Nacktheit und\/oder sexuellem Bildmaterial (inklusive Pr\u00e4sentationsfolien); absichtliche Einsch\u00fcchterung, Stalking oder Nachlaufen; bel\u00e4stigendes Fotografieren oder Filmen; st\u00e4ndige Unterbrechung von Vortr\u00e4gen oder anderen Events; unangemessener K\u00f6rperkontakt und unerw\u00fcnschte sexuelle Zuwendung.<\/p>\n\n\n\n<p><\/p>\n\n\n\n<h3 class=\"wp-block-heading has-text-align-left\">Folgen von inakzeptablem Verhalten<\/h3>\n\n\n\n<p>Inakzeptables Verhalten jeglicher Community-Mitglieder, einschlie\u00dflich Sponsoren und Entscheidungsberechtigten, wird nicht toleriert. Wird das Unterlassen inakzeptablen Verhaltens verlangt, ist dem augenblicklich Folge zu leisten.<\/p>\n\n\n\n<p>Wenn ein Community-Mitglied sich auf inakzeptable Art und Weise verh\u00e4lt, steht es den Veranstaltenden zu, jegliche ihnen angemessen erscheinende Ma\u00dfnahme zu ergreifen, bis einschlie\u00dflich einem befristeten oder permanenten Ausschluss aus der Community ohne Warnung (sowie im Falle einer zahlungspflichtigen Veranstaltung ohne R\u00fcckerstattung von Kosten).<\/p>\n\n\t\t<\/div>\r\n\t<\/div>\r\n<\/div>\n\n\n<p class=\"has-text-align-left\"><\/p>\n\n\n\n<div class=\"wp-block-group alignfull is-style-default has-grey-light-background-color has-background is-layout-constrained wp-block-group-is-layout-constrained\" style=\"margin-top:var(--wp--preset--spacing--xl);margin-bottom:var(--wp--preset--spacing--xl);padding-top:var(--wp--preset--spacing--xl);padding-bottom:var(--wp--preset--spacing--xl)\"><div class=\"block-isaqb-imagetext alignfull nopadding imgtxt-left\">\r\n\t<picture class=\"imgtxt-image\">\r\n\t\t<img loading=\"lazy\" decoding=\"async\" width=\"1024\" height=\"665\" src=\"https:\/\/www.isaqb.org\/de\/wp-content\/uploads\/sites\/2\/2026\/03\/iStock-1163040276-1024x665-1.jpg\" class=\"attachment-full size-full\" alt=\"\" srcset=\"https:\/\/www.isaqb.org\/de\/wp-content\/uploads\/sites\/2\/2026\/03\/iStock-1163040276-1024x665-1.jpg 1024w, https:\/\/www.isaqb.org\/de\/wp-content\/uploads\/sites\/2\/2026\/03\/iStock-1163040276-1024x665-1-300x195.jpg 300w, https:\/\/www.isaqb.org\/de\/wp-content\/uploads\/sites\/2\/2026\/03\/iStock-1163040276-1024x665-1-768x499.jpg 768w\" sizes=\"auto, (max-width: 1024px) 100vw, 1024px\" \/>\t<\/picture>\r\n\t<div class=\"imgtxt-content-wrap\">\r\n\t\t<div class=\"imgtxt-content is-layout-constrained\">\r\n\t\t\t\n\n<h3 class=\"wp-block-heading has-text-align-left\">Wenn du inakzeptables Verhalten erlebst<\/h3>\n\n\n\n<p>Wenn du von inakzeptablem Verhalten betroffen bist, dieses beobachtest oder andere Anliegen hast, teile dies bitte so bald wie m\u00f6glich einer f\u00fcr die Veranstaltung verantwortlichen Person mit. Zus\u00e4tzlich stehen die Veranstaltenden zur Verf\u00fcgung, um sowohl Community-Mitgliedern dabei zu helfen, mit den lokalen Ordnungs- und Strafverfolgungskr\u00e4ften in Kontakt zu treten als auch ihr Sicherheitsgef\u00fchl anderweitig wiederherzustellen. Im Rahmen von Veranstaltungen mit pers\u00f6nlicher physischer Anwesenheit stellen die Veranstaltenden auf Wunsch der betroffenen Person auch Begleitung zur Verf\u00fcgung.<\/p>\n\n\t\t<\/div>\r\n\t<\/div>\r\n<\/div><\/div>\n\n\n<div class=\"block-isaqb-imagetext alignfull nopadding imgtxt-right\">\r\n\t<picture class=\"imgtxt-image\">\r\n\t\t<img loading=\"lazy\" decoding=\"async\" width=\"1920\" height=\"1280\" src=\"https:\/\/www.isaqb.org\/de\/wp-content\/uploads\/sites\/2\/2026\/03\/iStock-853185816.jpg\" class=\"attachment-full size-full\" alt=\"\" srcset=\"https:\/\/www.isaqb.org\/de\/wp-content\/uploads\/sites\/2\/2026\/03\/iStock-853185816.jpg 1920w, https:\/\/www.isaqb.org\/de\/wp-content\/uploads\/sites\/2\/2026\/03\/iStock-853185816-300x200.jpg 300w, https:\/\/www.isaqb.org\/de\/wp-content\/uploads\/sites\/2\/2026\/03\/iStock-853185816-1024x683.jpg 1024w, https:\/\/www.isaqb.org\/de\/wp-content\/uploads\/sites\/2\/2026\/03\/iStock-853185816-768x512.jpg 768w, https:\/\/www.isaqb.org\/de\/wp-content\/uploads\/sites\/2\/2026\/03\/iStock-853185816-1536x1024.jpg 1536w\" sizes=\"auto, (max-width: 1920px) 100vw, 1920px\" \/>\t<\/picture>\r\n\t<div class=\"imgtxt-content-wrap\">\r\n\t\t<div class=\"imgtxt-content is-layout-constrained\">\r\n\t\t\t\n\n<h3 class=\"wp-block-heading has-text-align-left\">Behandlung von Beschwerden<\/h3>\n\n\n\n<p>Wenn du dich zu Unrecht oder auf ungerechte Art und Weise beschuldigt f\u00fchlst, diesen Verhaltenskodex verletzt zu haben, wende dich bitte mit einer genauen Beschreibung deiner Beschwerde an eine f\u00fcr die entsprechende Veranstaltung verantwortliche Person. Deine Beschwerde wird dann in \u00dcbereinstimmung mit unseren vorhandenen Richtlinien behandelt.<\/p>\n\n\t\t<\/div>\r\n\t<\/div>\r\n<\/div>\n\n\n<div class=\"wp-block-group alignfull is-style-default has-grey-light-background-color has-background is-layout-constrained wp-container-core-group-is-layout-8a19de39 wp-block-group-is-layout-constrained\" style=\"margin-top:var(--wp--preset--spacing--lg);margin-bottom:0;padding-top:var(--wp--preset--spacing--xs);padding-right:0;padding-bottom:var(--wp--preset--spacing--xs);padding-left:0\">\n<h2 class=\"wp-block-heading has-text-align-left has-tl-font-size\" style=\"margin-top:var(--wp--preset--spacing--rg);margin-right:var(--wp--preset--spacing--md);margin-bottom:var(--wp--preset--spacing--lg);margin-left:var(--wp--preset--spacing--md)\">Geltungsbereich<\/h2>\n\n\n\n<p>Wir erwarten, dass sich alle Teilnehmenden der Community (bezahlte oder unbezahlte Beitragende, Sponsoren sowie andere G\u00e4ste) an jedweden Veranstaltungsorten der Community \u2013 online und offline \u2013 sowie in allen pers\u00f6nlichen Gespr\u00e4chen im Rahmen der Community an diesen Verhaltenskodex halten.<\/p>\n<\/div>\n\n\n\n<p><\/p>\n","protected":false},"excerpt":{"rendered":"<p>basierend auf pdx.rb Code of Conduct Zielsetzung Ein Verhaltenskodex hat mehrere Ziele: Der Zweck des Verhaltenskodex ist es&nbsp;NICHT, die Meinungsfreiheit einzuschr\u00e4nken, soweit diese nicht die Rechte und das Wohlergehen anderer beeintr\u00e4chtigt oder Menschen aufgrund pers\u00f6nlicher Feindseligkeit aus der Community ausschlie\u00dft. Dieser Verhaltenskodex umrei\u00dft unsere Erwartungen an alle Beteiligten unserer Community sowie die Konsequenzen f\u00fcr inakzeptables [&hellip;]<\/p>\n","protected":false},"author":1,"featured_media":0,"parent":64,"menu_order":0,"comment_status":"closed","ping_status":"closed","template":"","meta":{"_trash_the_other_posts":false,"editor_notices":[],"footnotes":""},"class_list":["post-600","page","type-page","status-publish","hentry"],"yoast_head":"<!-- This site is optimized with the Yoast SEO plugin v27.3 - https:\/\/yoast.com\/product\/yoast-seo-wordpress\/ -->\n<title>Verhaltenskodex - iSAQB\u00ae - Offizielle Website<\/title>\n<meta name=\"robots\" content=\"index, follow, max-snippet:-1, max-image-preview:large, max-video-preview:-1\" \/>\n<link rel=\"canonical\" href=\"https:\/\/www.isaqb.org\/de\/ueber-uns\/verhaltenskodex\/\" \/>\n<meta property=\"og:locale\" content=\"de_DE\" \/>\n<meta property=\"og:type\" content=\"article\" \/>\n<meta property=\"og:title\" content=\"Verhaltenskodex - iSAQB\u00ae - Offizielle Website\" \/>\n<meta property=\"og:description\" content=\"basierend auf pdx.rb Code of Conduct Zielsetzung Ein Verhaltenskodex hat mehrere Ziele: Der Zweck des Verhaltenskodex ist es&nbsp;NICHT, die Meinungsfreiheit einzuschr\u00e4nken, soweit diese nicht die Rechte und das Wohlergehen anderer beeintr\u00e4chtigt oder Menschen aufgrund pers\u00f6nlicher Feindseligkeit aus der Community ausschlie\u00dft. Dieser Verhaltenskodex umrei\u00dft unsere Erwartungen an alle Beteiligten unserer Community sowie die Konsequenzen f\u00fcr inakzeptables [&hellip;]\" \/>\n<meta property=\"og:url\" content=\"https:\/\/www.isaqb.org\/de\/ueber-uns\/verhaltenskodex\/\" \/>\n<meta property=\"og:site_name\" content=\"iSAQB\u00ae - Offizielle Website\" \/>\n<meta property=\"article:modified_time\" content=\"2026-04-08T15:15:24+00:00\" \/>\n<meta name=\"twitter:card\" content=\"summary_large_image\" \/>\n<meta name=\"twitter:label1\" content=\"Gesch\u00e4tzte Lesezeit\" \/>\n\t<meta name=\"twitter:data1\" content=\"4\u00a0Minuten\" \/>\n<script type=\"application\/ld+json\" class=\"yoast-schema-graph\">{\"@context\":\"https:\\\/\\\/schema.org\",\"@graph\":[{\"@type\":\"WebPage\",\"@id\":\"https:\\\/\\\/www.isaqb.org\\\/de\\\/ueber-uns\\\/verhaltenskodex\\\/\",\"url\":\"https:\\\/\\\/www.isaqb.org\\\/de\\\/ueber-uns\\\/verhaltenskodex\\\/\",\"name\":\"Verhaltenskodex - iSAQB\u00ae - Offizielle Website\",\"isPartOf\":{\"@id\":\"https:\\\/\\\/www.isaqb.org\\\/de\\\/#website\"},\"datePublished\":\"2026-03-09T13:17:27+00:00\",\"dateModified\":\"2026-04-08T15:15:24+00:00\",\"breadcrumb\":{\"@id\":\"https:\\\/\\\/www.isaqb.org\\\/de\\\/ueber-uns\\\/verhaltenskodex\\\/#breadcrumb\"},\"inLanguage\":\"de\",\"potentialAction\":[{\"@type\":\"ReadAction\",\"target\":[\"https:\\\/\\\/www.isaqb.org\\\/de\\\/ueber-uns\\\/verhaltenskodex\\\/\"]}]},{\"@type\":\"BreadcrumbList\",\"@id\":\"https:\\\/\\\/www.isaqb.org\\\/de\\\/ueber-uns\\\/verhaltenskodex\\\/#breadcrumb\",\"itemListElement\":[{\"@type\":\"ListItem\",\"position\":1,\"name\":\"Home\",\"item\":\"https:\\\/\\\/www.isaqb.org\\\/de\\\/\"},{\"@type\":\"ListItem\",\"position\":2,\"name\":\"\u00dcber uns\",\"item\":\"https:\\\/\\\/www.isaqb.org\\\/de\\\/ueber-uns\\\/\"},{\"@type\":\"ListItem\",\"position\":3,\"name\":\"Verhaltenskodex\"}]},{\"@type\":\"WebSite\",\"@id\":\"https:\\\/\\\/www.isaqb.org\\\/de\\\/#website\",\"url\":\"https:\\\/\\\/www.isaqb.org\\\/de\\\/\",\"name\":\"iSAQB\u00ae - Offizielle Website\",\"description\":\"Das International Software Architecture Qualification Board (iSAQB) ist die f\u00fchrende Vereinigung f\u00fcr Training und Zertifizierung in der Software-Architektur\",\"potentialAction\":[{\"@type\":\"SearchAction\",\"target\":{\"@type\":\"EntryPoint\",\"urlTemplate\":\"https:\\\/\\\/www.isaqb.org\\\/de\\\/?s={search_term_string}\"},\"query-input\":{\"@type\":\"PropertyValueSpecification\",\"valueRequired\":true,\"valueName\":\"search_term_string\"}}],\"inLanguage\":\"de\"}]}<\/script>\n<!-- \/ Yoast SEO plugin. -->","yoast_head_json":{"title":"Verhaltenskodex - iSAQB\u00ae - Offizielle Website","robots":{"index":"index","follow":"follow","max-snippet":"max-snippet:-1","max-image-preview":"max-image-preview:large","max-video-preview":"max-video-preview:-1"},"canonical":"https:\/\/www.isaqb.org\/de\/ueber-uns\/verhaltenskodex\/","og_locale":"de_DE","og_type":"article","og_title":"Verhaltenskodex - iSAQB\u00ae - Offizielle Website","og_description":"basierend auf pdx.rb Code of Conduct Zielsetzung Ein Verhaltenskodex hat mehrere Ziele: Der Zweck des Verhaltenskodex ist es&nbsp;NICHT, die Meinungsfreiheit einzuschr\u00e4nken, soweit diese nicht die Rechte und das Wohlergehen anderer beeintr\u00e4chtigt oder Menschen aufgrund pers\u00f6nlicher Feindseligkeit aus der Community ausschlie\u00dft. Dieser Verhaltenskodex umrei\u00dft unsere Erwartungen an alle Beteiligten unserer Community sowie die Konsequenzen f\u00fcr inakzeptables [&hellip;]","og_url":"https:\/\/www.isaqb.org\/de\/ueber-uns\/verhaltenskodex\/","og_site_name":"iSAQB\u00ae - Offizielle Website","article_modified_time":"2026-04-08T15:15:24+00:00","twitter_card":"summary_large_image","twitter_misc":{"Gesch\u00e4tzte Lesezeit":"4\u00a0Minuten"},"schema":{"@context":"https:\/\/schema.org","@graph":[{"@type":"WebPage","@id":"https:\/\/www.isaqb.org\/de\/ueber-uns\/verhaltenskodex\/","url":"https:\/\/www.isaqb.org\/de\/ueber-uns\/verhaltenskodex\/","name":"Verhaltenskodex - iSAQB\u00ae - Offizielle Website","isPartOf":{"@id":"https:\/\/www.isaqb.org\/de\/#website"},"datePublished":"2026-03-09T13:17:27+00:00","dateModified":"2026-04-08T15:15:24+00:00","breadcrumb":{"@id":"https:\/\/www.isaqb.org\/de\/ueber-uns\/verhaltenskodex\/#breadcrumb"},"inLanguage":"de","potentialAction":[{"@type":"ReadAction","target":["https:\/\/www.isaqb.org\/de\/ueber-uns\/verhaltenskodex\/"]}]},{"@type":"BreadcrumbList","@id":"https:\/\/www.isaqb.org\/de\/ueber-uns\/verhaltenskodex\/#breadcrumb","itemListElement":[{"@type":"ListItem","position":1,"name":"Home","item":"https:\/\/www.isaqb.org\/de\/"},{"@type":"ListItem","position":2,"name":"\u00dcber uns","item":"https:\/\/www.isaqb.org\/de\/ueber-uns\/"},{"@type":"ListItem","position":3,"name":"Verhaltenskodex"}]},{"@type":"WebSite","@id":"https:\/\/www.isaqb.org\/de\/#website","url":"https:\/\/www.isaqb.org\/de\/","name":"iSAQB\u00ae - Offizielle Website","description":"Das International Software Architecture Qualification Board (iSAQB) ist die f\u00fchrende Vereinigung f\u00fcr Training und Zertifizierung in der Software-Architektur","potentialAction":[{"@type":"SearchAction","target":{"@type":"EntryPoint","urlTemplate":"https:\/\/www.isaqb.org\/de\/?s={search_term_string}"},"query-input":{"@type":"PropertyValueSpecification","valueRequired":true,"valueName":"search_term_string"}}],"inLanguage":"de"}]}},"_links":{"self":[{"href":"https:\/\/www.isaqb.org\/de\/wp-json\/wp\/v2\/pages\/600","targetHints":{"allow":["GET"]}}],"collection":[{"href":"https:\/\/www.isaqb.org\/de\/wp-json\/wp\/v2\/pages"}],"about":[{"href":"https:\/\/www.isaqb.org\/de\/wp-json\/wp\/v2\/types\/page"}],"author":[{"embeddable":true,"href":"https:\/\/www.isaqb.org\/de\/wp-json\/wp\/v2\/users\/1"}],"replies":[{"embeddable":true,"href":"https:\/\/www.isaqb.org\/de\/wp-json\/wp\/v2\/comments?post=600"}],"version-history":[{"count":12,"href":"https:\/\/www.isaqb.org\/de\/wp-json\/wp\/v2\/pages\/600\/revisions"}],"predecessor-version":[{"id":1665,"href":"https:\/\/www.isaqb.org\/de\/wp-json\/wp\/v2\/pages\/600\/revisions\/1665"}],"up":[{"embeddable":true,"href":"https:\/\/www.isaqb.org\/de\/wp-json\/wp\/v2\/pages\/64"}],"wp:attachment":[{"href":"https:\/\/www.isaqb.org\/de\/wp-json\/wp\/v2\/media?parent=600"}],"curies":[{"name":"wp","href":"https:\/\/api.w.org\/{rel}","templated":true}]}}