{"id":615,"date":"2026-03-09T15:22:48","date_gmt":"2026-03-09T15:22:48","guid":{"rendered":"https:\/\/www.isaqb.org\/de\/trainings\/akkreditierte-training-provides\/"},"modified":"2026-04-09T10:47:03","modified_gmt":"2026-04-09T10:47:03","slug":"akkreditierte-training-provider","status":"publish","type":"page","link":"https:\/\/www.isaqb.org\/de\/trainings\/akkreditierte-training-provider\/","title":{"rendered":"Trainingsanbieter"},"content":{"rendered":"\n<p class=\"has-text-align-left\" style=\"margin-top:var(--wp--preset--spacing--xl);margin-bottom:0;text-transform:uppercase\">H\u00f6chste Trainingsqualit\u00e4t in Softwarearchitektur<\/p>\n\n\n\n<h2 class=\"wp-block-heading has-text-align-left has-secondary-font-family has-tl-font-size\" style=\"margin-top:var(--wp--preset--spacing--xxs);margin-right:var(--wp--preset--spacing--md);margin-bottom:var(--wp--preset--spacing--rg);margin-left:var(--wp--preset--spacing--md)\">\u00dcbersicht aller iSAQB<sup>\u00ae<\/sup>-akkreditierten Trainingsprovider f\u00fcr CPSA\u00ae -Foundation Level | CPSA\u00ae -Advanced Level<\/h2>\n\n\n\n<p class=\"has-text-align-left\" id=\"providers\" style=\"margin-bottom:var(--wp--preset--spacing--lg)\">Nur iSAQB-akkreditierte Trainingsanbieter und Trainer sind berechtigt, CPSA-Kurse anzubieten. Die zus\u00e4tzliche Akkreditierung bestimmter CPSA-Trainings best\u00e4tigt, dass diese Kurse den jeweiligen iSAQB-Lehrpl\u00e4nen und Qualit\u00e4tsstandards vollst\u00e4ndig entsprechen.<br><\/p>\n\n\n\n<div class=\"wp-block-group alignfull is-style-default has-grey-light-background-color has-background is-layout-constrained wp-block-group-is-layout-constrained\" style=\"padding-top:var(--wp--preset--spacing--lg);padding-bottom:var(--wp--preset--spacing--xl)\">\n<h2 class=\"wp-block-heading\">Finden Sie einen iSAQB\u00ae-akkreditierten Trainingsanbieter in Ihrer N\u00e4he<\/h2>\n\n\n\n<p>W\u00e4hlen Sie nach Land, CPSA-Training und Trainingsformat.<\/p>\n\n\n<div class=\"block-isaqb-trainingproviders isaqb-trainingproviders isaqb-postteasercolumns\" aria-label=\"Liste unserer Trainingsprovider\">\r\n\t<div class=\"isaqb-filter-postlist provider-list\" data-page=\"1\" data-perpage=\"10\" data-posttype=\"isaqbproviders\" data-total=\"\">\r\n\t<\/div>\r\n\t<div class=\"isaqb-filter-loader pulse\" aria-hidden=\"true\">\r\n\t\t<p>Wird geladen&#8230;<\/p>\r\n\t<\/div>\r\n\t<div class=\"isaqb-filter-live screenreader\" aria-live=\"polite\" aria-atomic=\"true\" role=\"status\">\r\n\t<\/div>\r\n\t<div class=\"isaqb-filter-loademore-wrap\">\r\n\t\t<button class=\"isaqb-button isaqb-filter-loadmore\" disabled>Mehr laden<\/button>\r\n\t<\/div>\r\n<\/div><\/div>\n","protected":false},"excerpt":{"rendered":"<p>H\u00f6chste Trainingsqualit\u00e4t in Softwarearchitektur \u00dcbersicht aller iSAQB\u00ae-akkreditierten Trainingsprovider f\u00fcr CPSA\u00ae -Foundation Level | CPSA\u00ae -Advanced Level Nur iSAQB-akkreditierte Trainingsanbieter und Trainer sind berechtigt, CPSA-Kurse anzubieten. Die zus\u00e4tzliche Akkreditierung bestimmter CPSA-Trainings best\u00e4tigt, dass diese Kurse den jeweiligen iSAQB-Lehrpl\u00e4nen und Qualit\u00e4tsstandards vollst\u00e4ndig entsprechen. Finden Sie einen iSAQB\u00ae-akkreditierten Trainingsanbieter in Ihrer N\u00e4he W\u00e4hlen Sie nach Land, CPSA-Training und [&hellip;]<\/p>\n","protected":false},"author":1,"featured_media":0,"parent":62,"menu_order":0,"comment_status":"closed","ping_status":"closed","template":"","meta":{"_trash_the_other_posts":false,"editor_notices":[],"footnotes":""},"class_list":["post-615","page","type-page","status-publish","hentry"],"yoast_head":"<!-- This site is optimized with the Yoast SEO plugin v27.3 - https:\/\/yoast.com\/product\/yoast-seo-wordpress\/ -->\n<title>Trainingsanbieter - iSAQB\u00ae - Offizielle Website<\/title>\n<meta name=\"robots\" content=\"index, follow, max-snippet:-1, max-image-preview:large, max-video-preview:-1\" \/>\n<link rel=\"canonical\" href=\"https:\/\/www.isaqb.org\/de\/trainings\/akkreditierte-training-provider\/\" \/>\n<meta property=\"og:locale\" content=\"de_DE\" \/>\n<meta property=\"og:type\" content=\"article\" \/>\n<meta property=\"og:title\" content=\"Trainingsanbieter - iSAQB\u00ae - Offizielle Website\" \/>\n<meta property=\"og:description\" content=\"H\u00f6chste Trainingsqualit\u00e4t in Softwarearchitektur \u00dcbersicht aller iSAQB\u00ae-akkreditierten Trainingsprovider f\u00fcr CPSA\u00ae -Foundation Level | CPSA\u00ae -Advanced Level Nur iSAQB-akkreditierte Trainingsanbieter und Trainer sind berechtigt, CPSA-Kurse anzubieten. Die zus\u00e4tzliche Akkreditierung bestimmter CPSA-Trainings best\u00e4tigt, dass diese Kurse den jeweiligen iSAQB-Lehrpl\u00e4nen und Qualit\u00e4tsstandards vollst\u00e4ndig entsprechen. Finden Sie einen iSAQB\u00ae-akkreditierten Trainingsanbieter in Ihrer N\u00e4he W\u00e4hlen Sie nach Land, CPSA-Training und [&hellip;]\" \/>\n<meta property=\"og:url\" content=\"https:\/\/www.isaqb.org\/de\/trainings\/akkreditierte-training-provider\/\" \/>\n<meta property=\"og:site_name\" content=\"iSAQB\u00ae - Offizielle Website\" \/>\n<meta property=\"article:modified_time\" content=\"2026-04-09T10:47:03+00:00\" \/>\n<meta name=\"twitter:card\" content=\"summary_large_image\" \/>\n<script type=\"application\/ld+json\" class=\"yoast-schema-graph\">{\"@context\":\"https:\\\/\\\/schema.org\",\"@graph\":[{\"@type\":\"WebPage\",\"@id\":\"https:\\\/\\\/www.isaqb.org\\\/de\\\/trainings\\\/akkreditierte-training-provider\\\/\",\"url\":\"https:\\\/\\\/www.isaqb.org\\\/de\\\/trainings\\\/akkreditierte-training-provider\\\/\",\"name\":\"Trainingsanbieter - iSAQB\u00ae - Offizielle Website\",\"isPartOf\":{\"@id\":\"https:\\\/\\\/www.isaqb.org\\\/de\\\/#website\"},\"datePublished\":\"2026-03-09T15:22:48+00:00\",\"dateModified\":\"2026-04-09T10:47:03+00:00\",\"breadcrumb\":{\"@id\":\"https:\\\/\\\/www.isaqb.org\\\/de\\\/trainings\\\/akkreditierte-training-provider\\\/#breadcrumb\"},\"inLanguage\":\"de\",\"potentialAction\":[{\"@type\":\"ReadAction\",\"target\":[\"https:\\\/\\\/www.isaqb.org\\\/de\\\/trainings\\\/akkreditierte-training-provider\\\/\"]}]},{\"@type\":\"BreadcrumbList\",\"@id\":\"https:\\\/\\\/www.isaqb.org\\\/de\\\/trainings\\\/akkreditierte-training-provider\\\/#breadcrumb\",\"itemListElement\":[{\"@type\":\"ListItem\",\"position\":1,\"name\":\"Home\",\"item\":\"https:\\\/\\\/www.isaqb.org\\\/de\\\/\"},{\"@type\":\"ListItem\",\"position\":2,\"name\":\"Trainings\",\"item\":\"https:\\\/\\\/www.isaqb.org\\\/de\\\/trainings\\\/\"},{\"@type\":\"ListItem\",\"position\":3,\"name\":\"Trainingsanbieter\"}]},{\"@type\":\"WebSite\",\"@id\":\"https:\\\/\\\/www.isaqb.org\\\/de\\\/#website\",\"url\":\"https:\\\/\\\/www.isaqb.org\\\/de\\\/\",\"name\":\"iSAQB\u00ae - Offizielle Website\",\"description\":\"Das International Software Architecture Qualification Board (iSAQB) ist die f\u00fchrende Vereinigung f\u00fcr Training und Zertifizierung in der Software-Architektur\",\"potentialAction\":[{\"@type\":\"SearchAction\",\"target\":{\"@type\":\"EntryPoint\",\"urlTemplate\":\"https:\\\/\\\/www.isaqb.org\\\/de\\\/?s={search_term_string}\"},\"query-input\":{\"@type\":\"PropertyValueSpecification\",\"valueRequired\":true,\"valueName\":\"search_term_string\"}}],\"inLanguage\":\"de\"}]}<\/script>\n<!-- \/ Yoast SEO plugin. -->","yoast_head_json":{"title":"Trainingsanbieter - iSAQB\u00ae - Offizielle Website","robots":{"index":"index","follow":"follow","max-snippet":"max-snippet:-1","max-image-preview":"max-image-preview:large","max-video-preview":"max-video-preview:-1"},"canonical":"https:\/\/www.isaqb.org\/de\/trainings\/akkreditierte-training-provider\/","og_locale":"de_DE","og_type":"article","og_title":"Trainingsanbieter - iSAQB\u00ae - Offizielle Website","og_description":"H\u00f6chste Trainingsqualit\u00e4t in Softwarearchitektur \u00dcbersicht aller iSAQB\u00ae-akkreditierten Trainingsprovider f\u00fcr CPSA\u00ae -Foundation Level | CPSA\u00ae -Advanced Level Nur iSAQB-akkreditierte Trainingsanbieter und Trainer sind berechtigt, CPSA-Kurse anzubieten. Die zus\u00e4tzliche Akkreditierung bestimmter CPSA-Trainings best\u00e4tigt, dass diese Kurse den jeweiligen iSAQB-Lehrpl\u00e4nen und Qualit\u00e4tsstandards vollst\u00e4ndig entsprechen. Finden Sie einen iSAQB\u00ae-akkreditierten Trainingsanbieter in Ihrer N\u00e4he W\u00e4hlen Sie nach Land, CPSA-Training und [&hellip;]","og_url":"https:\/\/www.isaqb.org\/de\/trainings\/akkreditierte-training-provider\/","og_site_name":"iSAQB\u00ae - Offizielle Website","article_modified_time":"2026-04-09T10:47:03+00:00","twitter_card":"summary_large_image","schema":{"@context":"https:\/\/schema.org","@graph":[{"@type":"WebPage","@id":"https:\/\/www.isaqb.org\/de\/trainings\/akkreditierte-training-provider\/","url":"https:\/\/www.isaqb.org\/de\/trainings\/akkreditierte-training-provider\/","name":"Trainingsanbieter - iSAQB\u00ae - Offizielle Website","isPartOf":{"@id":"https:\/\/www.isaqb.org\/de\/#website"},"datePublished":"2026-03-09T15:22:48+00:00","dateModified":"2026-04-09T10:47:03+00:00","breadcrumb":{"@id":"https:\/\/www.isaqb.org\/de\/trainings\/akkreditierte-training-provider\/#breadcrumb"},"inLanguage":"de","potentialAction":[{"@type":"ReadAction","target":["https:\/\/www.isaqb.org\/de\/trainings\/akkreditierte-training-provider\/"]}]},{"@type":"BreadcrumbList","@id":"https:\/\/www.isaqb.org\/de\/trainings\/akkreditierte-training-provider\/#breadcrumb","itemListElement":[{"@type":"ListItem","position":1,"name":"Home","item":"https:\/\/www.isaqb.org\/de\/"},{"@type":"ListItem","position":2,"name":"Trainings","item":"https:\/\/www.isaqb.org\/de\/trainings\/"},{"@type":"ListItem","position":3,"name":"Trainingsanbieter"}]},{"@type":"WebSite","@id":"https:\/\/www.isaqb.org\/de\/#website","url":"https:\/\/www.isaqb.org\/de\/","name":"iSAQB\u00ae - Offizielle Website","description":"Das International Software Architecture Qualification Board (iSAQB) ist die f\u00fchrende Vereinigung f\u00fcr Training und Zertifizierung in der Software-Architektur","potentialAction":[{"@type":"SearchAction","target":{"@type":"EntryPoint","urlTemplate":"https:\/\/www.isaqb.org\/de\/?s={search_term_string}"},"query-input":{"@type":"PropertyValueSpecification","valueRequired":true,"valueName":"search_term_string"}}],"inLanguage":"de"}]}},"_links":{"self":[{"href":"https:\/\/www.isaqb.org\/de\/wp-json\/wp\/v2\/pages\/615","targetHints":{"allow":["GET"]}}],"collection":[{"href":"https:\/\/www.isaqb.org\/de\/wp-json\/wp\/v2\/pages"}],"about":[{"href":"https:\/\/www.isaqb.org\/de\/wp-json\/wp\/v2\/types\/page"}],"author":[{"embeddable":true,"href":"https:\/\/www.isaqb.org\/de\/wp-json\/wp\/v2\/users\/1"}],"replies":[{"embeddable":true,"href":"https:\/\/www.isaqb.org\/de\/wp-json\/wp\/v2\/comments?post=615"}],"version-history":[{"count":9,"href":"https:\/\/www.isaqb.org\/de\/wp-json\/wp\/v2\/pages\/615\/revisions"}],"predecessor-version":[{"id":1874,"href":"https:\/\/www.isaqb.org\/de\/wp-json\/wp\/v2\/pages\/615\/revisions\/1874"}],"up":[{"embeddable":true,"href":"https:\/\/www.isaqb.org\/de\/wp-json\/wp\/v2\/pages\/62"}],"wp:attachment":[{"href":"https:\/\/www.isaqb.org\/de\/wp-json\/wp\/v2\/media?parent=615"}],"curies":[{"name":"wp","href":"https:\/\/api.w.org\/{rel}","templated":true}]}}