{"id":616,"date":"2026-03-10T07:27:10","date_gmt":"2026-03-10T07:27:10","guid":{"rendered":"https:\/\/www.isaqb.org\/de\/partner\/akademische-partner\/"},"modified":"2026-04-09T10:42:29","modified_gmt":"2026-04-09T10:42:29","slug":"akademische-partner","status":"publish","type":"page","link":"https:\/\/www.isaqb.org\/de\/unsere-partner\/akademische-partner\/","title":{"rendered":"Akademische Partner"},"content":{"rendered":"\n<p class=\"has-text-align-left\" style=\"margin-top:var(--wp--preset--spacing--xl);margin-bottom:0;text-transform:uppercase\">Certified Professional for Software Architecture (CPSA<sup>\u00ae<\/sup>)<\/p>\n\n\n\n<h2 class=\"wp-block-heading has-text-align-left has-secondary-font-family has-tl-font-size\" style=\"margin-top:var(--wp--preset--spacing--xxs);margin-right:var(--wp--preset--spacing--md);margin-bottom:var(--wp--preset--spacing--md);margin-left:var(--wp--preset--spacing--md)\">Das Academic-Partner-Programm des iSAQB\u00ae <\/h2>\n\n\n\n<div style=\"height:80px\" aria-hidden=\"true\" class=\"wp-block-spacer\"><\/div>\n\n\n\n<div class=\"wp-block-group is-layout-constrained wp-block-group-is-layout-constrained\"><div class=\"block-isaqb-imagetext alignfull nopadding imgtxt-right\">\r\n\t<picture class=\"imgtxt-image\">\r\n\t\t<img loading=\"lazy\" decoding=\"async\" width=\"1920\" height=\"1280\" src=\"https:\/\/www.isaqb.org\/de\/wp-content\/uploads\/sites\/2\/2026\/03\/pages-bg5-academic4.jpg\" class=\"attachment-full size-full\" alt=\"\" srcset=\"https:\/\/www.isaqb.org\/de\/wp-content\/uploads\/sites\/2\/2026\/03\/pages-bg5-academic4.jpg 1920w, https:\/\/www.isaqb.org\/de\/wp-content\/uploads\/sites\/2\/2026\/03\/pages-bg5-academic4-300x200.jpg 300w, https:\/\/www.isaqb.org\/de\/wp-content\/uploads\/sites\/2\/2026\/03\/pages-bg5-academic4-1024x683.jpg 1024w, https:\/\/www.isaqb.org\/de\/wp-content\/uploads\/sites\/2\/2026\/03\/pages-bg5-academic4-768x512.jpg 768w, https:\/\/www.isaqb.org\/de\/wp-content\/uploads\/sites\/2\/2026\/03\/pages-bg5-academic4-1536x1024.jpg 1536w\" sizes=\"auto, (max-width: 1920px) 100vw, 1920px\" \/>\t<\/picture>\r\n\t<div class=\"imgtxt-content-wrap\">\r\n\t\t<div class=\"imgtxt-content is-layout-constrained\">\r\n\t\t\t\n\n<h3 class=\"wp-block-heading\">Fr\u00fch qualifizieren, besser starten: CPSA\u00ae-Foundation Level f\u00fcr Studierende der IT-Wissenschaften<\/h3>\n\n\n\n<p>Die weltweite Nachfrage nach akademischen Fach- und F\u00fchrungskr\u00e4ften im Bereich Softwarearchitektur ist immens und steigt weiter stetig an. Die Zertifizierung zum Certified Professional for Software Architecture-Foundation Level (CPSA\u2011F) unterst\u00fctzt den gleichzeitigen Bedarf an fundiertem Basiswissen in der Softwarearchitektur durch einen international anerkannten Ausbildungsstandard. Studierende der IT-Wissenschaften k\u00f6nnen sich somit schon w\u00e4hrend ihres Studiums mit einem hochwertigen Qualifikationsnachweis auf den Eintritt in ihr Berufsleben vorbereiten.<\/p>\n\n\n\n<p>Optionale Zertifizierungspr\u00fcfungen zum CPSA im Foundation Level k\u00f6nnen Studierende an den Partnerhochschulen des iSAQB erg\u00e4nzend zu den regul\u00e4ren Pr\u00fcfungen der Hochschulen ablegen. Studierende erhalten einen Preisnachlass von 50 Prozent f\u00fcr die Zertifizierungspr\u00fcfungen im CPSA-Foundation Level.<\/p>\n\n\n\n<div class=\"wp-block-buttons is-layout-flex wp-block-buttons-is-layout-flex\">\n<div class=\"wp-block-button\"><a class=\"wp-block-button__link wp-element-button\">Lerne mehr \u00fcber unsere Pr\u00fcfung im CPSA-Foundation Level <\/a><\/div>\n<\/div>\n\n\t\t<\/div>\r\n\t<\/div>\r\n<\/div><\/div>\n\n\n\n<div class=\"wp-block-group alignfull is-style-default has-grey-light-background-color has-background is-layout-constrained wp-block-group-is-layout-constrained\" style=\"margin-top:var(--wp--preset--spacing--xxl);margin-bottom:0;padding-top:var(--wp--preset--spacing--xl);padding-bottom:var(--wp--preset--spacing--xl)\">\n<h3 class=\"wp-block-heading has-text-align-left has-secondary-font-family has-tl-font-size\" style=\"margin-bottom:var(--wp--preset--spacing--lg)\">Liste aller anerkannter Academic Partners<\/h3>\n\n\n<div class=\"block-isaqb-academicpartners isaqb-academicpartners-list isaqb-postteasercolumns\">\r\n\r\n\t\t<form action=\"#\" class=\"isaqb-form isaqb-filter-form isaqb-filter-form-academic\">\r\n\t\t<p class=\"isaqb-acp-filter-button has-text-align-right\">\r\n\t\t\t<button class=\"isaqb-button-text isaqb-filter-reset\">Filter zur\u00fccksetzen<\/button>\r\n\t\t<\/p>\r\n\t\t<select name=\"country\" id=\"isaqb-filter-select-country\" class=\"isaqb-filter-select isaqb-select-blue\">\r\n\t\t\t<option value=\"\">Alle L\u00e4nder<\/option>\r\n\t\t\t<option id=\"languagetaxterm-brasilien\" value=\"Brasilien\">Brasilien<\/option><option id=\"languagetaxterm-deutschland\" value=\"Deutschland\">Deutschland<\/option><option id=\"languagetaxterm-ecuador\" value=\"Ecuador\">Ecuador<\/option><option id=\"languagetaxterm-irland\" value=\"Irland\">Irland<\/option><option id=\"languagetaxterm-israel\" value=\"Israel\">Israel<\/option><option id=\"languagetaxterm-jamaika\" value=\"Jamaika\">Jamaika<\/option><option id=\"languagetaxterm-kolumbien\" value=\"Kolumbien\">Kolumbien<\/option><option id=\"languagetaxterm-sterreich\" value=\"\u00d6sterreich\">\u00d6sterreich<\/option><option id=\"languagetaxterm-peru\" value=\"Peru\">Peru<\/option><option id=\"languagetaxterm-schweiz\" value=\"Schweiz\">Schweiz<\/option><option id=\"languagetaxterm-vereinigtesknigreich\" value=\"Vereinigtes K\u00f6nigreich\">Vereinigtes K\u00f6nigreich<\/option>\t\t<\/select>\r\n\t\t<select name=\"city\" id=\"isaqb-filter-select-city\" class=\"isaqb-filter-select isaqb-select-blue\">\r\n\t\t\t<option value=\"\">Alle St\u00e4dte<\/option>\r\n\t\t\t<option id=\"languagetaxterm-aachen\" value=\"Aachen\">Aachen<\/option><option id=\"languagetaxterm-berlin\" value=\"Berlin\">Berlin<\/option><option id=\"languagetaxterm-brig\" value=\"Brig\">Brig<\/option><option id=\"languagetaxterm-clausthal-zellerfeld\" value=\"Clausthal-Zellerfeld\">Clausthal-Zellerfeld<\/option><option id=\"languagetaxterm-coburg\" value=\"Coburg\">Coburg<\/option><option id=\"languagetaxterm-dsseldorf\" value=\"D\u00fcsseldorf\">D\u00fcsseldorf<\/option><option id=\"languagetaxterm-elmshorn\" value=\"Elmshorn\">Elmshorn<\/option><option id=\"languagetaxterm-furtwangen\" value=\"Furtwangen\">Furtwangen<\/option><option id=\"languagetaxterm-goiniagois\" value=\"Goi\u00e2nia, Goi\u00e1s\">Goi\u00e2nia, Goi\u00e1s<\/option><option id=\"languagetaxterm-hagenberg\" value=\"Hagenberg\">Hagenberg<\/option><option id=\"languagetaxterm-hamburg\" value=\"Hamburg\">Hamburg<\/option><option id=\"languagetaxterm-hof\" value=\"Hof\">Hof<\/option><option id=\"languagetaxterm-huancayo\" value=\"Huancayo\">Huancayo<\/option><option id=\"languagetaxterm-huddersfield\" value=\"Huddersfield\">Huddersfield<\/option><option id=\"languagetaxterm-kaiserslautern\" value=\"Kaiserslautern\">Kaiserslautern<\/option><option id=\"languagetaxterm-kiel\" value=\"Kiel\">Kiel<\/option><option id=\"languagetaxterm-lima\" value=\"Lima\">Lima<\/option><option id=\"languagetaxterm-limerick\" value=\"Limerick\">Limerick<\/option><option id=\"languagetaxterm-lbeck\" value=\"L\u00fcbeck\">L\u00fcbeck<\/option><option id=\"languagetaxterm-lneburg\" value=\"L\u00fcneburg\">L\u00fcneburg<\/option><option id=\"languagetaxterm-medelln\" value=\"Medell\u00edn\">Medell\u00edn<\/option><option id=\"languagetaxterm-mittweida\" value=\"Mittweida\">Mittweida<\/option><option id=\"languagetaxterm-mona\" value=\"Mona\">Mona<\/option><option id=\"languagetaxterm-mnchen\" value=\"M\u00fcnchen\">M\u00fcnchen<\/option><option id=\"languagetaxterm-offenburg\" value=\"Offenburg\">Offenburg<\/option><option id=\"languagetaxterm-osnabrck\" value=\"Osnabr\u00fcck\">Osnabr\u00fcck<\/option><option id=\"languagetaxterm-pichincha\" value=\"Pichincha\">Pichincha<\/option><option id=\"languagetaxterm-potsdam\" value=\"Potsdam\">Potsdam<\/option><option id=\"languagetaxterm-rosenheim\" value=\"Rosenheim\">Rosenheim<\/option><option id=\"languagetaxterm-salzburg\" value=\"Salzburg\">Salzburg<\/option><option id=\"languagetaxterm-stralsund\" value=\"Stralsund\">Stralsund<\/option><option id=\"languagetaxterm-stuttgart\" value=\"Stuttgart\">Stuttgart<\/option><option id=\"languagetaxterm-telaviv\" value=\"Tel Aviv\">Tel Aviv<\/option><option id=\"languagetaxterm-zwickau\" value=\"Zwickau\">Zwickau<\/option>\t\t<\/select>\r\n\t<\/form>\r\n\t<div class=\"isaqb-filter-postlist\" data-page=\"1\" data-perpage=\"100\" data-posttype=\"isaqbacademicpartner\" data-total=\"\">\r\n\r\n\t<\/div>\r\n\t<div class=\"isaqb-filter-loader pulse\" aria-hidden=\"true\">\r\n\t\t<p>Wird geladen&#8230;<\/p>\r\n\t<\/div>\r\n\t<div class=\"isaqb-filter-live screenreader\" aria-live=\"polite\" aria-atomic=\"true\" role=\"status\">\r\n\t<\/div>\r\n\t<div class=\"isaqb-filter-loademore-wrap\">\r\n\t\t<button class=\"isaqb-button isaqb-filter-loadmore\" disabled>Mehr laden<\/button>\r\n\t<\/div>\r\n<\/div><\/div>\n\n\n\n<p><\/p>\n","protected":false},"excerpt":{"rendered":"<p>Certified Professional for Software Architecture (CPSA\u00ae) Das Academic-Partner-Programm des iSAQB\u00ae Liste aller anerkannter Academic Partners<\/p>\n","protected":false},"author":1,"featured_media":0,"parent":58,"menu_order":0,"comment_status":"closed","ping_status":"closed","template":"","meta":{"_trash_the_other_posts":false,"editor_notices":[],"footnotes":""},"class_list":["post-616","page","type-page","status-publish","hentry"],"_links":{"self":[{"href":"https:\/\/www.isaqb.org\/de\/wp-json\/wp\/v2\/pages\/616","targetHints":{"allow":["GET"]}}],"collection":[{"href":"https:\/\/www.isaqb.org\/de\/wp-json\/wp\/v2\/pages"}],"about":[{"href":"https:\/\/www.isaqb.org\/de\/wp-json\/wp\/v2\/types\/page"}],"author":[{"embeddable":true,"href":"https:\/\/www.isaqb.org\/de\/wp-json\/wp\/v2\/users\/1"}],"replies":[{"embeddable":true,"href":"https:\/\/www.isaqb.org\/de\/wp-json\/wp\/v2\/comments?post=616"}],"version-history":[{"count":15,"href":"https:\/\/www.isaqb.org\/de\/wp-json\/wp\/v2\/pages\/616\/revisions"}],"predecessor-version":[{"id":1870,"href":"https:\/\/www.isaqb.org\/de\/wp-json\/wp\/v2\/pages\/616\/revisions\/1870"}],"up":[{"embeddable":true,"href":"https:\/\/www.isaqb.org\/de\/wp-json\/wp\/v2\/pages\/58"}],"wp:attachment":[{"href":"https:\/\/www.isaqb.org\/de\/wp-json\/wp\/v2\/media?parent=616"}],"curies":[{"name":"wp","href":"https:\/\/api.w.org\/{rel}","templated":true}]}}