{"id":617,"date":"2026-03-10T07:34:40","date_gmt":"2026-03-10T07:34:40","guid":{"rendered":"https:\/\/www.isaqb.org\/de\/partner\/akademischer-partner-werden\/"},"modified":"2026-04-09T10:43:11","modified_gmt":"2026-04-09T10:43:11","slug":"akademischer-partner-werden","status":"publish","type":"page","link":"https:\/\/www.isaqb.org\/de\/unsere-partner\/akademischer-partner-werden\/","title":{"rendered":"Akademischer Partner werden"},"content":{"rendered":"\n<p class=\"has-text-align-left\" style=\"margin-top:var(--wp--preset--spacing--xl);margin-bottom:0;text-transform:uppercase\">CERTIFIED PROFESSIONAL FOR SOFTWARE ARCHITECTURE (CPSA\u00ae) CERTIFICATION an Hochschulen<\/p>\n\n\n\n<h2 class=\"wp-block-heading has-text-align-left has-secondary-font-family has-tl-font-size\" style=\"margin-top:var(--wp--preset--spacing--xxs);margin-right:var(--wp--preset--spacing--md);margin-bottom:var(--wp--preset--spacing--lg);margin-left:var(--wp--preset--spacing--md)\">Werden Sie akademischer Partner des iSAQB\u00ae<\/h2>\n\n\n\n<div class=\"wp-block-media-text is-stacked-on-mobile\" style=\"grid-template-columns:37% auto\"><figure class=\"wp-block-media-text__media\"><img loading=\"lazy\" decoding=\"async\" width=\"1024\" height=\"683\" src=\"https:\/\/www.isaqb.org\/de\/wp-content\/uploads\/sites\/2\/2026\/03\/pages-bg5-academic.jpg\" alt=\"\" class=\"wp-image-729 size-full\" srcset=\"https:\/\/www.isaqb.org\/de\/wp-content\/uploads\/sites\/2\/2026\/03\/pages-bg5-academic.jpg 1024w, https:\/\/www.isaqb.org\/de\/wp-content\/uploads\/sites\/2\/2026\/03\/pages-bg5-academic-300x200.jpg 300w, https:\/\/www.isaqb.org\/de\/wp-content\/uploads\/sites\/2\/2026\/03\/pages-bg5-academic-768x512.jpg 768w\" sizes=\"auto, (max-width: 1024px) 100vw, 1024px\" \/><\/figure><div class=\"wp-block-media-text__content\">\n<p>Der iSAQB ist ein internationaler Verband, der sich aus f\u00fchrenden Experten f\u00fcr Softwarearchitektur und Unternehmen aus der gesamten Branche zusammensetzt und sich zum Ziel gesetzt hat, weltweit Wissensstandards in der Softwarearchitektur f\u00fcr Beratung, Schulung, Wissenschaft und Unternehmen gleicherma\u00dfen zu setzen. Als gemeinn\u00fctzige Organisation stellt die iSAQB Softwarearchitekten weltweit wertvolle Schulungsmaterialien und anerkannte Zertifizierungen zur Verf\u00fcgung.<\/p>\n<\/div><\/div>\n\n\n\n<h3 class=\"wp-block-heading\">Certified Professional for Software Architecture<\/h3>\n\n\n\n<p>Der Bef\u00e4higungsnachweis Certified Professional for Software Architecture-Foundation Level (CPSA\u2011F) ist die herausragende, international anerkannte Bezeichnung f\u00fcr Praktiker:innen der Softwarearchitektur. Dieses Qualit\u00e4tssiegel wird denjenigen verliehen, die die Beherrschung eines fundierten Basiswissens im Bereich Softwarearchitektur nachweisen k\u00f6nnen.<\/p>\n\n\n\n<p>Der Beitritt zum akademischen Partnerprogramm des iSAQB zeigt, dass Ihre Institution den h\u00f6chsten Standards der Lehre im Bereich Softwarearchitektur entspricht. Mit der Aufnahme als Academic Partner sind keine Geb\u00fchren und viele Vorteile verbunden.<\/p>\n\n\n\n<h3 class=\"wp-block-heading\">Vorteile f\u00fcr Academic Partners des&nbsp;iSAQB<sup>\u00ae<\/sup><\/h3>\n\n\n\n<div class=\"wp-block-media-text is-stacked-on-mobile\" style=\"grid-template-columns:29% auto\"><figure class=\"wp-block-media-text__media\"><img loading=\"lazy\" decoding=\"async\" width=\"456\" height=\"278\" src=\"https:\/\/www.isaqb.org\/wp-content\/uploads\/sites\/2\/2026\/03\/pages-isaqb_Recognized_Academic_Partner_rgb-456x278-1.png\" alt=\"Logo: &quot;iSAQB Recognized Academic Partner&quot;\" class=\"wp-image-728 size-full\" srcset=\"https:\/\/www.isaqb.org\/de\/wp-content\/uploads\/sites\/2\/2026\/03\/pages-isaqb_Recognized_Academic_Partner_rgb-456x278-1.png 456w, https:\/\/www.isaqb.org\/de\/wp-content\/uploads\/sites\/2\/2026\/03\/pages-isaqb_Recognized_Academic_Partner_rgb-456x278-1-300x183.png 300w\" sizes=\"auto, (max-width: 456px) 100vw, 456px\" \/><\/figure><div class=\"wp-block-media-text__content\">\n<ul class=\"wp-block-list\">\n<li>Lehrkr\u00e4fte erhalten einen kompletten Foliensatz mit didaktisch aufbereitetem Trainingsmaterial gem\u00e4\u00df dem Lehrplan zum Certified Professional for Software Architecture-Foundation Level (CPSA\u2011F) sowie einen umfassenden Leitfaden f\u00fcr Ausbilder (kostenlos, erh\u00e4ltlich in Englisch und Spanisch).<\/li>\n\n\n\n<li>Sie haben das Recht, CPSA-Pr\u00fcfungen vor Ort \u2013 zusammen mit anerkannten Zertifizierungspartnern des iSAQB \u2013 zu organisieren.<\/li>\n\n\n\n<li>Studenten erhalten einen Rabatt von 50 % auf die CPSA-Foundation Level-Zertifizierungspr\u00fcfung.<\/li>\n\n\n\n<li>Zugang zum iSAQB Academic Partner Netzwerk, das zahlreiche M\u00f6glichkeiten zur Vernetzung zwischen Academic Partnern und mit Experten aus der IT-Branche bietet.<\/li>\n\n\n\n<li>Die Vermittlung von bekannten iSAQB-Expert:innen als Gastdozent:innen ist m\u00f6glich.<\/li>\n\n\n\n<li>Akademische Partner erhalten eine Anerkennungsurkunde und das Qualit\u00e4tssiegel \u201eiSAQB Academic Partner\u201c, das in allen Ihren Marketingmaterialien verwendet werden kann.<\/li>\n\n\n\n<li>Anerkennung auf der Website des iSAQB, mit Logo, Adressdaten und einem Link zu Ihrer Website.<\/li>\n\n\n\n<li>Kostenlose Teilnahme an der j\u00e4hrlichen Konferenz des iSAQB, der Software Architecture Gathering (SAG), f\u00fcr Dozenten und Studenten.<\/li>\n<\/ul>\n<\/div><\/div>\n\n\n\n<p class=\"has-text-align-left\">Wenn Ihre Institution daran interessiert ist, dem akademischen Partnerprogramm des iSAQB beizutreten, dann freuen wir uns auf Ihre Kontaktaufnahme an <a href=\"mailto:info@isaqb.org\">info@isaqb.org<\/a>.<\/p>\n\n\n\n<div class=\"wp-block-buttons is-layout-flex wp-block-buttons-is-layout-flex\">\n<div class=\"wp-block-button\"><a class=\"wp-block-button__link wp-element-button\" href=\"https:\/\/www.isaqb.org\/de\/wp-content\/uploads\/sites\/2\/2026\/04\/iSAQB_Vereinbarung_Academic_Partner_Hochschule_DE-NEU.pdf\" target=\"_blank\" rel=\"noreferrer noopener\">Vereinbarung zur Anerkennung als iSAQB Academic Partner zum Download<\/a><\/div>\n\n\n\n<div class=\"wp-block-button\"><a class=\"wp-block-button__link wp-element-button\" href=\"https:\/\/www.isaqb.org\/de\/wp-content\/uploads\/sites\/2\/2026\/04\/iSAQB_Flyer_Academic_Partner_Program_2022.pdf\" target=\"_blank\" rel=\"noreferrer noopener\">Infobroch\u00fcre Academic Partner Program (Englisch) zum Download<\/a><\/div>\n<\/div>\n\n\n\n<div style=\"height:100px\" aria-hidden=\"true\" class=\"wp-block-spacer\"><\/div>\n","protected":false},"excerpt":{"rendered":"<p>CERTIFIED PROFESSIONAL FOR SOFTWARE ARCHITECTURE (CPSA\u00ae) CERTIFICATION an Hochschulen Werden Sie akademischer Partner des iSAQB\u00ae Der iSAQB ist ein internationaler Verband, der sich aus f\u00fchrenden Experten f\u00fcr Softwarearchitektur und Unternehmen aus der gesamten Branche zusammensetzt und sich zum Ziel gesetzt hat, weltweit Wissensstandards in der Softwarearchitektur f\u00fcr Beratung, Schulung, Wissenschaft und Unternehmen gleicherma\u00dfen zu setzen. [&hellip;]<\/p>\n","protected":false},"author":1,"featured_media":0,"parent":58,"menu_order":0,"comment_status":"closed","ping_status":"closed","template":"","meta":{"_trash_the_other_posts":false,"editor_notices":[],"footnotes":""},"class_list":["post-617","page","type-page","status-publish","hentry"],"_links":{"self":[{"href":"https:\/\/www.isaqb.org\/de\/wp-json\/wp\/v2\/pages\/617","targetHints":{"allow":["GET"]}}],"collection":[{"href":"https:\/\/www.isaqb.org\/de\/wp-json\/wp\/v2\/pages"}],"about":[{"href":"https:\/\/www.isaqb.org\/de\/wp-json\/wp\/v2\/types\/page"}],"author":[{"embeddable":true,"href":"https:\/\/www.isaqb.org\/de\/wp-json\/wp\/v2\/users\/1"}],"replies":[{"embeddable":true,"href":"https:\/\/www.isaqb.org\/de\/wp-json\/wp\/v2\/comments?post=617"}],"version-history":[{"count":15,"href":"https:\/\/www.isaqb.org\/de\/wp-json\/wp\/v2\/pages\/617\/revisions"}],"predecessor-version":[{"id":1872,"href":"https:\/\/www.isaqb.org\/de\/wp-json\/wp\/v2\/pages\/617\/revisions\/1872"}],"up":[{"embeddable":true,"href":"https:\/\/www.isaqb.org\/de\/wp-json\/wp\/v2\/pages\/58"}],"wp:attachment":[{"href":"https:\/\/www.isaqb.org\/de\/wp-json\/wp\/v2\/media?parent=617"}],"curies":[{"name":"wp","href":"https:\/\/api.w.org\/{rel}","templated":true}]}}