{"id":621,"date":"2026-03-10T07:44:40","date_gmt":"2026-03-10T07:44:40","guid":{"rendered":"https:\/\/www.isaqb.org\/de\/?page_id=621"},"modified":"2026-04-28T16:10:49","modified_gmt":"2026-04-28T16:10:49","slug":"kontakt","status":"publish","type":"page","link":"https:\/\/www.isaqb.org\/de\/service\/kontakt\/","title":{"rendered":"Kontakt"},"content":{"rendered":"\n<p class=\"has-text-align-left\" style=\"margin-top:var(--wp--preset--spacing--xl);margin-bottom:0;text-transform:uppercase\">International Software Architecture Qualification Board<\/p>\n\n\n\n<h2 class=\"wp-block-heading has-text-align-left has-secondary-font-family has-tl-font-size\" style=\"margin-top:var(--wp--preset--spacing--xxs);margin-right:var(--wp--preset--spacing--md);margin-bottom:var(--wp--preset--spacing--rg);margin-left:var(--wp--preset--spacing--md)\">Kontakt zum iSAQB<sup>\u00ae<\/sup>\u2013<br>International Software Architecture Qualification Board<\/h2>\n\n\n\n<p class=\"has-text-align-left\"><\/p>\n\n\n\n<p class=\"has-text-align-left\" style=\"margin-bottom:var(--wp--preset--spacing--rg)\">Haben Sie Fragen, Anregungen oder W\u00fcnsche? Z\u00f6gern Sie bitte nicht, uns zu kontaktieren. Unser Team freut sich, von Ihnen zu&nbsp;h\u00f6ren!<strong><br><\/strong><\/p>\n\n\n\n<div class=\"wp-block-columns is-layout-flex wp-container-core-columns-is-layout-28f84493 wp-block-columns-is-layout-flex\">\n<div class=\"wp-block-column is-layout-flow wp-block-column-is-layout-flow\">\n<p class=\"has-xm-font-size\" style=\"font-style:normal;font-weight:700\">Kontakt f\u00fcr alle Interessent:innen und Partner:innen des iSAQB<\/p>\n\n\n\n<p class=\"has-xm-font-size\" style=\"font-style:normal;font-weight:500\">iSAQB GmbH<\/p>\n\n\n\n<p>Feuerbachstr. 6<br>14471 Potsdam<br>Deutschland<\/p>\n\n\n\n<p>Telefon: <a href=\"tel:+4933195136712\">+49 331\u2013951367-12<\/a><br>E-Mail: <a href=\"mailto:info@isaqb.org\">info@isaqb.org<\/a><\/p>\n<\/div>\n\n\n\n<div class=\"wp-block-column is-layout-flow wp-block-column-is-layout-flow\">\n<p class=\"has-xm-font-size\" style=\"font-style:normal;font-weight:700\">iSAQB-Pressekontakt<br><\/p>\n\n\n\n<p class=\"has-xm-font-size\" style=\"font-style:normal;font-weight:500\">iSAQB GmbH<\/p>\n\n\n\n<p>Feuerbachstr. 6<br>14471 Potsdam<br>Germany<\/p>\n\n\n\n<p>Telefon: <a href=\"tel:+4933195136712\">+49 331\u2013951367-12<\/a><br>E-Mail: <a href=\"mailto:media@isaqb.org\">media@isaqb.org<\/a><\/p>\n<\/div>\n\n\n\n<div class=\"wp-block-column is-layout-flow wp-block-column-is-layout-flow\">\n<p class=\"has-xm-font-size\" style=\"font-style:normal;font-weight:700\">Kontakt f\u00fcr eine Mitgliedschaft im iSAQB e. V.<\/p>\n\n\n\n<p class=\"has-xm-font-size\" style=\"font-style:normal;font-weight:500\">iSAQB e.V.<\/p>\n\n\n\n<p>Donnersbergweg 4<br>67059 Ludwigshafen am Rhein<br>Deutschland<\/p>\n\n\n\n<p>Telefon: <a href=\"tel:+4933195136712\">+49 331\u2013951367-12<\/a><br>E-Mail: <a href=\"mailto:office@isaqb.org\">office@isaqb.org<\/a><\/p>\n<\/div>\n<\/div>\n\n\n\n<div class=\"wp-block-group alignfull is-style-border-top-violet has-grey-light-background-color has-background is-layout-constrained wp-container-core-group-is-layout-ac138a80 wp-block-group-is-layout-constrained is-style-border-top-violet--1\" style=\"margin-top:var(--wp--preset--spacing--xxl);padding-top:var(--wp--preset--spacing--xl);padding-bottom:var(--wp--preset--spacing--xl)\">\n<h3 class=\"wp-block-heading has-text-align-center\">Nutzen Sie das Formular f\u00fcr eine schnelle Kontaktaufnahme!<\/h3>\n\n\n\n<div class=\"wp-block-contact-form-7-contact-form-selector\">\n<div class=\"wpcf7 no-js\" id=\"wpcf7-f622-o1\" lang=\"de-DE\" dir=\"ltr\" data-wpcf7-id=\"622\">\n<div class=\"screen-reader-response\"><p role=\"status\" aria-live=\"polite\" aria-atomic=\"true\"><\/p> <ul><\/ul><\/div>\n<form action=\"\/de\/wp-json\/wp\/v2\/pages\/621#wpcf7-f622-o1\" method=\"post\" class=\"wpcf7-form init\" aria-label=\"Kontaktformular\" novalidate=\"novalidate\" data-status=\"init\">\n<fieldset class=\"hidden-fields-container\"><input type=\"hidden\" name=\"_wpcf7\" value=\"622\" \/><input type=\"hidden\" name=\"_wpcf7_version\" value=\"6.1.5\" \/><input type=\"hidden\" name=\"_wpcf7_locale\" value=\"de_DE\" \/><input type=\"hidden\" name=\"_wpcf7_unit_tag\" value=\"wpcf7-f622-o1\" \/><input type=\"hidden\" name=\"_wpcf7_container_post\" value=\"0\" \/><input type=\"hidden\" name=\"_wpcf7_posted_data_hash\" value=\"\" \/><input type=\"hidden\" name=\"_wpcf7_recaptcha_response\" value=\"\" \/>\n<\/fieldset>\n<p class=\"formrow\"><label for=\"your-name\" class=\"screen-reader-text\">Your name *<\/label><span class=\"wpcf7-form-control-wrap\" data-name=\"your-name\"><input size=\"40\" maxlength=\"400\" class=\"wpcf7-form-control wpcf7-text wpcf7-validates-as-required\" autocomplete=\"name\" aria-required=\"true\" aria-invalid=\"false\" placeholder=\"Ihr Name\" value=\"\" type=\"text\" name=\"your-name\" \/><\/span>\n<\/p>\n<p class=\"formrow\"><label for=\"your-email\" class=\"screen-reader-text\">Your email *<\/label><span class=\"wpcf7-form-control-wrap\" data-name=\"your-email\"><input size=\"40\" maxlength=\"400\" class=\"wpcf7-form-control wpcf7-email wpcf7-validates-as-required wpcf7-text wpcf7-validates-as-email\" autocomplete=\"email\" aria-required=\"true\" aria-invalid=\"false\" placeholder=\"Ihre E-Mail\" value=\"\" type=\"email\" name=\"your-email\" \/><\/span><span id=\"wpcf7-69f31bc88330a-wrapper\" class=\"wpcf7-form-control-wrap your-fax-wrap\" ><input type=\"hidden\" name=\"your-fax-time-start\" value=\"1777540040\"><input type=\"hidden\" name=\"your-fax-time-check\" value=\"9\"><label for=\"wpcf7-69f31bc88330a-field\" class=\"hp-message\">Bitte lasse dieses Feld leer.<\/label><input id=\"wpcf7-69f31bc88330a-field\"  placeholder=\"Ihre Faxnummer\"  class=\"wpcf7-form-control wpcf7-text\" type=\"text\" name=\"your-fax\" value=\"\" size=\"40\" tabindex=\"-1\" autocomplete=\"new-password\" \/><\/span>\n<\/p>\n<p class=\"formrow\"><label for=\"subject\" class=\"screen-reader-text\">Betreff *<\/label><span class=\"wpcf7-form-control-wrap\" data-name=\"subject\"><select class=\"wpcf7-form-control wpcf7-select\" aria-invalid=\"false\" name=\"subject\"><option value=\"\">Allgemeine Anfrage<\/option><option value=\"Zertifizierungen\">Zertifizierungen<\/option><option value=\"An Trainings teilnehmen\">An Trainings teilnehmen<\/option><option value=\"Trainings anbieten\">Trainings anbieten<\/option><option value=\"iSAQB Mitgliedschaft\">iSAQB Mitgliedschaft<\/option><\/select><\/span>\n<\/p>\n<p class=\"formrow\"><label for=\"your-message\" class=\"screen-reader-text\">Ihre Nachricht *<\/label><span class=\"wpcf7-form-control-wrap\" data-name=\"your-message\"><textarea cols=\"40\" rows=\"10\" maxlength=\"2000\" class=\"wpcf7-form-control wpcf7-textarea wpcf7-validates-as-required\" aria-required=\"true\" aria-invalid=\"false\" placeholder=\"Ihre Nachricht\" name=\"your-message\"><\/textarea><\/span>\n<\/p>\n<p class=\"formrow\"><span class=\"wpcf7-form-control-wrap\" data-name=\"acceptance-gdpr\"><span class=\"wpcf7-form-control wpcf7-acceptance\"><span class=\"wpcf7-list-item\"><label><input type=\"checkbox\" name=\"acceptance-gdpr\" value=\"1\" aria-invalid=\"false\" \/><span class=\"wpcf7-list-item-label\">Ich habe die <a href=\"https:\/\/www.isaqb.org\/privacy-policy\/\" target=\"_blank\">Datenschutzerkl\u00e4rung<\/a> gelesen uns stimme zu, dass meine Daten aus dem Kontaktformular gespeichert und f\u00fcr meine Antwort verarbeitet werden.<\/span><\/label><\/span><\/span><\/span>\n<\/p>\n<p class=\"formrow\"><input class=\"wpcf7-form-control wpcf7-submit has-spinner\" type=\"submit\" value=\"Absenden\" \/>\n<\/p><div class=\"wpcf7-response-output\" aria-hidden=\"true\"><\/div>\n<\/form>\n<\/div>\n<\/div>\n<\/div>\n\n\n\n<p><\/p>\n","protected":false},"excerpt":{"rendered":"<p>International Software Architecture Qualification Board Kontakt zum iSAQB\u00ae\u2013International Software Architecture Qualification Board Haben Sie Fragen, Anregungen oder W\u00fcnsche? Z\u00f6gern Sie bitte nicht, uns zu kontaktieren. Unser Team freut sich, von Ihnen zu&nbsp;h\u00f6ren! Kontakt f\u00fcr alle Interessent:innen und Partner:innen des iSAQB iSAQB GmbH Feuerbachstr. 614471 PotsdamDeutschland Telefon: +49 331\u2013951367-12E-Mail: info@isaqb.org iSAQB-Pressekontakt iSAQB GmbH Feuerbachstr. 614471 PotsdamGermany [&hellip;]<\/p>\n","protected":false},"author":1,"featured_media":0,"parent":60,"menu_order":0,"comment_status":"closed","ping_status":"closed","template":"","meta":{"_trash_the_other_posts":false,"editor_notices":[],"footnotes":""},"class_list":["post-621","page","type-page","status-publish","hentry"],"yoast_head":"<!-- This site is optimized with the Yoast SEO plugin v27.3 - https:\/\/yoast.com\/product\/yoast-seo-wordpress\/ -->\n<title>Kontakt zum iSAQB aufnehmen<\/title>\n<meta name=\"description\" content=\"Kontaktieren Sie das iSAQB bei Fragen zu Softwarearchitektur, CPSA-Zertifizierung, Trainings oder Partnerschaften.\" \/>\n<meta name=\"robots\" content=\"index, follow, max-snippet:-1, max-image-preview:large, max-video-preview:-1\" \/>\n<link rel=\"canonical\" href=\"https:\/\/www.isaqb.org\/de\/service\/kontakt\/\" \/>\n<meta property=\"og:locale\" content=\"de_DE\" \/>\n<meta property=\"og:type\" content=\"article\" \/>\n<meta property=\"og:title\" content=\"Kontakt zum iSAQB aufnehmen\" \/>\n<meta property=\"og:description\" content=\"Kontaktieren Sie das iSAQB bei Fragen zu Softwarearchitektur, CPSA-Zertifizierung, Trainings oder Partnerschaften.\" \/>\n<meta property=\"og:url\" content=\"https:\/\/www.isaqb.org\/de\/service\/kontakt\/\" \/>\n<meta property=\"og:site_name\" content=\"iSAQB\u00ae - Offizielle Website\" \/>\n<meta property=\"article:modified_time\" content=\"2026-04-28T16:10:49+00:00\" \/>\n<meta property=\"og:image\" content=\"https:\/\/www.isaqb.org\/de\/wp-content\/uploads\/sites\/2\/2026\/04\/iStock-1048398662.jpg\" \/>\n\t<meta property=\"og:image:width\" content=\"2309\" \/>\n\t<meta property=\"og:image:height\" content=\"1299\" \/>\n\t<meta property=\"og:image:type\" content=\"image\/jpeg\" \/>\n<meta name=\"twitter:card\" content=\"summary_large_image\" \/>\n<meta name=\"twitter:title\" content=\"Kontakt zum iSAQB aufnehmen\" \/>\n<meta name=\"twitter:description\" content=\"Kontaktieren Sie das iSAQB bei Fragen zu Softwarearchitektur, CPSA-Zertifizierung, Trainings oder Partnerschaften.\" \/>\n<meta name=\"twitter:image\" content=\"https:\/\/www.isaqb.org\/de\/wp-content\/uploads\/sites\/2\/2026\/04\/iStock-1048398662.jpg\" \/>\n<meta name=\"twitter:label1\" content=\"Gesch\u00e4tzte Lesezeit\" \/>\n\t<meta name=\"twitter:data1\" content=\"1\u00a0Minute\" \/>\n<script type=\"application\/ld+json\" class=\"yoast-schema-graph\">{\"@context\":\"https:\\\/\\\/schema.org\",\"@graph\":[{\"@type\":\"WebPage\",\"@id\":\"https:\\\/\\\/www.isaqb.org\\\/de\\\/service\\\/kontakt\\\/\",\"url\":\"https:\\\/\\\/www.isaqb.org\\\/de\\\/service\\\/kontakt\\\/\",\"name\":\"Kontakt zum iSAQB aufnehmen\",\"isPartOf\":{\"@id\":\"https:\\\/\\\/www.isaqb.org\\\/de\\\/#website\"},\"datePublished\":\"2026-03-10T07:44:40+00:00\",\"dateModified\":\"2026-04-28T16:10:49+00:00\",\"description\":\"Kontaktieren Sie das iSAQB bei Fragen zu Softwarearchitektur, CPSA-Zertifizierung, Trainings oder Partnerschaften.\",\"breadcrumb\":{\"@id\":\"https:\\\/\\\/www.isaqb.org\\\/de\\\/service\\\/kontakt\\\/#breadcrumb\"},\"inLanguage\":\"de\",\"potentialAction\":[{\"@type\":\"ReadAction\",\"target\":[\"https:\\\/\\\/www.isaqb.org\\\/de\\\/service\\\/kontakt\\\/\"]}]},{\"@type\":\"BreadcrumbList\",\"@id\":\"https:\\\/\\\/www.isaqb.org\\\/de\\\/service\\\/kontakt\\\/#breadcrumb\",\"itemListElement\":[{\"@type\":\"ListItem\",\"position\":1,\"name\":\"Home\",\"item\":\"https:\\\/\\\/www.isaqb.org\\\/de\\\/\"},{\"@type\":\"ListItem\",\"position\":2,\"name\":\"Service\",\"item\":\"https:\\\/\\\/www.isaqb.org\\\/de\\\/service\\\/\"},{\"@type\":\"ListItem\",\"position\":3,\"name\":\"Kontakt\"}]},{\"@type\":\"WebSite\",\"@id\":\"https:\\\/\\\/www.isaqb.org\\\/de\\\/#website\",\"url\":\"https:\\\/\\\/www.isaqb.org\\\/de\\\/\",\"name\":\"iSAQB\u00ae - Offizielle Website\",\"description\":\"Das International Software Architecture Qualification Board (iSAQB) ist die f\u00fchrende Vereinigung f\u00fcr Training und Zertifizierung in der Software-Architektur\",\"potentialAction\":[{\"@type\":\"SearchAction\",\"target\":{\"@type\":\"EntryPoint\",\"urlTemplate\":\"https:\\\/\\\/www.isaqb.org\\\/de\\\/?s={search_term_string}\"},\"query-input\":{\"@type\":\"PropertyValueSpecification\",\"valueRequired\":true,\"valueName\":\"search_term_string\"}}],\"inLanguage\":\"de\"}]}<\/script>\n<!-- \/ Yoast SEO plugin. -->","yoast_head_json":{"title":"Kontakt zum iSAQB aufnehmen","description":"Kontaktieren Sie das iSAQB bei Fragen zu Softwarearchitektur, CPSA-Zertifizierung, Trainings oder Partnerschaften.","robots":{"index":"index","follow":"follow","max-snippet":"max-snippet:-1","max-image-preview":"max-image-preview:large","max-video-preview":"max-video-preview:-1"},"canonical":"https:\/\/www.isaqb.org\/de\/service\/kontakt\/","og_locale":"de_DE","og_type":"article","og_title":"Kontakt zum iSAQB aufnehmen","og_description":"Kontaktieren Sie das iSAQB bei Fragen zu Softwarearchitektur, CPSA-Zertifizierung, Trainings oder Partnerschaften.","og_url":"https:\/\/www.isaqb.org\/de\/service\/kontakt\/","og_site_name":"iSAQB\u00ae - Offizielle Website","article_modified_time":"2026-04-28T16:10:49+00:00","og_image":[{"width":2309,"height":1299,"url":"https:\/\/www.isaqb.org\/de\/wp-content\/uploads\/sites\/2\/2026\/04\/iStock-1048398662.jpg","type":"image\/jpeg"}],"twitter_card":"summary_large_image","twitter_title":"Kontakt zum iSAQB aufnehmen","twitter_description":"Kontaktieren Sie das iSAQB bei Fragen zu Softwarearchitektur, CPSA-Zertifizierung, Trainings oder Partnerschaften.","twitter_image":"https:\/\/www.isaqb.org\/de\/wp-content\/uploads\/sites\/2\/2026\/04\/iStock-1048398662.jpg","twitter_misc":{"Gesch\u00e4tzte Lesezeit":"1\u00a0Minute"},"schema":{"@context":"https:\/\/schema.org","@graph":[{"@type":"WebPage","@id":"https:\/\/www.isaqb.org\/de\/service\/kontakt\/","url":"https:\/\/www.isaqb.org\/de\/service\/kontakt\/","name":"Kontakt zum iSAQB aufnehmen","isPartOf":{"@id":"https:\/\/www.isaqb.org\/de\/#website"},"datePublished":"2026-03-10T07:44:40+00:00","dateModified":"2026-04-28T16:10:49+00:00","description":"Kontaktieren Sie das iSAQB bei Fragen zu Softwarearchitektur, CPSA-Zertifizierung, Trainings oder Partnerschaften.","breadcrumb":{"@id":"https:\/\/www.isaqb.org\/de\/service\/kontakt\/#breadcrumb"},"inLanguage":"de","potentialAction":[{"@type":"ReadAction","target":["https:\/\/www.isaqb.org\/de\/service\/kontakt\/"]}]},{"@type":"BreadcrumbList","@id":"https:\/\/www.isaqb.org\/de\/service\/kontakt\/#breadcrumb","itemListElement":[{"@type":"ListItem","position":1,"name":"Home","item":"https:\/\/www.isaqb.org\/de\/"},{"@type":"ListItem","position":2,"name":"Service","item":"https:\/\/www.isaqb.org\/de\/service\/"},{"@type":"ListItem","position":3,"name":"Kontakt"}]},{"@type":"WebSite","@id":"https:\/\/www.isaqb.org\/de\/#website","url":"https:\/\/www.isaqb.org\/de\/","name":"iSAQB\u00ae - Offizielle Website","description":"Das International Software Architecture Qualification Board (iSAQB) ist die f\u00fchrende Vereinigung f\u00fcr Training und Zertifizierung in der Software-Architektur","potentialAction":[{"@type":"SearchAction","target":{"@type":"EntryPoint","urlTemplate":"https:\/\/www.isaqb.org\/de\/?s={search_term_string}"},"query-input":{"@type":"PropertyValueSpecification","valueRequired":true,"valueName":"search_term_string"}}],"inLanguage":"de"}]}},"_links":{"self":[{"href":"https:\/\/www.isaqb.org\/de\/wp-json\/wp\/v2\/pages\/621","targetHints":{"allow":["GET"]}}],"collection":[{"href":"https:\/\/www.isaqb.org\/de\/wp-json\/wp\/v2\/pages"}],"about":[{"href":"https:\/\/www.isaqb.org\/de\/wp-json\/wp\/v2\/types\/page"}],"author":[{"embeddable":true,"href":"https:\/\/www.isaqb.org\/de\/wp-json\/wp\/v2\/users\/1"}],"replies":[{"embeddable":true,"href":"https:\/\/www.isaqb.org\/de\/wp-json\/wp\/v2\/comments?post=621"}],"version-history":[{"count":15,"href":"https:\/\/www.isaqb.org\/de\/wp-json\/wp\/v2\/pages\/621\/revisions"}],"predecessor-version":[{"id":2050,"href":"https:\/\/www.isaqb.org\/de\/wp-json\/wp\/v2\/pages\/621\/revisions\/2050"}],"up":[{"embeddable":true,"href":"https:\/\/www.isaqb.org\/de\/wp-json\/wp\/v2\/pages\/60"}],"wp:attachment":[{"href":"https:\/\/www.isaqb.org\/de\/wp-json\/wp\/v2\/media?parent=621"}],"curies":[{"name":"wp","href":"https:\/\/api.w.org\/{rel}","templated":true}]}}