{"id":628,"date":"2026-03-10T07:51:49","date_gmt":"2026-03-10T07:51:49","guid":{"rendered":"https:\/\/www.isaqb.org\/de\/service\/cpsa-glossar\/"},"modified":"2026-04-09T10:17:04","modified_gmt":"2026-04-09T10:17:04","slug":"cpsa-glossar","status":"publish","type":"page","link":"https:\/\/www.isaqb.org\/de\/service\/cpsa-glossar\/","title":{"rendered":"CPSA Glossar"},"content":{"rendered":"\n<h2 class=\"wp-block-heading has-text-align-left has-secondary-font-family has-tl-font-size\" style=\"margin-top:var(--wp--preset--spacing--xxs);margin-right:var(--wp--preset--spacing--md);margin-bottom:var(--wp--preset--spacing--lg);margin-left:var(--wp--preset--spacing--md)\">iSAQB<sup>\u00ae<\/sup> Glossar f\u00fcr Begriffe rund um Softwarearchitektur<\/h2>\n\n\n\n<p id=\"_introduction\">Das iSAQB<sup>\u00ae<\/sup> Glossar f\u00fcr <em>Begriffe rund um Softwarearchitektur<\/em> ist als Hilfsmittel f\u00fcr die Vorbereitung auf die Pr\u00fcfung zum <em>Certified Professional for Software Architecture &#8211; Foundation Level\u00ae<\/em> des iSAQB\u00ae e.&nbsp;V. konzipiert.<\/p>\n\n\n\n<div class=\"wp-block-group has-navy-background-color has-background is-layout-constrained wp-container-core-group-is-layout-03448913 wp-block-group-is-layout-constrained\" style=\"margin-top:var(--wp--preset--spacing--rg);margin-bottom:var(--wp--preset--spacing--rg);padding-top:var(--wp--preset--spacing--rg);padding-right:var(--wp--preset--spacing--xs);padding-bottom:var(--wp--preset--spacing--rg);padding-left:var(--wp--preset--spacing--xs)\">\n<div class=\"wp-block-buttons is-layout-flex wp-block-buttons-is-layout-flex\">\n<div class=\"wp-block-button\"><a class=\"wp-block-button__link wp-element-button\" href=\"https:\/\/public.isaqb.org\/glossary\/glossary-de.html\" target=\"_blank\" rel=\"noreferrer noopener\">iSAQB\u00ae Glossar<\/a><\/div>\n\n\n\n<div class=\"wp-block-button is-style-outline is-style-outline--1\"><a class=\"wp-block-button__link wp-element-button\" href=\"https:\/\/public.isaqb.org\/glossary\/glossary-de.html#section-translations\" target=\"_blank\" rel=\"noreferrer noopener\">\u00dcbersetzungstabellen (Englisch-Deutsch)<\/a><\/div>\n\n\n\n<div class=\"wp-block-button\"><a class=\"wp-block-button__link wp-element-button\" href=\"https:\/\/public.isaqb.org\/glossary\/glossary-de.pdf\" target=\"_blank\" rel=\"noreferrer noopener\">PDF Downloaden<\/a><\/div>\n<\/div>\n<\/div>\n\n\n\n<div class=\"wp-block-group alignfull is-style-border-top-violet has-text-light-background-color has-background is-layout-constrained wp-block-group-is-layout-constrained is-style-border-top-violet--2\" style=\"margin-top:0;margin-bottom:0;padding-top:var(--wp--preset--spacing--xl);padding-bottom:var(--wp--preset--spacing--xxl)\">\n<div class=\"wp-block-group is-layout-constrained wp-container-core-group-is-layout-f36bc466 wp-block-group-is-layout-constrained\">\n<h2 class=\"wp-block-heading has-text-align-left has-orange-color has-text-color has-link-color has-secondary-font-family has-tl-font-size wp-elements-302882ab98bd15add2eef3cb84f5ef4d\" style=\"margin-top:0;margin-bottom:var(--wp--preset--spacing--lg)\">Akkreditierte iSAQB<sup>\u00ae<\/sup>-Partner<\/h2>\n<\/div>\n\n\n<div class=\"block-isaqb-partnershowcase alignfull nopadding\" style=\" height: 348px; background: transparent url('https:\/\/www.isaqb.org\/de\/wp-content\/themes\/isaqbtheme\/assets\/images\/provider_showcase.png') center \/ auto repeat-x;\" >\r\n<\/div>\r\n\t\n\n\n<div class=\"wp-block-group is-layout-constrained wp-container-core-group-is-layout-092dab92 wp-block-group-is-layout-constrained\" style=\"padding-top:var(--wp--preset--spacing--xs)\">\n<p class=\"has-text-align-left\">All unsere Trainings werden durch iSAQB-akkreditierte Trainer:innen und Trainingsprovider durchgef\u00fchrt.<br>Profitieren auch Sie von dieser exzellenten Partnerschaft!<\/p>\n\n\n\n<div class=\"wp-block-buttons is-content-justification-left is-layout-flex wp-container-core-buttons-is-layout-fc4fd283 wp-block-buttons-is-layout-flex\">\n<div class=\"wp-block-button\"><a class=\"wp-block-button__link has-text-light-color has-orange-background-color has-text-color has-background has-link-color wp-element-button\" href=\"https:\/\/www.isaqb.org\/de\/trainings\/akkreditierte-training-provides\/\" style=\"box-shadow:var(--wp--preset--shadow--regular)\">Partner finden<\/a><\/div>\n<\/div>\n<\/div>\n<\/div>\n","protected":false},"excerpt":{"rendered":"<p>iSAQB\u00ae Glossar f\u00fcr Begriffe rund um Softwarearchitektur Das iSAQB\u00ae Glossar f\u00fcr Begriffe rund um Softwarearchitektur ist als Hilfsmittel f\u00fcr die Vorbereitung auf die Pr\u00fcfung zum Certified Professional for Software Architecture &#8211; Foundation Level\u00ae des iSAQB\u00ae e.&nbsp;V. konzipiert.<\/p>\n","protected":false},"author":1,"featured_media":0,"parent":60,"menu_order":0,"comment_status":"closed","ping_status":"closed","template":"","meta":{"_trash_the_other_posts":false,"editor_notices":[],"footnotes":""},"class_list":["post-628","page","type-page","status-publish","hentry"],"_links":{"self":[{"href":"https:\/\/www.isaqb.org\/de\/wp-json\/wp\/v2\/pages\/628","targetHints":{"allow":["GET"]}}],"collection":[{"href":"https:\/\/www.isaqb.org\/de\/wp-json\/wp\/v2\/pages"}],"about":[{"href":"https:\/\/www.isaqb.org\/de\/wp-json\/wp\/v2\/types\/page"}],"author":[{"embeddable":true,"href":"https:\/\/www.isaqb.org\/de\/wp-json\/wp\/v2\/users\/1"}],"replies":[{"embeddable":true,"href":"https:\/\/www.isaqb.org\/de\/wp-json\/wp\/v2\/comments?post=628"}],"version-history":[{"count":8,"href":"https:\/\/www.isaqb.org\/de\/wp-json\/wp\/v2\/pages\/628\/revisions"}],"predecessor-version":[{"id":1858,"href":"https:\/\/www.isaqb.org\/de\/wp-json\/wp\/v2\/pages\/628\/revisions\/1858"}],"up":[{"embeddable":true,"href":"https:\/\/www.isaqb.org\/de\/wp-json\/wp\/v2\/pages\/60"}],"wp:attachment":[{"href":"https:\/\/www.isaqb.org\/de\/wp-json\/wp\/v2\/media?parent=628"}],"curies":[{"name":"wp","href":"https:\/\/api.w.org\/{rel}","templated":true}]}}