
{"id":7802,"date":"2020-08-26T09:56:51","date_gmt":"2020-08-26T07:56:51","guid":{"rendered":"https:\/\/relaunch.isaqb.org\/ueber-uns\/verhaltenskodex\/"},"modified":"2021-08-17T11:53:56","modified_gmt":"2021-08-17T09:53:56","slug":"verhaltenskodex","status":"publish","type":"page","link":"https:\/\/www.isaqb.org\/de\/ueber-uns\/verhaltenskodex\/","title":{"rendered":"Verhal\u00adtens\u00adkodex"},"content":{"rendered":"\n\n\t\t\t<h1>Verhal\u00adtens\u00adkodex <\/h1>\t\t\t\n\t\t\t\t<p>(basierend auf <a href=\"https:\/\/berlincodeofconduct.org\/\" target=\"_blank\" rel=\"noopener\">pdx.rb Code of Conduct<\/a>)<\/p>\n\t\t\t<h2>Zielsetzung<\/h2>\t\t\t\n\t\t\t\t<p>Ein Verhal\u00adtens\u00adkodex hat mehrere Ziele.<\/p>\n<p>Generell m\u00f6chten wir beim iSAQB, dass alle sich ausdr\u00fccken und ihre Meinung sagen k\u00f6nnen. Wir wollen nicht, dass jemand verletzt oder an verlet\u00adzende Ereig\u00adnisse erinnert wird. Personen im techni\u00adschen Bereich sind sich oft nicht bewusst, dass Dinge, die sie zuhause in ihrem t\u00e4glichen Leben tun oder sagen, im Zusam\u00admenhang mit einer gr\u00f6\u00dferen Veran\u00adstaltung oder Gemein\u00adschaft andere verletzen oder belei\u00addigen k\u00f6nnten. Der Verhal\u00adtens\u00adkodex bietet Infor\u00adma\u00adtionen und Richt\u00adlinien daf\u00fcr, wie sich die Menschen verhalten sollten, um diese Ziele zu erreichen.<\/p>\n<p>Ein sekun\u00add\u00e4rer Zweck besteht darin, den Menschen, die sich f\u00fcr das iSAQB inter\u00ades\u00adsieren, eine klare Botschaft zu vermitteln, dass diese Community freundlich und offen ist, insbe\u00adsondere gegen\u00fcber Menschen, die in der Technikwelt unter\u00adre\u00adpr\u00e4\u00adsen\u00adtiert&nbsp;sind.<\/p>\n<p>Schlie\u00dflich soll er Organisator:innen von Veran\u00adstal\u00adtungen und Moderator:innen von iSAQB-bezogenen Bereichen anleiten, wie sie den Verhal\u00adtens\u00adkodex f\u00f6rdern und, wenn n\u00f6tig, durch\u00adsetzen sollten.<\/p>\n<p>Der Zweck des Verhal\u00adtens\u00adkodex ist es&nbsp;<em>NICHT<\/em>, die Meinungs\u00adfreiheit einzu\u00adschr\u00e4nken, soweit diese nicht die Rechte und das Wohlergehen anderer beein\u00adtr\u00e4chtigt oder Menschen aufgrund pers\u00f6n\u00adlicher Feind\u00adse\u00adligkeit aus der Community ausschlie\u00dft.<\/p>\n<p>Dieser Verhal\u00adtens\u00adkodex umrei\u00dft unsere Erwartungen an alle Betei\u00adligten unserer Community sowie die Konse\u00adquenzen f\u00fcr inakzep\u00adtables Verhalten.<\/p>\n<p>Wir laden alle Teilneh\u00admenden unserer Veran\u00adstal\u00adtungen ein, sichere und positive Erfah\u00adrungen f\u00fcr alle mitzugestalten.<\/p>\n\t\t\t<h3>Offene Archi\u00adtektur-Community<\/h3>\t\t\t\n\t\t\t\t<p>Ein zus\u00e4tz\u00adliches Ziel dieses Verhal\u00adtens\u00adkodex ist es, die offene Archi\u00adtektur-Community zu st\u00e4rken. Insofern ermutigen wir unsere Teilneh\u00admenden, die Bezie\u00adhungen zwischen Handlungen und deren Auswir\u00adkungen auf unsere Community zu erkennen und zu st\u00e4rken.<\/p>\n<p>Commu\u00adnities spiegeln die Gesell\u00adschaften wider, in denen sie existieren. Positive Handlungen sind unerl\u00e4sslich, um den vielen Formen von Ungerech\u00adtigkeit und Macht\u00admiss\u00adbrauch in der Gesell\u00adschaft entgegenzuwirken.<\/p>\n<p>Wenn du Personen begegnest, die sich viel M\u00fche geben, unsere Community einladend und freundlich zu gestalten, und alle Teilneh\u00admenden dazu anregen, sich voll einzu\u00adbringen, w\u00fcrden wir gerne davon&nbsp;h\u00f6ren.<\/p>\n\t\t\t<h3>Erwar\u00adtetes Verhalten<\/h3>\t\t\t\n\t\t\t<h3>Inakzep\u00adtables Verhalten<\/h3>\t\t\t\n\t\t\t\t<p>Inakzep\u00adtable Verhal\u00adtens\u00adweisen beinhalten: Einsch\u00fcch\u00adterung, Bel\u00e4s\u00adtigung, belei\u00addi\u00adgende, diskri\u00admi\u00adnie\u00adrende, abwer\u00adtende oder ernied\u00adri\u00adgende Sprache und Verhalten durch jegliche Teilneh\u00admenden in unserer Community. Dies gilt online, auf allen zugeh\u00f6\u00adrigen Veran\u00adstal\u00adtungen und in pers\u00f6n\u00adlichen Gespr\u00e4chen im Rahmen unserer Community.<\/p>\n<p>Bel\u00e4s\u00adtigung beinhaltet: Verlet\u00adzende oder abwer\u00adtende m\u00fcndliche oder schrift\u00adliche Kommentare in Bezug auf Geschlecht, sexuelle Orien\u00adtierung, Abstammung, Religion, Behin\u00adderung; unange\u00admessene Verwendung von Nacktheit und\/oder sexuellem Bildma\u00adterial (inklusive Pr\u00e4sen\u00adta\u00adti\u00adons\u00adfolien); absicht\u00adliche Einsch\u00fcch\u00adterung, Stalking oder Nachlaufen; bel\u00e4s\u00adti\u00adgendes Fotogra\u00adfieren oder Filmen; st\u00e4ndige Unter\u00adbre\u00adchung von Vortr\u00e4gen oder anderen Events; unange\u00admes\u00adsener K\u00f6rper\u00adkontakt und unerw\u00fcnschte sexuelle Zuwendung.<\/p>\n\t\t\t<h3>Folgen von inakzep\u00adtablem Verhalten<\/h3>\t\t\t\n\t\t\t\t<p>Inakzep\u00adtables Verhalten jeglicher Community-Mitglieder, einschlie\u00dflich Sponsoren und Entschei\u00addungs\u00adbe\u00adrech\u00adtigten, wird nicht toleriert. Wird das Unter\u00adlassen inakzep\u00adtablen Verhaltens verlangt, ist dem augen\u00adblicklich Folge zu leisten.<\/p>\n<p>Wenn ein Community-Mitglied sich auf inakzep\u00adtable Art und Weise verh\u00e4lt, steht es den Veran\u00adstal\u00adtenden zu, jegliche ihnen angemessen erschei\u00adnende Ma\u00dfnahme zu ergreifen, bis einschlie\u00dflich einem befris\u00adteten oder perma\u00adnenten Ausschluss aus der Community ohne Warnung (sowie im Falle einer zahlungs\u00adpflich\u00adtigen Veran\u00adstaltung ohne R\u00fcckerstattung von Kosten).<\/p>\n\t\t\t<h3>Wenn du inakzep\u00adtables Verhalten erlebst<\/h3>\t\t\t\n\t\t\t\t<p>Wenn du von inakzep\u00adtablem Verhalten betroffen bist, dieses beobachtest oder andere Anliegen hast, teile dies bitte so bald wie m\u00f6glich einer f\u00fcr die Veran\u00adstaltung verant\u00adwort\u00adlichen Person mit. Zus\u00e4tzlich stehen die Veran\u00adstal\u00adtenden zur Verf\u00fcgung, um sowohl Community-Mitgliedern dabei zu helfen, mit den lokalen Ordnungs- und Straf\u00adver\u00adfol\u00adgungs\u00adkr\u00e4ften in Kontakt zu treten als auch ihr Sicher\u00adheits\u00adgef\u00fchl ander\u00adweitig wieder\u00adher\u00adzu\u00adstellen. Im Rahmen von Veran\u00adstal\u00adtungen mit pers\u00f6n\u00adlicher physi\u00adscher Anwesenheit stellen die Veran\u00adstal\u00adtenden auf Wunsch der betrof\u00adfenen Person auch Begleitung zur Verf\u00fcgung.<\/p>\n\t\t\t<h3>Behandlung von Beschwerden<\/h3>\t\t\t\n\t\t\t\t<p>Wenn du dich zu Unrecht oder auf ungerechte Art und Weise beschuldigt f\u00fchlst, diesen Verhal\u00adtens\u00adkodex verletzt zu haben, wende dich bitte mit einer genauen Beschreibung deiner Beschwerde an eine f\u00fcr die entspre\u00adchende Veran\u00adstaltung verant\u00adwort\u00adliche Person. Deine Beschwerde wird dann in \u00dcberein\u00adstimmung mit unseren vorhan\u00addenen Richt\u00adlinien behandelt.<\/p>\n\t\t\t<h2>Geltungs\u00adbe\u00adreich<\/h2>\t\t\t\n\t\t\t\t<p>Wir erwarten, dass sich alle Teilneh\u00admenden der Community (bezahlte oder unbezahlte Beitra\u00adgende, Sponsoren sowie andere G\u00e4ste) an jedweden Veran\u00adstal\u00adtungs\u00adorten der Community \u2013 online und offline \u2013 sowie in allen pers\u00f6n\u00adlichen Gespr\u00e4chen im Rahmen der Community an diesen Verhal\u00adtens\u00adkodex halten.<\/p>\n\n","protected":false},"excerpt":{"rendered":"<p>Verhal\u00adtens\u00adkodex (basierend auf pdx.rb Code of Conduct) Zielsetzung Ein Verhal\u00adtens\u00adkodex hat mehrere Ziele. Generell m\u00f6chten wir beim iSAQB, dass alle sich ausdr\u00fccken und ihre Meinung sagen k\u00f6nnen. Wir wollen nicht, dass jemand verletzt oder an verlet\u00adzende Ereig\u00adnisse erinnert wird. Personen im techni\u00adschen Bereich sind sich oft nicht bewusst, dass Dinge, die sie zuhause in&nbsp;ihrem\u2026<\/p>\n","protected":false},"author":1,"featured_media":0,"parent":802,"menu_order":4,"comment_status":"closed","ping_status":"closed","template":"","meta":{"wp_typography_post_enhancements_disabled":false},"yoast_head":"<!-- This site is optimized with the Yoast SEO plugin v17.6 - https:\/\/yoast.com\/wordpress\/plugins\/seo\/ -->\n<title>Verhaltenskodex &ndash; iSAQB \u2013 International Software Architecture Qualification Board<\/title>\n<meta name=\"robots\" content=\"index, follow, max-snippet:-1, max-image-preview:large, max-video-preview:-1\" \/>\n<link rel=\"canonical\" href=\"https:\/\/www.isaqb.org\/de\/ueber-uns\/verhaltenskodex\/\" \/>\n<meta property=\"og:locale\" content=\"de_DE\" \/>\n<meta property=\"og:type\" content=\"article\" \/>\n<meta property=\"og:title\" content=\"Verhaltenskodex &ndash; iSAQB \u2013 International Software Architecture Qualification Board\" \/>\n<meta property=\"og:description\" content=\"Verhal\u00adtens\u00adkodex (basierend auf pdx.rb Code of Conduct) Zielsetzung Ein Verhal\u00adtens\u00adkodex hat mehrere Ziele. Generell m\u00f6chten wir beim iSAQB, dass alle sich ausdr\u00fccken und ihre Meinung sagen k\u00f6nnen. Wir wollen nicht, dass jemand verletzt oder an verlet\u00adzende Ereig\u00adnisse erinnert wird. Personen im techni\u00adschen Bereich sind sich oft nicht bewusst, dass Dinge, die sie zuhause in ihrem&hellip;\" \/>\n<meta property=\"og:url\" content=\"https:\/\/www.isaqb.org\/de\/ueber-uns\/verhaltenskodex\/\" \/>\n<meta property=\"og:site_name\" content=\"iSAQB \u2013 International Software Architecture Qualification Board\" \/>\n<meta property=\"article:modified_time\" content=\"2021-08-17T09:53:56+00:00\" \/>\n<meta name=\"twitter:card\" content=\"summary_large_image\" \/>\n<meta name=\"twitter:label1\" content=\"Gesch\u00e4tzte Lesezeit\" \/>\n\t<meta name=\"twitter:data1\" content=\"3 Minuten\" \/>\n<script type=\"application\/ld+json\" class=\"yoast-schema-graph\">{\"@context\":\"https:\/\/schema.org\",\"@graph\":[{\"@type\":\"Organization\",\"@id\":\"https:\/\/www.isaqb.org\/de\/#organization\",\"name\":\"iSAQB\\u00ae - International Software Architecture Qualification Board\",\"url\":\"https:\/\/www.isaqb.org\/de\/\",\"sameAs\":[],\"logo\":{\"@type\":\"ImageObject\",\"@id\":\"https:\/\/www.isaqb.org\/de\/#logo\",\"inLanguage\":\"de-DE\",\"url\":\"https:\/\/www.isaqb.org\/wp-content\/uploads\/2020\/03\/logobig.gif\",\"contentUrl\":\"https:\/\/www.isaqb.org\/wp-content\/uploads\/2020\/03\/logobig.gif\",\"width\":300,\"height\":140,\"caption\":\"iSAQB\\u00ae - International Software Architecture Qualification Board\"},\"image\":{\"@id\":\"https:\/\/www.isaqb.org\/de\/#logo\"}},{\"@type\":\"WebSite\",\"@id\":\"https:\/\/www.isaqb.org\/de\/#website\",\"url\":\"https:\/\/www.isaqb.org\/de\/\",\"name\":\"iSAQB \\u2013 International Software Architecture Qualification Board\",\"description\":\"\",\"publisher\":{\"@id\":\"https:\/\/www.isaqb.org\/de\/#organization\"},\"potentialAction\":[{\"@type\":\"SearchAction\",\"target\":{\"@type\":\"EntryPoint\",\"urlTemplate\":\"https:\/\/www.isaqb.org\/de\/?s={search_term_string}\"},\"query-input\":\"required name=search_term_string\"}],\"inLanguage\":\"de-DE\"},{\"@type\":\"WebPage\",\"@id\":\"https:\/\/www.isaqb.org\/de\/ueber-uns\/verhaltenskodex\/#webpage\",\"url\":\"https:\/\/www.isaqb.org\/de\/ueber-uns\/verhaltenskodex\/\",\"name\":\"Verhaltenskodex &ndash; iSAQB \\u2013 International Software Architecture Qualification Board\",\"isPartOf\":{\"@id\":\"https:\/\/www.isaqb.org\/de\/#website\"},\"datePublished\":\"2020-08-26T07:56:51+00:00\",\"dateModified\":\"2021-08-17T09:53:56+00:00\",\"breadcrumb\":{\"@id\":\"https:\/\/www.isaqb.org\/de\/ueber-uns\/verhaltenskodex\/#breadcrumb\"},\"inLanguage\":\"de-DE\",\"potentialAction\":[{\"@type\":\"ReadAction\",\"target\":[\"https:\/\/www.isaqb.org\/de\/ueber-uns\/verhaltenskodex\/\"]}]},{\"@type\":\"BreadcrumbList\",\"@id\":\"https:\/\/www.isaqb.org\/de\/ueber-uns\/verhaltenskodex\/#breadcrumb\",\"itemListElement\":[{\"@type\":\"ListItem\",\"position\":1,\"name\":\"Home\",\"item\":\"https:\/\/www.isaqb.org\/de\/\"},{\"@type\":\"ListItem\",\"position\":2,\"name\":\"\\u00dcber Uns\",\"item\":\"https:\/\/www.isaqb.org\/de\/ueber-uns\/\"},{\"@type\":\"ListItem\",\"position\":3,\"name\":\"Verhal\\u00adtens\\u00adkodex\"}]}]}<\/script>\n<!-- \/ Yoast SEO plugin. -->","yoast_head_json":{"title":"Verhaltenskodex &ndash; iSAQB \u2013 International Software Architecture Qualification Board","robots":{"index":"index","follow":"follow","max-snippet":"max-snippet:-1","max-image-preview":"max-image-preview:large","max-video-preview":"max-video-preview:-1"},"canonical":"https:\/\/www.isaqb.org\/de\/ueber-uns\/verhaltenskodex\/","og_locale":"de_DE","og_type":"article","og_title":"Verhaltenskodex &ndash; iSAQB \u2013 International Software Architecture Qualification Board","og_description":"Verhal\u00adtens\u00adkodex (basierend auf pdx.rb Code of Conduct) Zielsetzung Ein Verhal\u00adtens\u00adkodex hat mehrere Ziele. Generell m\u00f6chten wir beim iSAQB, dass alle sich ausdr\u00fccken und ihre Meinung sagen k\u00f6nnen. Wir wollen nicht, dass jemand verletzt oder an verlet\u00adzende Ereig\u00adnisse erinnert wird. Personen im techni\u00adschen Bereich sind sich oft nicht bewusst, dass Dinge, die sie zuhause in ihrem&hellip;","og_url":"https:\/\/www.isaqb.org\/de\/ueber-uns\/verhaltenskodex\/","og_site_name":"iSAQB \u2013 International Software Architecture Qualification Board","article_modified_time":"2021-08-17T09:53:56+00:00","twitter_card":"summary_large_image","twitter_misc":{"Gesch\u00e4tzte Lesezeit":"3 Minuten"},"schema":{"@context":"https:\/\/schema.org","@graph":[{"@type":"Organization","@id":"https:\/\/www.isaqb.org\/de\/#organization","name":"iSAQB\u00ae - International Software Architecture Qualification Board","url":"https:\/\/www.isaqb.org\/de\/","sameAs":[],"logo":{"@type":"ImageObject","@id":"https:\/\/www.isaqb.org\/de\/#logo","inLanguage":"de-DE","url":"https:\/\/www.isaqb.org\/wp-content\/uploads\/2020\/03\/logobig.gif","contentUrl":"https:\/\/www.isaqb.org\/wp-content\/uploads\/2020\/03\/logobig.gif","width":300,"height":140,"caption":"iSAQB\u00ae - International Software Architecture Qualification Board"},"image":{"@id":"https:\/\/www.isaqb.org\/de\/#logo"}},{"@type":"WebSite","@id":"https:\/\/www.isaqb.org\/de\/#website","url":"https:\/\/www.isaqb.org\/de\/","name":"iSAQB \u2013 International Software Architecture Qualification Board","description":"","publisher":{"@id":"https:\/\/www.isaqb.org\/de\/#organization"},"potentialAction":[{"@type":"SearchAction","target":{"@type":"EntryPoint","urlTemplate":"https:\/\/www.isaqb.org\/de\/?s={search_term_string}"},"query-input":"required name=search_term_string"}],"inLanguage":"de-DE"},{"@type":"WebPage","@id":"https:\/\/www.isaqb.org\/de\/ueber-uns\/verhaltenskodex\/#webpage","url":"https:\/\/www.isaqb.org\/de\/ueber-uns\/verhaltenskodex\/","name":"Verhaltenskodex &ndash; iSAQB \u2013 International Software Architecture Qualification Board","isPartOf":{"@id":"https:\/\/www.isaqb.org\/de\/#website"},"datePublished":"2020-08-26T07:56:51+00:00","dateModified":"2021-08-17T09:53:56+00:00","breadcrumb":{"@id":"https:\/\/www.isaqb.org\/de\/ueber-uns\/verhaltenskodex\/#breadcrumb"},"inLanguage":"de-DE","potentialAction":[{"@type":"ReadAction","target":["https:\/\/www.isaqb.org\/de\/ueber-uns\/verhaltenskodex\/"]}]},{"@type":"BreadcrumbList","@id":"https:\/\/www.isaqb.org\/de\/ueber-uns\/verhaltenskodex\/#breadcrumb","itemListElement":[{"@type":"ListItem","position":1,"name":"Home","item":"https:\/\/www.isaqb.org\/de\/"},{"@type":"ListItem","position":2,"name":"\u00dcber Uns","item":"https:\/\/www.isaqb.org\/de\/ueber-uns\/"},{"@type":"ListItem","position":3,"name":"Verhal\u00adtens\u00adkodex"}]}]}},"_links":{"self":[{"href":"https:\/\/www.isaqb.org\/de\/wp-json\/wp\/v2\/pages\/7802"}],"collection":[{"href":"https:\/\/www.isaqb.org\/de\/wp-json\/wp\/v2\/pages"}],"about":[{"href":"https:\/\/www.isaqb.org\/de\/wp-json\/wp\/v2\/types\/page"}],"author":[{"embeddable":true,"href":"https:\/\/www.isaqb.org\/de\/wp-json\/wp\/v2\/users\/1"}],"replies":[{"embeddable":true,"href":"https:\/\/www.isaqb.org\/de\/wp-json\/wp\/v2\/comments?post=7802"}],"version-history":[{"count":4,"href":"https:\/\/www.isaqb.org\/de\/wp-json\/wp\/v2\/pages\/7802\/revisions"}],"predecessor-version":[{"id":12713,"href":"https:\/\/www.isaqb.org\/de\/wp-json\/wp\/v2\/pages\/7802\/revisions\/12713"}],"up":[{"embeddable":true,"href":"https:\/\/www.isaqb.org\/de\/wp-json\/wp\/v2\/pages\/802"}],"wp:attachment":[{"href":"https:\/\/www.isaqb.org\/de\/wp-json\/wp\/v2\/media?parent=7802"}],"curies":[{"name":"wp","href":"https:\/\/api.w.org\/{rel}","templated":true}]}}