
{"id":8513,"date":"2020-10-08T09:58:06","date_gmt":"2020-10-08T07:58:06","guid":{"rendered":"https:\/\/relaunch.isaqb.org\/zertifizierungen\/zertifizierungen-uebersicht\/cpsa-advanced-level\/adoc-architekturdokumentation\/"},"modified":"2022-06-02T16:41:56","modified_gmt":"2022-06-02T14:41:56","slug":"adoc-architekturdokumentation","status":"publish","type":"page","link":"https:\/\/www.isaqb.org\/de\/zertifizierungen\/zertifizierungen-uebersicht\/cpsa-advanced-level\/adoc-architekturdokumentation\/","title":{"rendered":"ADOC \u2013 Architekturdokumentation"},"content":{"rendered":"\n<h5>Certified Profes\u00adsional for Software Architecture (CPSA<sup>\u00ae<\/sup>)<\/h5>\n<h1>Das CPSA<sup>\u00ae<\/sup>-Advanced-Level-Modul ADOC \u2013 iSAQB<sup>\u00ae<\/sup>-Training in Architekturdokumentation<\/h1>\n<h5>MODUL ADOC<\/h5>\n<h3>Architektur\u00addokumentation<\/h3>\n<p>Wie dokumen\u00adtiert und kommu\u00adni\u00adziert man Software\u00adar\u00adchi\u00adtek\u00adturen? Der Lehrplan umfasst Inhalte, Vorgehen und Werkzeuge f\u00fcr das zielgrup\u00adpen\u00adge\u00adrechte Festhalten von L\u00f6sungs\u00adan\u00ads\u00e4tzen zu verschie\u00addenen Zeitpunkten im Lebens\u00adzyklus eines Softwaresystems.<\/p>\n<h4>Credit Points f\u00fcr ADOC-Trainingskurse<\/h4>\n<h5>Kompetenz in Technologie<\/h5>\n<h5>TECH<\/h5>\n<p>0<\/p>\n<h5>Kompetenz in Methodik<\/h5>\n<h5>METHOD<\/h5>\n<p>20<\/p>\n<h5>Kompetenz in Kommunikation<\/h5>\n<h5>KOMM<\/h5>\n<p>0<\/p>\n<p>ADOC<\/p>\n<p><img title=\"advanced-level-diagramm-adoc-en\" src=\"https:\/\/www.isaqb.org\/wp-content\/uploads\/2020\/10\/advanced-level-diagramm-adoc-en.png\" alt=\"advanced-level-diagramm-adoc-en\"><\/p>\n<h3>Inhalte des Moduls Architektur\u00addokumentation (ADOC)<\/h3>\n<h3>Wie dokumen\u00adtieren und kommu\u00adni\u00adzieren Software\u00adarchitektInnen Software-Architekturen?<\/h3>\n<p>Software\u00adarchitektInnen stehen in Ihrem Arbeits\u00adalltag wiederholt vor typischen Heraus\u00adfor\u00adde\u00adrungen bei der Erstellung und Pflege techni\u00adscher Dokumen\u00adtation, beispiels\u00adweise der Auswahl geeig\u00adneter Dokumen\u00adta\u00adti\u00adons\u00adstruk\u00adturen, Notationen und Ergeb\u00adnis\u00adtypen, der Behandlung gro\u00dfer Dokumen\u00adta\u00adtionen (insbe\u00adsondere vorhan\u00addener oder veral\u00adteter Dokumen\u00adtation), der Auswahl, Konfi\u00adgu\u00adration und Einf\u00fchrung von Werkzeug\u00adketten oder auch der Versio\u00adnierung von Dokumenten. Die Dokumen\u00adtation in Teams sowie die arbeits\u00adteilige Erstellung und Pflege oder inhalts\u00adbe\u00adzogene und formale Reviews von Dokumen\u00adta\u00adtionen k\u00f6nnen ebenfalls schwierige Aufgaben darstellen, die es zu l\u00f6sen&nbsp;gilt.<\/p>\n<p>Die Advanced-Schulung Architektur\u00addokumentation bietet Software\u00adarchitektInnen neben der ausf\u00fchr\u00adlichen Er\u00f6rterung der Grund\u00adbe\u00adgriffe und Bestand\u00adteile von Software\u00adarchitektur-Dokumen\u00adtation insbe\u00adsondere eine breite Werkzeug\u00adpa\u00adlette zur Durch\u00adf\u00fchrung und Bewertung von Archi\u00adtek\u00adtur\u00addo\u00adku\u00admen\u00adta\u00adtionen und bef\u00e4higt Archi\u00adtek\u00adtInnen, sich den typischen Heraus\u00adfor\u00adde\u00adrungen in der Dokumen\u00adtation erfolg\u00adreich selbst\u00adst\u00e4ndig zu stellen.<\/p>\n<p><a href=\"https:\/\/www.isaqb.org\/de\/zertifizierungen\/zertifizierungen-uebersicht\/cpsa-advanced-level\/adoc-architekturdokumentation\/#faqs\" target=\"_self\" rel=\"noopener\"> ADOC Lehrplan herun\u00adter\u00adladen <\/a> <a href=\"https:\/\/www.isaqb.org\/de\/trainings\/training-finden\/?data-module=adoc#training_filter\" target=\"_self\" rel=\"noopener\"> Finden Sie ein akkre\u00addi\u00adtiertes ADOC Training&nbsp;<\/a><\/p>\n<h1>Blogbei\u00adtr\u00e4ge \u00fcber&nbsp;ADOC<\/h1>\n<p><a title=\"Woran erkennt man gute Zertifikate?\" href=\"https:\/\/www.isaqb.org\/de\/blog\/zertifikat-gefaellig\/\"><img loading=\"lazy\" src=\"https:\/\/www.isaqb.org\/wp-content\/uploads\/2021\/06\/iSAQB-blog-certificate-cover-website-240621-675x395.jpg\" sizes=\"(max-width: 675px) 100vw, 675px\" srcset=\"https:\/\/www.isaqb.org\/wp-content\/uploads\/2021\/06\/iSAQB-blog-certificate-cover-website-240621-675x395.jpg 675w, https:\/\/www.isaqb.org\/wp-content\/uploads\/2021\/06\/iSAQB-blog-certificate-cover-website-240621-300x175.jpg 300w, https:\/\/www.isaqb.org\/wp-content\/uploads\/2021\/06\/iSAQB-blog-certificate-cover-website-240621-1024x599.jpg 1024w, https:\/\/www.isaqb.org\/wp-content\/uploads\/2021\/06\/iSAQB-blog-certificate-cover-website-240621-768x449.jpg 768w, https:\/\/www.isaqb.org\/wp-content\/uploads\/2021\/06\/iSAQB-blog-certificate-cover-website-240621-1536x898.jpg 1536w, https:\/\/www.isaqb.org\/wp-content\/uploads\/2021\/06\/iSAQB-blog-certificate-cover-website-240621-456x267.jpg 456w, https:\/\/www.isaqb.org\/wp-content\/uploads\/2021\/06\/iSAQB-blog-certificate-cover-website-240621-500x292.jpg 500w, https:\/\/www.isaqb.org\/wp-content\/uploads\/2021\/06\/iSAQB-blog-certificate-cover-website-240621.jpg 1625w\" alt=\"iSAQB-blog-how-to-identify-a-good-certificate\" width=\"675\" height=\"395\"><\/a> 25 Jun&nbsp;2021<\/p>\n<h2><a href=\"https:\/\/www.isaqb.org\/de\/blog\/zertifikat-gefaellig\/\"> Woran erkennt man gute Zertifikate?&nbsp;<\/a><\/h2>\n<p>12 Minuten Lesezeit<\/p>\n<p>Einleitung Seit ca. f\u00fcnfzehn Jahren l\u00e4sst sich in der IT ein neuer Trend beobachten: Wir d\u00fcrfen nicht mehr nur lebenslang lernen\u2026<\/p>\n<p><a title=\"Read More\" href=\"https:\/\/www.isaqb.org\/de\/blog\/zertifikat-gefaellig\/\">Read More<\/a> <a title=\"What CPSA\u00ae-Advanced Level Exam Tasks Actually Look&nbsp;Like\" href=\"https:\/\/www.isaqb.org\/de\/blog\/what-cpsa-advanced-level-exam-tasks-actually-look-like\/\"><img loading=\"lazy\" src=\"https:\/\/www.isaqb.org\/wp-content\/uploads\/2021\/05\/iSAQB-blog-CPSA-A-Level-cover-website-200521-675x395.jpg\" sizes=\"(max-width: 675px) 100vw, 675px\" srcset=\"https:\/\/www.isaqb.org\/wp-content\/uploads\/2021\/05\/iSAQB-blog-CPSA-A-Level-cover-website-200521-675x395.jpg 675w, https:\/\/www.isaqb.org\/wp-content\/uploads\/2021\/05\/iSAQB-blog-CPSA-A-Level-cover-website-200521-300x175.jpg 300w, https:\/\/www.isaqb.org\/wp-content\/uploads\/2021\/05\/iSAQB-blog-CPSA-A-Level-cover-website-200521-1024x599.jpg 1024w, https:\/\/www.isaqb.org\/wp-content\/uploads\/2021\/05\/iSAQB-blog-CPSA-A-Level-cover-website-200521-768x449.jpg 768w, https:\/\/www.isaqb.org\/wp-content\/uploads\/2021\/05\/iSAQB-blog-CPSA-A-Level-cover-website-200521-1536x898.jpg 1536w, https:\/\/www.isaqb.org\/wp-content\/uploads\/2021\/05\/iSAQB-blog-CPSA-A-Level-cover-website-200521-456x267.jpg 456w, https:\/\/www.isaqb.org\/wp-content\/uploads\/2021\/05\/iSAQB-blog-CPSA-A-Level-cover-website-200521-500x292.jpg 500w, https:\/\/www.isaqb.org\/wp-content\/uploads\/2021\/05\/iSAQB-blog-CPSA-A-Level-cover-website-200521.jpg 1625w\" alt=\"iSAQB-blog CPSA-A Level\" width=\"675\" height=\"395\"><\/a> 20 Mai&nbsp;2021<\/p>\n<h2><a href=\"https:\/\/www.isaqb.org\/de\/blog\/what-cpsa-advanced-level-exam-tasks-actually-look-like\/\"> What CPSA\u00ae-Advanced Level Exam Tasks Actually Look&nbsp;Like&nbsp;<\/a><\/h2>\n<p>10 Minuten Lesezeit | editorial work by <a href=\"https:\/\/www.isaqb.org\/de\/person\/stefan-zoerner\/\" target=\"_blank\" rel=\"noopener\">Stefan Z\u00f6rner<\/a><\/p>\n<p>This blog post answers the most important questions about the written part of the iSAQB Advanced Level&nbsp;exam.\u2026<\/p>\n<p><a title=\"Read More\" href=\"https:\/\/www.isaqb.org\/de\/blog\/what-cpsa-advanced-level-exam-tasks-actually-look-like\/\">Read More<\/a><\/p>\n<h2>Zus\u00e4tz\u00adliche Informationen<\/h2>\n<h3>Fragen &amp; Antworten<\/h3>\n<p><a role=\"button\" href=\"https:\/\/www.isaqb.org\/de\/fragen-antworten\/\" target=\"_self\" rel=\"noopener\"> Zu allen&nbsp;FAQs&nbsp;<\/a><\/p>\n<h3>Downloads<\/h3>\n<p><a role=\"button\" href=\"https:\/\/www.isaqb.org\/de\/downloads\/\" target=\"_self\" rel=\"noopener\"> Zu allen Downloads&nbsp;<\/a><\/p>\n","protected":false},"excerpt":{"rendered":"<p>Certified Profes\u00adsional for Software Architecture (CPSA\u00ae) Das CPSA\u00ae-Advanced-Level-Modul ADOC \u2013 iSAQB\u00ae-Training in Architektur\u00addokumentation MODUL ADOC Architektur\u00addokumentation Wie dokumen\u00adtiert und kommu\u00adni\u00adziert man Software\u00adar\u00adchi\u00adtek\u00adturen? Der Lehrplan umfasst Inhalte, Vorgehen und Werkzeuge f\u00fcr das zielgrup\u00adpen\u00adge\u00adrechte Festhalten von L\u00f6sungs\u00adan\u00ads\u00e4tzen zu verschie\u00addenen Zeitpunkten im Lebens\u00adzyklus eines Software\u00adsystems. Credit Points f\u00fcr ADOC-Trainings\u00adkurse Kompetenz in Techno\u00adlogie TECH 0 Kompetenz in Methodik METHOD\u2026<\/p>\n","protected":false},"author":1,"featured_media":0,"parent":7871,"menu_order":0,"comment_status":"closed","ping_status":"closed","template":"","meta":{"wp_typography_post_enhancements_disabled":false},"yoast_head":"<!-- This site is optimized with the Yoast SEO plugin v17.6 - https:\/\/yoast.com\/wordpress\/plugins\/seo\/ -->\n<title>iSAQB CPSA-Advanced-Training: Software-Architektur-Dokumentation<\/title>\n<meta name=\"description\" content=\"Certified Professional for Software Architecture: CPSA-Advanced-Modul ADOC \u25ba iSAQB-Training in Software-Architektur-Dokumentation! \u25ba Jetzt anmelden!\" \/>\n<meta name=\"robots\" content=\"index, follow, max-snippet:-1, max-image-preview:large, max-video-preview:-1\" \/>\n<link rel=\"canonical\" href=\"https:\/\/www.isaqb.org\/de\/zertifizierungen\/zertifizierungen-uebersicht\/cpsa-advanced-level\/adoc-architekturdokumentation\/\" \/>\n<meta property=\"og:locale\" content=\"de_DE\" \/>\n<meta property=\"og:type\" content=\"article\" \/>\n<meta property=\"og:title\" content=\"iSAQB CPSA-Advanced-Training: Software-Architektur-Dokumentation\" \/>\n<meta property=\"og:description\" content=\"Certified Professional for Software Architecture: CPSA-Advanced-Modul ADOC \u25ba iSAQB-Training in Software-Architektur-Dokumentation! \u25ba Jetzt anmelden!\" \/>\n<meta property=\"og:url\" content=\"https:\/\/www.isaqb.org\/de\/zertifizierungen\/zertifizierungen-uebersicht\/cpsa-advanced-level\/adoc-architekturdokumentation\/\" \/>\n<meta property=\"og:site_name\" content=\"iSAQB \u2013 International Software Architecture Qualification Board\" \/>\n<meta property=\"article:modified_time\" content=\"2022-06-02T14:41:56+00:00\" \/>\n<meta property=\"og:image\" content=\"https:\/\/www.isaqb.org\/wp-content\/uploads\/2020\/10\/advanced-level-diagramm-adoc-en.png\" \/>\n<meta name=\"twitter:card\" content=\"summary_large_image\" \/>\n<meta name=\"twitter:label1\" content=\"Gesch\u00e4tzte Lesezeit\" \/>\n\t<meta name=\"twitter:data1\" content=\"1 Minute\" \/>\n<script type=\"application\/ld+json\" class=\"yoast-schema-graph\">{\"@context\":\"https:\/\/schema.org\",\"@graph\":[{\"@type\":\"Organization\",\"@id\":\"https:\/\/www.isaqb.org\/de\/#organization\",\"name\":\"iSAQB\\u00ae - International Software Architecture Qualification Board\",\"url\":\"https:\/\/www.isaqb.org\/de\/\",\"sameAs\":[],\"logo\":{\"@type\":\"ImageObject\",\"@id\":\"https:\/\/www.isaqb.org\/de\/#logo\",\"inLanguage\":\"de-DE\",\"url\":\"https:\/\/www.isaqb.org\/wp-content\/uploads\/2020\/03\/logobig.gif\",\"contentUrl\":\"https:\/\/www.isaqb.org\/wp-content\/uploads\/2020\/03\/logobig.gif\",\"width\":300,\"height\":140,\"caption\":\"iSAQB\\u00ae - International Software Architecture Qualification Board\"},\"image\":{\"@id\":\"https:\/\/www.isaqb.org\/de\/#logo\"}},{\"@type\":\"WebSite\",\"@id\":\"https:\/\/www.isaqb.org\/de\/#website\",\"url\":\"https:\/\/www.isaqb.org\/de\/\",\"name\":\"iSAQB \\u2013 International Software Architecture Qualification Board\",\"description\":\"\",\"publisher\":{\"@id\":\"https:\/\/www.isaqb.org\/de\/#organization\"},\"potentialAction\":[{\"@type\":\"SearchAction\",\"target\":{\"@type\":\"EntryPoint\",\"urlTemplate\":\"https:\/\/www.isaqb.org\/de\/?s={search_term_string}\"},\"query-input\":\"required name=search_term_string\"}],\"inLanguage\":\"de-DE\"},{\"@type\":\"ImageObject\",\"@id\":\"https:\/\/www.isaqb.org\/de\/zertifizierungen\/zertifizierungen-uebersicht\/cpsa-advanced-level\/adoc-architekturdokumentation\/#primaryimage\",\"inLanguage\":\"de-DE\",\"url\":\"https:\/\/www.isaqb.org\/wp-content\/uploads\/2020\/10\/advanced-level-diagramm-adoc-en.png\",\"contentUrl\":\"https:\/\/www.isaqb.org\/wp-content\/uploads\/2020\/10\/advanced-level-diagramm-adoc-en.png\",\"width\":500,\"height\":312},{\"@type\":\"WebPage\",\"@id\":\"https:\/\/www.isaqb.org\/de\/zertifizierungen\/zertifizierungen-uebersicht\/cpsa-advanced-level\/adoc-architekturdokumentation\/#webpage\",\"url\":\"https:\/\/www.isaqb.org\/de\/zertifizierungen\/zertifizierungen-uebersicht\/cpsa-advanced-level\/adoc-architekturdokumentation\/\",\"name\":\"iSAQB CPSA-Advanced-Training: Software-Architektur-Dokumentation\",\"isPartOf\":{\"@id\":\"https:\/\/www.isaqb.org\/de\/#website\"},\"primaryImageOfPage\":{\"@id\":\"https:\/\/www.isaqb.org\/de\/zertifizierungen\/zertifizierungen-uebersicht\/cpsa-advanced-level\/adoc-architekturdokumentation\/#primaryimage\"},\"datePublished\":\"2020-10-08T07:58:06+00:00\",\"dateModified\":\"2022-06-02T14:41:56+00:00\",\"description\":\"Certified Professional for Software Architecture: CPSA-Advanced-Modul ADOC \\u25ba iSAQB-Training in Software-Architektur-Dokumentation! \\u25ba Jetzt anmelden!\",\"breadcrumb\":{\"@id\":\"https:\/\/www.isaqb.org\/de\/zertifizierungen\/zertifizierungen-uebersicht\/cpsa-advanced-level\/adoc-architekturdokumentation\/#breadcrumb\"},\"inLanguage\":\"de-DE\",\"potentialAction\":[{\"@type\":\"ReadAction\",\"target\":[\"https:\/\/www.isaqb.org\/de\/zertifizierungen\/zertifizierungen-uebersicht\/cpsa-advanced-level\/adoc-architekturdokumentation\/\"]}]},{\"@type\":\"BreadcrumbList\",\"@id\":\"https:\/\/www.isaqb.org\/de\/zertifizierungen\/zertifizierungen-uebersicht\/cpsa-advanced-level\/adoc-architekturdokumentation\/#breadcrumb\",\"itemListElement\":[{\"@type\":\"ListItem\",\"position\":1,\"name\":\"Home\",\"item\":\"https:\/\/www.isaqb.org\/de\/\"},{\"@type\":\"ListItem\",\"position\":2,\"name\":\"Zerti\\u00adfi\\u00adzie\\u00adrungen\",\"item\":\"https:\/\/www.isaqb.org\/de\/zertifizierungen\/\"},{\"@type\":\"ListItem\",\"position\":3,\"name\":\"Zerti\\u00adfi\\u00adzie\\u00adrungen \\u00dcbersicht\",\"item\":\"https:\/\/www.isaqb.org\/de\/zertifizierungen\/zertifizierungen-uebersicht\/\"},{\"@type\":\"ListItem\",\"position\":4,\"name\":\"CPSA-Advanced Level\",\"item\":\"https:\/\/www.isaqb.org\/de\/zertifizierungen\/zertifizierungen-uebersicht\/cpsa-advanced-level\/\"},{\"@type\":\"ListItem\",\"position\":5,\"name\":\"ADOC \\u2013 Architekturdokumentation\"}]}]}<\/script>\n<!-- \/ Yoast SEO plugin. -->","yoast_head_json":{"title":"iSAQB CPSA-Advanced-Training: Software-Architektur-Dokumentation","description":"Certified Professional for Software Architecture: CPSA-Advanced-Modul ADOC \u25ba iSAQB-Training in Software-Architektur-Dokumentation! \u25ba Jetzt anmelden!","robots":{"index":"index","follow":"follow","max-snippet":"max-snippet:-1","max-image-preview":"max-image-preview:large","max-video-preview":"max-video-preview:-1"},"canonical":"https:\/\/www.isaqb.org\/de\/zertifizierungen\/zertifizierungen-uebersicht\/cpsa-advanced-level\/adoc-architekturdokumentation\/","og_locale":"de_DE","og_type":"article","og_title":"iSAQB CPSA-Advanced-Training: Software-Architektur-Dokumentation","og_description":"Certified Professional for Software Architecture: CPSA-Advanced-Modul ADOC \u25ba iSAQB-Training in Software-Architektur-Dokumentation! \u25ba Jetzt anmelden!","og_url":"https:\/\/www.isaqb.org\/de\/zertifizierungen\/zertifizierungen-uebersicht\/cpsa-advanced-level\/adoc-architekturdokumentation\/","og_site_name":"iSAQB \u2013 International Software Architecture Qualification Board","article_modified_time":"2022-06-02T14:41:56+00:00","og_image":[{"url":"https:\/\/www.isaqb.org\/wp-content\/uploads\/2020\/10\/advanced-level-diagramm-adoc-en.png"}],"twitter_card":"summary_large_image","twitter_misc":{"Gesch\u00e4tzte Lesezeit":"1 Minute"},"schema":{"@context":"https:\/\/schema.org","@graph":[{"@type":"Organization","@id":"https:\/\/www.isaqb.org\/de\/#organization","name":"iSAQB\u00ae - International Software Architecture Qualification Board","url":"https:\/\/www.isaqb.org\/de\/","sameAs":[],"logo":{"@type":"ImageObject","@id":"https:\/\/www.isaqb.org\/de\/#logo","inLanguage":"de-DE","url":"https:\/\/www.isaqb.org\/wp-content\/uploads\/2020\/03\/logobig.gif","contentUrl":"https:\/\/www.isaqb.org\/wp-content\/uploads\/2020\/03\/logobig.gif","width":300,"height":140,"caption":"iSAQB\u00ae - International Software Architecture Qualification Board"},"image":{"@id":"https:\/\/www.isaqb.org\/de\/#logo"}},{"@type":"WebSite","@id":"https:\/\/www.isaqb.org\/de\/#website","url":"https:\/\/www.isaqb.org\/de\/","name":"iSAQB \u2013 International Software Architecture Qualification Board","description":"","publisher":{"@id":"https:\/\/www.isaqb.org\/de\/#organization"},"potentialAction":[{"@type":"SearchAction","target":{"@type":"EntryPoint","urlTemplate":"https:\/\/www.isaqb.org\/de\/?s={search_term_string}"},"query-input":"required name=search_term_string"}],"inLanguage":"de-DE"},{"@type":"ImageObject","@id":"https:\/\/www.isaqb.org\/de\/zertifizierungen\/zertifizierungen-uebersicht\/cpsa-advanced-level\/adoc-architekturdokumentation\/#primaryimage","inLanguage":"de-DE","url":"https:\/\/www.isaqb.org\/wp-content\/uploads\/2020\/10\/advanced-level-diagramm-adoc-en.png","contentUrl":"https:\/\/www.isaqb.org\/wp-content\/uploads\/2020\/10\/advanced-level-diagramm-adoc-en.png","width":500,"height":312},{"@type":"WebPage","@id":"https:\/\/www.isaqb.org\/de\/zertifizierungen\/zertifizierungen-uebersicht\/cpsa-advanced-level\/adoc-architekturdokumentation\/#webpage","url":"https:\/\/www.isaqb.org\/de\/zertifizierungen\/zertifizierungen-uebersicht\/cpsa-advanced-level\/adoc-architekturdokumentation\/","name":"iSAQB CPSA-Advanced-Training: Software-Architektur-Dokumentation","isPartOf":{"@id":"https:\/\/www.isaqb.org\/de\/#website"},"primaryImageOfPage":{"@id":"https:\/\/www.isaqb.org\/de\/zertifizierungen\/zertifizierungen-uebersicht\/cpsa-advanced-level\/adoc-architekturdokumentation\/#primaryimage"},"datePublished":"2020-10-08T07:58:06+00:00","dateModified":"2022-06-02T14:41:56+00:00","description":"Certified Professional for Software Architecture: CPSA-Advanced-Modul ADOC \u25ba iSAQB-Training in Software-Architektur-Dokumentation! \u25ba Jetzt anmelden!","breadcrumb":{"@id":"https:\/\/www.isaqb.org\/de\/zertifizierungen\/zertifizierungen-uebersicht\/cpsa-advanced-level\/adoc-architekturdokumentation\/#breadcrumb"},"inLanguage":"de-DE","potentialAction":[{"@type":"ReadAction","target":["https:\/\/www.isaqb.org\/de\/zertifizierungen\/zertifizierungen-uebersicht\/cpsa-advanced-level\/adoc-architekturdokumentation\/"]}]},{"@type":"BreadcrumbList","@id":"https:\/\/www.isaqb.org\/de\/zertifizierungen\/zertifizierungen-uebersicht\/cpsa-advanced-level\/adoc-architekturdokumentation\/#breadcrumb","itemListElement":[{"@type":"ListItem","position":1,"name":"Home","item":"https:\/\/www.isaqb.org\/de\/"},{"@type":"ListItem","position":2,"name":"Zerti\u00adfi\u00adzie\u00adrungen","item":"https:\/\/www.isaqb.org\/de\/zertifizierungen\/"},{"@type":"ListItem","position":3,"name":"Zerti\u00adfi\u00adzie\u00adrungen \u00dcbersicht","item":"https:\/\/www.isaqb.org\/de\/zertifizierungen\/zertifizierungen-uebersicht\/"},{"@type":"ListItem","position":4,"name":"CPSA-Advanced Level","item":"https:\/\/www.isaqb.org\/de\/zertifizierungen\/zertifizierungen-uebersicht\/cpsa-advanced-level\/"},{"@type":"ListItem","position":5,"name":"ADOC \u2013 Architekturdokumentation"}]}]}},"_links":{"self":[{"href":"https:\/\/www.isaqb.org\/de\/wp-json\/wp\/v2\/pages\/8513"}],"collection":[{"href":"https:\/\/www.isaqb.org\/de\/wp-json\/wp\/v2\/pages"}],"about":[{"href":"https:\/\/www.isaqb.org\/de\/wp-json\/wp\/v2\/types\/page"}],"author":[{"embeddable":true,"href":"https:\/\/www.isaqb.org\/de\/wp-json\/wp\/v2\/users\/1"}],"replies":[{"embeddable":true,"href":"https:\/\/www.isaqb.org\/de\/wp-json\/wp\/v2\/comments?post=8513"}],"version-history":[{"count":11,"href":"https:\/\/www.isaqb.org\/de\/wp-json\/wp\/v2\/pages\/8513\/revisions"}],"predecessor-version":[{"id":14878,"href":"https:\/\/www.isaqb.org\/de\/wp-json\/wp\/v2\/pages\/8513\/revisions\/14878"}],"up":[{"embeddable":true,"href":"https:\/\/www.isaqb.org\/de\/wp-json\/wp\/v2\/pages\/7871"}],"wp:attachment":[{"href":"https:\/\/www.isaqb.org\/de\/wp-json\/wp\/v2\/media?parent=8513"}],"curies":[{"name":"wp","href":"https:\/\/api.w.org\/{rel}","templated":true}]}}